{"id":22890,"date":"2024-11-14T23:39:42","date_gmt":"2024-11-14T23:39:42","guid":{"rendered":"https:\/\/www.maag-polska.pl\/%d0%bf%d0%be%d1%88%d0%b8%d1%80%d0%b5%d0%bd%d1%96-%d0%b7%d0%b0%d0%bf%d0%b8%d1%82%d0%b0%d0%bd%d0%bd%d1%8f\/"},"modified":"2025-04-08T10:38:30","modified_gmt":"2025-04-08T10:38:30","slug":"%d0%bf%d0%be%d1%88%d0%b8%d1%80%d0%b5%d0%bd%d1%96-%d0%b7%d0%b0%d0%bf%d0%b8%d1%82%d0%b0%d0%bd%d0%bd%d1%8f","status":"publish","type":"page","link":"https:\/\/www.maag-polska.pl\/uk\/%d0%bf%d0%be%d1%88%d0%b8%d1%80%d0%b5%d0%bd%d1%96-%d0%b7%d0%b0%d0%bf%d0%b8%d1%82%d0%b0%d0%bd%d0%bd%d1%8f\/","title":{"rendered":"\u041f\u041e\u0428\u0418\u0420\u0415\u041d\u0406 \u0417\u0410\u041f\u0418\u0422\u0410\u041d\u041d\u042f"},"content":{"rendered":"\t\t<div data-elementor-type=\"wp-page\" data-elementor-id=\"22890\" class=\"elementor elementor-22890 elementor-5195\" data-elementor-post-type=\"page\">\n\t\t\t\t<div class=\"elementor-element elementor-element-4f4cac0 e-con-full e-flex e-con e-parent\" data-id=\"4f4cac0\" data-element_type=\"container\" data-e-type=\"container\" data-settings=\"{&quot;background_background&quot;:&quot;classic&quot;,&quot;enable_glow_container&quot;:&quot;no&quot;}\">\n\t\t<div class=\"elementor-element elementor-element-07a236b e-con-full e-flex e-con e-child\" data-id=\"07a236b\" data-element_type=\"container\" data-e-type=\"container\" data-settings=\"{&quot;enable_glow_container&quot;:&quot;no&quot;}\">\n\t\t<div class=\"elementor-element elementor-element-b7fbce5 e-con-full e-flex e-con e-child\" data-id=\"b7fbce5\" data-element_type=\"container\" data-e-type=\"container\" data-settings=\"{&quot;cew_animation_ease&quot;:&quot;cubic-bezier(0.33, 1, 0.68, 1)&quot;,&quot;cew_animation_enable&quot;:&quot;yes&quot;,&quot;cew_animation_translate_y_toggle&quot;:&quot;yes&quot;,&quot;cew_animation_from_translate_y&quot;:{&quot;unit&quot;:&quot;vw&quot;,&quot;size&quot;:5,&quot;sizes&quot;:[]},&quot;cew_animation_from_translate_y_tablet&quot;:{&quot;unit&quot;:&quot;vw&quot;,&quot;size&quot;:&quot;&quot;,&quot;sizes&quot;:[]},&quot;cew_animation_from_translate_y_mobile&quot;:{&quot;unit&quot;:&quot;vw&quot;,&quot;size&quot;:&quot;&quot;,&quot;sizes&quot;:[]},&quot;cew_animation_to_translate_y&quot;:{&quot;unit&quot;:&quot;vw&quot;,&quot;size&quot;:&quot;&quot;,&quot;sizes&quot;:[]},&quot;cew_animation_to_translate_y_tablet&quot;:{&quot;unit&quot;:&quot;vw&quot;,&quot;size&quot;:&quot;&quot;,&quot;sizes&quot;:[]},&quot;cew_animation_to_translate_y_mobile&quot;:{&quot;unit&quot;:&quot;vw&quot;,&quot;size&quot;:&quot;&quot;,&quot;sizes&quot;:[]},&quot;cew_animation_opacity_toggle&quot;:&quot;yes&quot;,&quot;enable_glow_container&quot;:&quot;no&quot;,&quot;cew_animation_duration&quot;:1,&quot;cew_animation_delay&quot;:0,&quot;cew_animation_from_opacity&quot;:0,&quot;cew_animation_to_opacity&quot;:1}\">\n\t\t\t\t<div class=\"elementor-element elementor-element-d54eeeb elementor-widget elementor-widget-heading\" data-id=\"d54eeeb\" data-element_type=\"widget\" data-e-type=\"widget\" data-settings=\"{&quot;custom-text-animation&quot;:&quot;type3&quot;,&quot;disable_animation_on_mobile&quot;:&quot;no&quot;}\" data-widget_type=\"heading.default\">\n\t\t\t\t<div class=\"elementor-widget-container\">\n\t\t\t\t\t<div data-animation-type=\"type3\" ><h1 class=\"elementor-heading-title elementor-size-default\"><b>FAQ: \u043f\u043e\u0448\u0438\u0440\u0435\u043d\u0456 \u0437\u0430\u043f\u0438\u0442\u0430\u043d\u043d\u044f<\/b><\/h1><\/div>\t\t\t\t<\/div>\n\t\t\t\t<\/div>\n\t\t\t\t<div class=\"elementor-element elementor-element-35b2a81 elementor-widget elementor-widget-text-editor\" data-id=\"35b2a81\" data-element_type=\"widget\" data-e-type=\"widget\" data-widget_type=\"text-editor.default\">\n\t\t\t\t<div class=\"elementor-widget-container\">\n\t\t\t\t\t\t\t\t\t<p>\u0422\u0443\u0442 \u0432\u0438 \u0437\u043d\u0430\u0439\u0434\u0435\u0442\u0435 \u0432\u0456\u0434\u043f\u043e\u0432\u0456\u0434\u0456 \u043d\u0430 \u043d\u0430\u0439\u043f\u043e\u0448\u0438\u0440\u0435\u043d\u0456\u0448\u0456 \u0437\u0430\u043f\u0438\u0442\u0430\u043d\u043d\u044f \u043d\u0430\u0448\u0438\u0445 \u043a\u043b\u0456\u0454\u043d\u0442\u0456\u0432. \u0423 \u0432\u0430\u0441 \u0454 \u0456\u043d\u0448\u0456 \u0437\u0430\u043f\u0438\u0442\u0430\u043d\u043d\u044f? \u041d\u0430\u043f\u0438\u0448\u0456\u0442\u044c \u043d\u0430\u043c.  <\/p>\t\t\t\t\t\t\t\t<\/div>\n\t\t\t\t<\/div>\n\t\t<div class=\"elementor-element elementor-element-6d5850a e-con-full e-flex e-con e-child\" data-id=\"6d5850a\" data-element_type=\"container\" data-e-type=\"container\" data-settings=\"{&quot;enable_glow_container&quot;:&quot;no&quot;}\">\n\t\t\t\t<div class=\"elementor-element elementor-element-43b70c4 elementor-widget elementor-widget-html\" data-id=\"43b70c4\" data-element_type=\"widget\" data-e-type=\"widget\" data-widget_type=\"html.default\">\n\t\t\t\t<div class=\"elementor-widget-container\">\n\t\t\t\t\t<a class=\"hero-mouse anchor\" href=\"#CHANGEME\">\n  <div class=\"mouse-icon\"><span><\/span><\/div>\n<\/a>\t\t\t\t<\/div>\n\t\t\t\t<\/div>\n\t\t\t\t<div class=\"elementor-element elementor-element-0755f07 elementor-hidden-mobile elementor-widget elementor-widget-heading\" data-id=\"0755f07\" data-element_type=\"widget\" data-e-type=\"widget\" data-widget_type=\"heading.default\">\n\t\t\t\t<div class=\"elementor-widget-container\">\n\t\t\t\t\t<p class=\"elementor-heading-title elementor-size-default\">\u041f\u0440\u043e\u043a\u0440\u0443\u0442\u0456\u0442\u044c \u0432\u043d\u0438\u0437, \u0449\u043e\u0431 \u0434\u0456\u0437\u043d\u0430\u0442\u0438\u0441\u044f \u0431\u0456\u043b\u044c\u0448\u0435<\/p>\t\t\t\t<\/div>\n\t\t\t\t<\/div>\n\t\t\t\t<\/div>\n\t\t\t\t<\/div>\n\t\t\t\t<\/div>\n\t\t<div class=\"elementor-element elementor-element-8f94d46 e-con-full e-flex e-con e-child\" data-id=\"8f94d46\" data-element_type=\"container\" data-e-type=\"container\" data-settings=\"{&quot;background_background&quot;:&quot;classic&quot;,&quot;cew_animation_ease&quot;:&quot;cubic-bezier(0.33, 1, 0.68, 1)&quot;,&quot;cew_animation_enable&quot;:&quot;yes&quot;,&quot;cew_animation_delay&quot;:0.2,&quot;cew_animation_translate_y_toggle&quot;:&quot;yes&quot;,&quot;cew_animation_from_translate_y&quot;:{&quot;unit&quot;:&quot;vw&quot;,&quot;size&quot;:4,&quot;sizes&quot;:[]},&quot;cew_animation_from_translate_y_tablet&quot;:{&quot;unit&quot;:&quot;vw&quot;,&quot;size&quot;:&quot;&quot;,&quot;sizes&quot;:[]},&quot;cew_animation_from_translate_y_mobile&quot;:{&quot;unit&quot;:&quot;vw&quot;,&quot;size&quot;:&quot;&quot;,&quot;sizes&quot;:[]},&quot;cew_animation_opacity_toggle&quot;:&quot;yes&quot;,&quot;enable_glow_container&quot;:&quot;no&quot;,&quot;cew_animation_duration&quot;:1,&quot;cew_animation_to_translate_y&quot;:{&quot;unit&quot;:&quot;%&quot;,&quot;size&quot;:0,&quot;sizes&quot;:[]},&quot;cew_animation_to_translate_y_tablet&quot;:{&quot;unit&quot;:&quot;px&quot;,&quot;size&quot;:&quot;&quot;,&quot;sizes&quot;:[]},&quot;cew_animation_to_translate_y_mobile&quot;:{&quot;unit&quot;:&quot;px&quot;,&quot;size&quot;:&quot;&quot;,&quot;sizes&quot;:[]},&quot;cew_animation_from_opacity&quot;:0,&quot;cew_animation_to_opacity&quot;:1}\">\n\t\t\t\t<div class=\"elementor-element elementor-element-cc6cc54 elementor-widget elementor-widget-image\" data-id=\"cc6cc54\" data-element_type=\"widget\" data-e-type=\"widget\" data-widget_type=\"image.default\">\n\t\t\t\t<div class=\"elementor-widget-container\">\n\t\t\t\t\t\t\t\t\t\t\t\t\t\t\t<img fetchpriority=\"high\" decoding=\"async\" width=\"800\" height=\"593\" src=\"https:\/\/www.maag-polska.pl\/wp-content\/uploads\/2024\/11\/faq-1024x759.jpg\" class=\"attachment-large size-large wp-image-22891\" alt=\"\" srcset=\"https:\/\/www.maag-polska.pl\/wp-content\/uploads\/2024\/11\/faq-1024x759.jpg 1024w, https:\/\/www.maag-polska.pl\/wp-content\/uploads\/2024\/11\/faq-600x444.jpg 600w, https:\/\/www.maag-polska.pl\/wp-content\/uploads\/2024\/11\/faq-300x222.jpg 300w, https:\/\/www.maag-polska.pl\/wp-content\/uploads\/2024\/11\/faq-768x569.jpg 768w, https:\/\/www.maag-polska.pl\/wp-content\/uploads\/2024\/11\/faq.jpg 1350w\" sizes=\"(max-width: 800px) 100vw, 800px\" \/>\t\t\t\t\t\t\t\t\t\t\t\t\t\t\t<\/div>\n\t\t\t\t<\/div>\n\t\t\t\t<\/div>\n\t\t\t\t<\/div>\n\t\t<div class=\"elementor-element elementor-element-88d7c7a e-con-full e-flex e-con e-parent\" data-id=\"88d7c7a\" data-element_type=\"container\" data-e-type=\"container\" data-settings=\"{&quot;enable_glow_container&quot;:&quot;no&quot;}\">\n\t\t\t\t<div class=\"elementor-element elementor-element-f0c564d elementor-widget elementor-widget-heading\" data-id=\"f0c564d\" data-element_type=\"widget\" data-e-type=\"widget\" data-widget_type=\"heading.default\">\n\t\t\t\t<div class=\"elementor-widget-container\">\n\t\t\t\t\t<div data-scribble-type=\"circle\" class=\"cew-scribble-text\"><h2 class=\"elementor-heading-title elementor-size-default\"><b>\u041f\u043e\u0448\u0438\u0440\u0435\u043d\u0456 \u0437\u0430\u043f\u0438\u0442\u0430\u043d\u043d\u044f<\/b><\/h2><\/div>\t\t\t\t<\/div>\n\t\t\t\t<\/div>\n\t\t<div class=\"elementor-element elementor-element-b67afbf e-con-full e-flex e-con e-child\" data-id=\"b67afbf\" data-element_type=\"container\" data-e-type=\"container\" data-settings=\"{&quot;enable_glow_container&quot;:&quot;no&quot;}\">\n\t\t\t\t<div class=\"elementor-element elementor-element-eff52e8 elementor-widget elementor-widget-CEW-faq-id\" data-id=\"eff52e8\" data-element_type=\"widget\" data-e-type=\"widget\" data-widget_type=\"CEW-faq-id.default\">\n\t\t\t\t<div class=\"elementor-widget-container\">\n\t\t\t\t\t<div class=\"cew_faq\">\n              <div class=\"faq_item\">\n            <div class=\"white\"><\/div>\n            <div class=\"faq_question\">\n                <p>\u0427\u043e\u043c\u0443 \u044f \u043f\u043e\u0432\u0438\u043d\u0435\u043d \u0432\u0438\u0431\u0438\u0440\u0430\u0442\u0438 \u043a\u0440\u0430\u0439\u043a\u0438 \u0437 \u041f\u0412\u0425, \u0430 \u043d\u0435 \u043a\u0440\u0430\u0439\u043a\u0438 \u0437 \u0456\u043d\u0448\u0438\u0445 \u043c\u0430\u0442\u0435\u0440\u0456\u0430\u043b\u0456\u0432?<\/p>\n                <div>\n                    <div class=\"animated_text\">\n                        <div><\/div>\n                    <\/div>\n                <\/div>\n            <\/div>\n            <div class=\"faq_answer\">\n                <p>\u041a\u0440\u043e\u043c\u043a\u0438 \u0437 \u041f\u0412\u0425 \u0432\u0438\u0440\u043e\u0431\u043d\u0438\u0446\u0442\u0432\u0430 MAAG Polska \u0445\u0430\u0440\u0430\u043a\u0442\u0435\u0440\u0438\u0437\u0443\u044e\u0442\u044c\u0441\u044f \u0432\u0438\u043d\u044f\u0442\u043a\u043e\u0432\u043e \u0445\u043e\u0440\u043e\u0448\u0438\u043c\u0438 \u043c\u0435\u0445\u0430\u043d\u0456\u0447\u043d\u0438\u043c\u0438 \u0432\u043b\u0430\u0441\u0442\u0438\u0432\u043e\u0441\u0442\u044f\u043c\u0438. \u0426\u0435 \u0437\u0430\u0431\u0435\u0437\u043f\u0435\u0447\u0443\u0454 \u043b\u0435\u0433\u043a\u0456\u0441\u0442\u044c \u043e\u0431\u0440\u043e\u0431\u043a\u0438 \u043d\u0430\u0432\u0456\u0442\u044c \u043f\u0440\u0438 \u043d\u0438\u0437\u044c\u043a\u0438\u0445 \u0442\u0435\u043c\u043f\u0435\u0440\u0430\u0442\u0443\u0440\u0430\u0445, \u043f\u043e\u0434\u043e\u0432\u0436\u0443\u0454 \u0442\u0435\u0440\u043c\u0456\u043d \u0441\u043b\u0443\u0436\u0431\u0438 \u0440\u0456\u0436\u0443\u0447\u0438\u0445 \u0456\u043d\u0441\u0442\u0440\u0443\u043c\u0435\u043d\u0442\u0456\u0432 \u0456 \u0434\u043e\u0437\u0432\u043e\u043b\u044f\u0454 \u0431\u0435\u0437 \u043f\u0440\u043e\u0431\u043b\u0435\u043c \u043e\u0431\u0433\u043e\u0440\u0442\u0430\u0442\u0438 \u043a\u0440\u0438\u0432\u043e\u043b\u0456\u043d\u0456\u0439\u043d\u0456 \u043f\u043e\u0432\u0435\u0440\u0445\u043d\u0456. <\/p>\n            <\/div>\n        <\/div>          <div class=\"faq_item\">\n            <div class=\"white\"><\/div>\n            <div class=\"faq_question\">\n                <p>\u0414\u0435 \u044f \u043c\u043e\u0436\u0443 \u043f\u0440\u0438\u0434\u0431\u0430\u0442\u0438 \u043f\u0440\u043e\u0434\u0443\u043a\u0446\u0456\u044e MAAG?<\/p>\n                <div>\n                    <div class=\"animated_text\">\n                        <div><\/div>\n                    <\/div>\n                <\/div>\n            <\/div>\n            <div class=\"faq_answer\">\n                <p>\u041f\u0440\u043e\u0434\u0443\u043a\u0446\u0456\u044f MAAG Polska \u0440\u043e\u0437\u043f\u043e\u0432\u0441\u044e\u0434\u0436\u0443\u0454\u0442\u044c\u0441\u044f \u043f\u0430\u0440\u0442\u043d\u0435\u0440\u0430\u043c\u0438 \u0437 \u043f\u0440\u043e\u0434\u0430\u0436\u0443, \u0444\u0456\u043b\u0456\u0457 \u044f\u043a\u0438\u0445 \u0440\u043e\u0437\u0442\u0430\u0448\u043e\u0432\u0430\u043d\u0456 \u043f\u043e \u0432\u0441\u0456\u0439 \u043a\u0440\u0430\u0457\u043d\u0456, \u0441\u0442\u0432\u043e\u0440\u044e\u044e\u0447\u0438 \u0449\u0456\u043b\u044c\u043d\u0443 \u0434\u0438\u0441\u0442\u0440\u0438\u0431'\u044e\u0442\u043e\u0440\u0441\u044c\u043a\u0443 \u043c\u0435\u0440\u0435\u0436\u0443. \u0414\u043b\u044f \u043e\u0442\u0440\u0438\u043c\u0430\u043d\u043d\u044f \u0430\u0434\u0440\u0435\u0441\u0438 \u043a\u043e\u043d\u043a\u0440\u0435\u0442\u043d\u043e\u0433\u043e \u0434\u0438\u0441\u0442\u0440\u0438\u0431'\u044e\u0442\u043e\u0440\u0430, \u0431\u0443\u0434\u044c \u043b\u0430\u0441\u043a\u0430, \u0437\u0432'\u044f\u0436\u0456\u0442\u044c\u0441\u044f \u0437 \u043d\u0430\u0448\u0438\u043c \u0432\u0456\u0434\u0434\u0456\u043b\u043e\u043c \u043f\u0440\u043e\u0434\u0430\u0436\u0456\u0432. <\/p>\n            <\/div>\n        <\/div>          <div class=\"faq_item\">\n            <div class=\"white\"><\/div>\n            <div class=\"faq_question\">\n                <p>\u042f\u043a \u043c\u0435\u043d\u0456 \u043f\u043e\u0447\u0430\u0442\u0438 \u043f\u0440\u0430\u0446\u044e\u0432\u0430\u0442\u0438 \u0437 \u0432\u0430\u043c\u0438?<\/p>\n                <div>\n                    <div class=\"animated_text\">\n                        <div><\/div>\n                    <\/div>\n                <\/div>\n            <\/div>\n            <div class=\"faq_answer\">\n                <p>\u0429\u043e\u0431 \u0440\u043e\u0437\u043f\u043e\u0447\u0430\u0442\u0438 \u0441\u043f\u0456\u0432\u043f\u0440\u0430\u0446\u044e, \u0431\u0443\u0434\u044c \u043b\u0430\u0441\u043a\u0430, \u0437\u0432'\u044f\u0436\u0456\u0442\u044c\u0441\u044f \u0437 \u043d\u0430\u0448\u0438\u043c \u0432\u0456\u0434\u0434\u0456\u043b\u043e\u043c \u043f\u0440\u043e\u0434\u0430\u0436\u0456\u0432 \u0430\u0431\u043e \u0437\u0430\u043f\u043e\u0432\u043d\u0456\u0442\u044c \u0444\u043e\u0440\u043c\u0443 \u043d\u0430 \u0441\u0430\u0439\u0442\u0456.<\/p>\n            <\/div>\n        <\/div>          <div class=\"faq_item\">\n            <div class=\"white\"><\/div>\n            <div class=\"faq_question\">\n                <p>\u042f\u043a \u043f\u043e\u0434\u0430\u0442\u0438 \u0441\u043a\u0430\u0440\u0433\u0443?<\/p>\n                <div>\n                    <div class=\"animated_text\">\n                        <div><\/div>\n                    <\/div>\n                <\/div>\n            <\/div>\n            <div class=\"faq_answer\">\n                <p>\u0420\u0435\u043a\u043b\u0430\u043c\u0430\u0446\u0456\u0457 \u043c\u043e\u0436\u043d\u0430 \u043f\u043e\u0434\u0430\u0442\u0438 \u0431\u0435\u0437\u043f\u043e\u0441\u0435\u0440\u0435\u0434\u043d\u044c\u043e \u0434\u0438\u0441\u0442\u0440\u0438\u0431'\u044e\u0442\u043e\u0440\u0443, \u0443 \u044f\u043a\u043e\u0433\u043e \u0432\u0438 \u043f\u0440\u0438\u0434\u0431\u0430\u043b\u0438 \u043d\u0430\u0448\u0443 \u043f\u0440\u043e\u0434\u0443\u043a\u0446\u0456\u044e, \u0430\u0431\u043e \u0437\u0432\u0435\u0440\u043d\u0443\u0432\u0448\u0438\u0441\u044c \u0434\u043e \u0432\u0456\u0434\u0434\u0456\u043b\u0443 \u043f\u0440\u043e\u0434\u0430\u0436\u0456\u0432 MAAG Polska. \u041c\u0438 \u0434\u0431\u0430\u0454\u043c\u043e \u043f\u0440\u043e \u044f\u043a\u0456\u0441\u043d\u0443 \u0442\u0430 \u0448\u0432\u0438\u0434\u043a\u0443 \u043e\u0431\u0440\u043e\u0431\u043a\u0443 \u0441\u043a\u0430\u0440\u0433, \u0442\u043e\u043c\u0443 \u0432\u0438\u0431\u0456\u0440 \u0441\u043f\u043e\u0441\u043e\u0431\u0443 \u0437\u0430\u043b\u0438\u0448\u0430\u0454\u0442\u044c\u0441\u044f \u0437\u0430 \u043a\u043b\u0456\u0454\u043d\u0442\u0430\u043c\u0438. <\/p>\n            <\/div>\n        <\/div>          <div class=\"faq_item\">\n            <div class=\"white\"><\/div>\n            <div class=\"faq_question\">\n                <p>\u0414\u0435 \u044f \u043c\u043e\u0436\u0443 \u043e\u0442\u0440\u0438\u043c\u0430\u0442\u0438 \u0448\u0430\u0431\u043b\u043e\u043d \u0432\u0430\u0448\u043e\u0433\u043e \u043f\u0440\u043e\u0434\u0443\u043a\u0442\u0443?  <\/p>\n                <div>\n                    <div class=\"animated_text\">\n                        <div><\/div>\n                    <\/div>\n                <\/div>\n            <\/div>\n            <div class=\"faq_answer\">\n                <p>\u041a\u043d\u0438\u0433\u0443 \u0432\u0438\u043a\u0440\u0456\u0439\u043e\u043a \u043c\u043e\u0436\u043d\u0430 \u043e\u0442\u0440\u0438\u043c\u0430\u0442\u0438, \u0437\u0432\u0435\u0440\u043d\u0443\u0432\u0448\u0438\u0441\u044c \u0434\u043e \u043d\u0430\u0448\u043e\u0433\u043e \u0432\u0456\u0434\u0434\u0456\u043b\u0443 \u043f\u0440\u043e\u0434\u0430\u0436\u0456\u0432. \u0414\u0440\u0443\u0433\u0438\u0439 \u0432\u0430\u0440\u0456\u0430\u043d\u0442 - \u0437\u0430\u043f\u043e\u0432\u043d\u0438\u0442\u0438 \u0432\u0456\u0434\u043f\u043e\u0432\u0456\u0434\u043d\u0443 \u0444\u043e\u0440\u043c\u0443 \u043d\u0430 \u043d\u0430\u0448\u043e\u043c\u0443 \u0441\u0430\u0439\u0442\u0456. \u041a\u043d\u0438\u0433\u0430 \u0437\u0440\u0430\u0437\u043a\u0456\u0432 \u0442\u0430\u043a\u043e\u0436 \u0434\u043e\u0441\u0442\u0443\u043f\u043d\u0430 \u0443 \u043d\u0430\u0448\u043e\u0433\u043e \u0434\u0438\u0441\u0442\u0440\u0438\u0431'\u044e\u0442\u043e\u0440\u0430.  <\/p>\n            <\/div>\n        <\/div>          <div class=\"faq_item\">\n            <div class=\"white\"><\/div>\n            <div class=\"faq_question\">\n                <p>\u042f\u043a \u044f \u043c\u043e\u0436\u0443 \u0431\u0443\u0442\u0438 \u0432\u043f\u0435\u0432\u043d\u0435\u043d\u0438\u0439, \u0449\u043e \u043a\u0440\u043e\u043c\u043a\u0430, \u044f\u043a\u0443 \u044f \u043a\u0443\u043f\u0443\u044e, \u0454 \u0432\u0430\u0448\u0438\u043c \u043e\u0440\u0438\u0433\u0456\u043d\u0430\u043b\u044c\u043d\u0438\u043c \u043f\u0440\u043e\u0434\u0443\u043a\u0442\u043e\u043c?<\/p>\n                <div>\n                    <div class=\"animated_text\">\n                        <div><\/div>\n                    <\/div>\n                <\/div>\n            <\/div>\n            <div class=\"faq_answer\">\n                <p>\u041a\u043e\u0436\u0435\u043d \u0434\u0438\u0441\u043a \u0431\u043e\u0440\u0434\u044e\u0440\u0443 \u043c\u0430\u0454 \u0443\u043d\u0456\u043a\u0430\u043b\u044c\u043d\u0435 \u043c\u0430\u0440\u043a\u0443\u0432\u0430\u043d\u043d\u044f \u0434\u043b\u044f \u043b\u0435\u0433\u043a\u043e\u0457 \u0456\u0434\u0435\u043d\u0442\u0438\u0444\u0456\u043a\u0430\u0446\u0456\u0457. \u041d\u0430 \u043a\u0456\u043d\u0446\u0456 \u0454 \u0433\u043e\u043b\u043e\u0433\u0440\u0430\u043c\u0430, \u0430 \u0435\u0442\u0438\u043a\u0435\u0442\u043a\u0438 \u043d\u0430 \u043f\u043e\u0447\u0430\u0442\u043a\u0443 \u0456 \u0432 \u043a\u0456\u043d\u0446\u0456 \u043a\u0440\u0430\u0439\u043a\u0438 \u043f\u0456\u0434\u0442\u0432\u0435\u0440\u0434\u0436\u0443\u044e\u0442\u044c \u043e\u0440\u0438\u0433\u0456\u043d\u0430\u043b\u044c\u043d\u0456\u0441\u0442\u044c \u043f\u0440\u043e\u0434\u0443\u043a\u0442\u0443. <\/p>\n            <\/div>\n        <\/div>          <div class=\"faq_item\">\n            <div class=\"white\"><\/div>\n            <div class=\"faq_question\">\n                <p>\u0412 \u044f\u043a\u0438\u0445 \u0440\u043e\u0437\u043c\u0456\u0440\u0430\u0445 \u0432\u0438 \u043f\u0440\u043e\u043f\u043e\u043d\u0443\u0454\u0442\u0435 \u043c\u0435\u0431\u043b\u0435\u0432\u0443 \u043a\u0440\u043e\u043c\u043a\u0443?<\/p>\n                <div>\n                    <div class=\"animated_text\">\n                        <div><\/div>\n                    <\/div>\n                <\/div>\n            <\/div>\n            <div class=\"faq_answer\">\n                <p>\u041a\u0440\u043e\u043c\u043a\u0430 MAAG Poland \u043f\u0440\u043e\u043f\u043e\u043d\u0443\u0454\u0442\u044c\u0441\u044f \u0432 \u0442\u0440\u044c\u043e\u0445 \u043e\u0441\u043d\u043e\u0432\u043d\u0438\u0445 \u0442\u043e\u0432\u0449\u0438\u043d\u0430\u0445: 0,6 \u043c\u043c; 1,0 \u043c\u043c; 2,0 \u043c\u043c. \u0423 \u043f\u043e\u0454\u0434\u043d\u0430\u043d\u043d\u0456 \u0437 \u0431\u0430\u0437\u043e\u0432\u043e\u044e \u0448\u0438\u0440\u0438\u043d\u043e\u044e, \u043f\u0440\u043e\u043f\u043e\u043d\u043e\u0432\u0430\u043d\u0438\u0439 \u0440\u043e\u0437\u043c\u0456\u0440\u043d\u0438\u0439 \u0440\u044f\u0434 \u0432\u0438\u0433\u043b\u044f\u0434\u0430\u0454 \u043d\u0430\u0441\u0442\u0443\u043f\u043d\u0438\u043c \u0447\u0438\u043d\u043e\u043c: <br><br><b>\u0421\u0442\u0430\u043d\u0434\u0430\u0440\u0442\u043d\u0456 \u0440\u043e\u0437\u043c\u0456\u0440\u0438<\/b>: 22\u00d70,6, 22\u00d70,8, 22\u00d71,0, 22\u00d72,0, 35\u00d71,0, 42\u00d70,8, 42\u00d72,0<br><b>\u041d\u0435\u0441\u0442\u0430\u043d\u0434\u0430\u0440\u0442\u043d\u0456 \u0440\u043e\u0437\u043c\u0456\u0440\u0438<\/b>: 15\u00d70,6, 19\u00d70,45, 19\u00d70,6, 19\u00d71,0, 19\u00d72,0, 20\u00d70,5, 25\u00d70,45, 25\u00d71,0, 25\u00d72,0, 28\u00d70,6, 28\u00d71,0, 28\u00d72,0, 32\u00d72,0, 36\u00d70,6, 40\u00d71,0, 54\u00d72,0, 62\u00d72,0<\/p>\n            <\/div>\n        <\/div>          <div class=\"faq_item\">\n            <div class=\"white\"><\/div>\n            <div class=\"faq_question\">\n                <p>\u0427\u0438 \u043c\u043e\u0436\u043d\u0430 \u0437\u0430\u043c\u043e\u0432\u0438\u0442\u0438 \u043a\u0440\u043e\u043c\u043a\u0443 \u0432 \u0440\u043e\u0437\u043c\u0456\u0440\u0430\u0445, \u0432\u0456\u0434\u043c\u0456\u043d\u043d\u0438\u0445 \u0432\u0456\u0434 \u043f\u0440\u043e\u043f\u043e\u043d\u043e\u0432\u0430\u043d\u0438\u0445 \u043d\u0430 \u0434\u0430\u043d\u0438\u0439 \u043c\u043e\u043c\u0435\u043d\u0442?<\/p>\n                <div>\n                    <div class=\"animated_text\">\n                        <div><\/div>\n                    <\/div>\n                <\/div>\n            <\/div>\n            <div class=\"faq_answer\">\n                <p>\u041c\u0438 \u043c\u043e\u0436\u0435\u043c\u043e \u0432\u0438\u0433\u043e\u0442\u043e\u0432\u0438\u0442\u0438 \u043a\u0440\u043e\u043c\u043a\u0443 \u0432\u0456\u0434\u043f\u043e\u0432\u0456\u0434\u043d\u043e \u0434\u043e \u0456\u043d\u0434\u0438\u0432\u0456\u0434\u0443\u0430\u043b\u044c\u043d\u0438\u0445 \u0441\u043f\u0435\u0446\u0438\u0444\u0456\u043a\u0430\u0446\u0456\u0439 \u0437\u0430\u043c\u043e\u0432\u043d\u0438\u043a\u0430. \u041e\u0434\u043d\u0430\u043a \u0434\u043b\u044f \u0446\u044c\u043e\u0433\u043e \u043d\u0435\u043e\u0431\u0445\u0456\u0434\u043d\u0430 \u043c\u0456\u043d\u0456\u043c\u0430\u043b\u044c\u043d\u0430 \u043a\u0456\u043b\u044c\u043a\u0456\u0441\u0442\u044c \u0437\u0430\u043c\u043e\u0432\u043b\u0435\u043d\u043d\u044f \u0442\u0430 \u0434\u043e\u043c\u043e\u0432\u043b\u0435\u043d\u043e\u0441\u0442\u0456 \u043c\u0456\u0436 \u043a\u043b\u0456\u0454\u043d\u0442\u043e\u043c \u0456 MAAG Polska. <\/p>\n            <\/div>\n        <\/div>\n<\/div>\t\t\t\t<\/div>\n\t\t\t\t<\/div>\n\t\t\t\t<\/div>\n\t\t\t\t<\/div>\n\t\t\t\t<\/div>\n\t\t","protected":false},"excerpt":{"rendered":"<p>FAQ: \u043f\u043e\u0448\u0438\u0440\u0435\u043d\u0456 \u0437\u0430\u043f\u0438\u0442\u0430\u043d\u043d\u044f \u0422\u0443\u0442 \u0432\u0438 \u0437\u043d\u0430\u0439\u0434\u0435\u0442\u0435 \u0432\u0456\u0434\u043f\u043e\u0432\u0456\u0434\u0456 \u043d\u0430 \u043d\u0430\u0439\u043f\u043e\u0448\u0438\u0440\u0435\u043d\u0456\u0448\u0456 \u0437\u0430\u043f\u0438\u0442\u0430\u043d\u043d\u044f \u043d\u0430\u0448\u0438\u0445 \u043a\u043b\u0456\u0454\u043d\u0442\u0456\u0432. \u0423 \u0432\u0430\u0441 \u0454 \u0456\u043d\u0448\u0456 \u0437\u0430\u043f\u0438\u0442\u0430\u043d\u043d\u044f? \u041d\u0430\u043f\u0438\u0448\u0456\u0442\u044c \u043d\u0430\u043c. \u041f\u0440\u043e\u043a\u0440\u0443\u0442\u0456\u0442\u044c \u0432\u043d\u0438\u0437, \u0449\u043e\u0431 \u0434\u0456\u0437\u043d\u0430\u0442\u0438\u0441\u044f \u0431\u0456\u043b\u044c\u0448\u0435 \u041f\u043e\u0448\u0438\u0440\u0435\u043d\u0456 \u0437\u0430\u043f\u0438\u0442\u0430\u043d\u043d\u044f \u0427\u043e\u043c\u0443 \u044f \u043f\u043e\u0432\u0438\u043d\u0435\u043d \u0432\u0438\u0431\u0438\u0440\u0430\u0442\u0438 \u043a\u0440\u0430\u0439\u043a\u0438 \u0437 \u041f\u0412\u0425, \u0430 \u043d\u0435 \u043a\u0440\u0430\u0439\u043a\u0438 \u0437 \u0456\u043d\u0448\u0438\u0445 \u043c\u0430\u0442\u0435\u0440\u0456\u0430\u043b\u0456\u0432? \u041a\u0440\u043e\u043c\u043a\u0438 \u0437 \u041f\u0412\u0425 \u0432\u0438\u0440\u043e\u0431\u043d\u0438\u0446\u0442\u0432\u0430 MAAG Polska \u0445\u0430\u0440\u0430\u043a\u0442\u0435\u0440\u0438\u0437\u0443\u044e\u0442\u044c\u0441\u044f \u0432\u0438\u043d\u044f\u0442\u043a\u043e\u0432\u043e \u0445\u043e\u0440\u043e\u0448\u0438\u043c\u0438 \u043c\u0435\u0445\u0430\u043d\u0456\u0447\u043d\u0438\u043c\u0438 \u0432\u043b\u0430\u0441\u0442\u0438\u0432\u043e\u0441\u0442\u044f\u043c\u0438. \u0426\u0435 \u0437\u0430\u0431\u0435\u0437\u043f\u0435\u0447\u0443\u0454 \u043b\u0435\u0433\u043a\u0456\u0441\u0442\u044c \u043e\u0431\u0440\u043e\u0431\u043a\u0438 \u043d\u0430\u0432\u0456\u0442\u044c [&hellip;]<\/p>\n","protected":false},"author":1,"featured_media":0,"parent":0,"menu_order":0,"comment_status":"closed","ping_status":"closed","template":"","meta":{"_acf_changed":false,"footnotes":""},"class_list":["post-22890","page","type-page","status-publish","hentry"],"acf":[],"_links":{"self":[{"href":"https:\/\/www.maag-polska.pl\/uk\/wp-json\/wp\/v2\/pages\/22890","targetHints":{"allow":["GET"]}}],"collection":[{"href":"https:\/\/www.maag-polska.pl\/uk\/wp-json\/wp\/v2\/pages"}],"about":[{"href":"https:\/\/www.maag-polska.pl\/uk\/wp-json\/wp\/v2\/types\/page"}],"author":[{"embeddable":true,"href":"https:\/\/www.maag-polska.pl\/uk\/wp-json\/wp\/v2\/users\/1"}],"replies":[{"embeddable":true,"href":"https:\/\/www.maag-polska.pl\/uk\/wp-json\/wp\/v2\/comments?post=22890"}],"version-history":[{"count":1,"href":"https:\/\/www.maag-polska.pl\/uk\/wp-json\/wp\/v2\/pages\/22890\/revisions"}],"predecessor-version":[{"id":22893,"href":"https:\/\/www.maag-polska.pl\/uk\/wp-json\/wp\/v2\/pages\/22890\/revisions\/22893"}],"wp:attachment":[{"href":"https:\/\/www.maag-polska.pl\/uk\/wp-json\/wp\/v2\/media?parent=22890"}],"curies":[{"name":"wp","href":"https:\/\/api.w.org\/{rel}","templated":true}]}}