{"id":26549,"date":"2025-09-01T08:29:51","date_gmt":"2025-09-01T08:29:51","guid":{"rendered":"https:\/\/www.maag-polska.pl\/obrzeza-meblowe\/327-pearl-black-2\/"},"modified":"2025-09-01T09:09:59","modified_gmt":"2025-09-01T09:09:59","slug":"327-pearl-black","status":"publish","type":"product","link":"https:\/\/www.maag-polska.pl\/ro\/obrzeza-meblowe\/327-pearl-black\/","title":{"rendered":"Margini Mobilier 327 PEARL BLACK"},"content":{"rendered":"<div>\n<p>Bordurile profesionale din PVC \u00een Pearl Black (327) ofer\u0103 o stabilitate excep\u021bional\u0103 a culorii cu un finisaj \u00eentunecat sofisticat. Aceast\u0103 compozi\u021bie din PVC pur asigur\u0103 o toleran\u021b\u0103 precis\u0103 la procesare de \u00b1 0,02 mm \u0219i men\u021bine o grosime constant\u0103 de 2 mm pe toat\u0103 lungimea. Formularea rezistent\u0103 la UV previne decolorarea \u0219i decolorarea, \u00een timp ce tratamentul specializat de suprafa\u021b\u0103 realizeaz\u0103 un luciu ca de perl\u0103 cu un nivel de luciu de 85\u00b0. Materialul demonstreaz\u0103 rezisten\u021b\u0103 ridicat\u0103 la impact de 15 kJ\/m\u00b2 \u0219i stabilitate termic\u0103 de p\u00e2n\u0103 la 90\u00b0C, f\u0103c\u00e2ndu-l potrivit pentru aplica\u021bii solicitante.<\/p>\n<p>Ideal pentru produc\u021bia de mobilier de ultim\u0103 genera\u021bie, unde panourile AGT 3010 Pearl Black sau Kronospan 0190 AM Black necesit\u0103 margini potrivite. Acest material pentru prelucrarea lemnului exceleaz\u0103 \u00een dulapurile de buc\u0103t\u0103rie contemporane, accesoriile de v\u00e2nzare cu am\u0103nuntul \u0219i mobilierul de birou premium. Durabilitatea benzilor de margine \u0219i caracteristicile minime ale de\u0219eurilor \u00eel fac deosebit de valoros pentru proiecte comerciale la scar\u0103 larg\u0103 \u0219i lucr\u0103ri de moara arhitectural\u0103. Perfect pentru suprafe\u021be verticale \u0219i zone cu trafic intens unde este necesar\u0103 cur\u0103\u021barea regulat\u0103. Propriet\u0103\u021bile tehnice ale materialului asigur\u0103 o performan\u021b\u0103 fiabil\u0103 at\u00e2t la ma\u0219inile automate de bandare a marginilor, c\u00e2t \u0219i la aplica\u021biile manuale.<\/p>\n<\/div>\n","protected":false},"excerpt":{"rendered":"<p>22&#215;0,8; 42&#215;0,8<\/p>\n","protected":false},"featured_media":21489,"comment_status":"closed","ping_status":"closed","template":"","meta":{"_acf_changed":false},"product_brand":[],"product_cat":[1227],"product_tag":[],"class_list":{"0":"post-26549","1":"product","2":"type-product","3":"status-publish","4":"has-post-thumbnail","6":"product_cat-margini-mobilier-ro","8":"first","9":"instock","10":"product-type-simple"},"acf":[],"_links":{"self":[{"href":"https:\/\/www.maag-polska.pl\/ro\/wp-json\/wp\/v2\/product\/26549","targetHints":{"allow":["GET"]}}],"collection":[{"href":"https:\/\/www.maag-polska.pl\/ro\/wp-json\/wp\/v2\/product"}],"about":[{"href":"https:\/\/www.maag-polska.pl\/ro\/wp-json\/wp\/v2\/types\/product"}],"replies":[{"embeddable":true,"href":"https:\/\/www.maag-polska.pl\/ro\/wp-json\/wp\/v2\/comments?post=26549"}],"wp:featuredmedia":[{"embeddable":true,"href":"https:\/\/www.maag-polska.pl\/ro\/wp-json\/wp\/v2\/media\/21489"}],"wp:attachment":[{"href":"https:\/\/www.maag-polska.pl\/ro\/wp-json\/wp\/v2\/media?parent=26549"}],"wp:term":[{"taxonomy":"product_brand","embeddable":true,"href":"https:\/\/www.maag-polska.pl\/ro\/wp-json\/wp\/v2\/product_brand?post=26549"},{"taxonomy":"product_cat","embeddable":true,"href":"https:\/\/www.maag-polska.pl\/ro\/wp-json\/wp\/v2\/product_cat?post=26549"},{"taxonomy":"product_tag","embeddable":true,"href":"https:\/\/www.maag-polska.pl\/ro\/wp-json\/wp\/v2\/product_tag?post=26549"}],"curies":[{"name":"wp","href":"https:\/\/api.w.org\/{rel}","templated":true}]}}