{"id":26044,"date":"2025-09-01T08:33:42","date_gmt":"2025-09-01T08:33:42","guid":{"rendered":"https:\/\/www.maag-polska.pl\/obrzeza-meblowe\/d9-3-maple-vancouver-light\/"},"modified":"2025-09-01T09:13:02","modified_gmt":"2025-09-01T09:13:02","slug":"d9-3-maple-vancouver-light","status":"publish","type":"product","link":"https:\/\/www.maag-polska.pl\/ro\/obrzeza-meblowe\/d9-3-maple-vancouver-light\/","title":{"rendered":"Margini Mobilier D9\/3 MAPLE VANCOUVER LIGHT"},"content":{"rendered":"<div>\n<p>Banda de margine din PVC D9\/3 KLON VANCOUVER JASNY testat\u0103 \u00een laborator ofer\u0103 o rezisten\u021b\u0103 UV de 98%, men\u021bin\u00e2nd \u00een acela\u0219i timp stabilitatea dimensional\u0103 la temperaturi de p\u00e2n\u0103 la 85\u00b0C. Acest material din PVC pur pentru prelucrarea lemnului are un profil de 3 mm grosime proiectat cu precizie cu toleran\u021b\u0103 de \u00b1 0,10 mm, asigur\u00e2nd alinierea exact\u0103 a marginilor. Compozi\u021bia avansat\u0103 a polimerului are ca rezultat o rezisten\u021b\u0103 la impact cu 22% mai mare \u00een compara\u021bie cu benzile standard de margine, cu o stabilitate documentat\u0103 a culorii care dep\u0103\u0219e\u0219te 800 de ore \u00een testele de \u00eemb\u0103tr\u00e2nire accelerat\u0103.<\/p>\n<p>Eficientiza\u021bi-v\u0103 produc\u021bia de mobilier cu aceast\u0103 band\u0103 de margine cu auto-optimizare care reduce risipa de material cu p\u00e2n\u0103 la 15% prin caracteristicile sale de procesare consecvente. Propriet\u0103\u021bile de aderen\u021b\u0103 echilibrate ale D9\/3 KLON VANCOUVER JASNY minimizeaz\u0103 etapele de post-procesare, reduc\u00e2nd costurile for\u021bei de munc\u0103, asigur\u00e2nd \u00een acela\u0219i timp finisarea profesional\u0103 a marginilor mobilierului. Compozi\u021bia sa din PVC pur se traduce prin viteze de procesare cu 30% mai mari, f\u0103r\u0103 a compromite integrarea perfect\u0103 cu materialele moderne ale panourilor.<\/p>\n<\/div>\n","protected":false},"excerpt":{"rendered":"<p>22&#215;0,6; 22&#215;1; 22&#215;2; 32&#215;2*; 35&#215;1*; 42&#215;2<\/p>\n","protected":false},"featured_media":24313,"comment_status":"closed","ping_status":"open","template":"","meta":{"_acf_changed":false},"product_brand":[],"product_cat":[1209],"product_tag":[],"class_list":{"0":"post-26044","1":"product","2":"type-product","3":"status-publish","4":"has-post-thumbnail","6":"product_cat-margini-mobilier","8":"first","9":"instock","10":"product-type-simple"},"acf":[],"_links":{"self":[{"href":"https:\/\/www.maag-polska.pl\/ro\/wp-json\/wp\/v2\/product\/26044","targetHints":{"allow":["GET"]}}],"collection":[{"href":"https:\/\/www.maag-polska.pl\/ro\/wp-json\/wp\/v2\/product"}],"about":[{"href":"https:\/\/www.maag-polska.pl\/ro\/wp-json\/wp\/v2\/types\/product"}],"replies":[{"embeddable":true,"href":"https:\/\/www.maag-polska.pl\/ro\/wp-json\/wp\/v2\/comments?post=26044"}],"wp:featuredmedia":[{"embeddable":true,"href":"https:\/\/www.maag-polska.pl\/ro\/wp-json\/wp\/v2\/media\/24313"}],"wp:attachment":[{"href":"https:\/\/www.maag-polska.pl\/ro\/wp-json\/wp\/v2\/media?parent=26044"}],"wp:term":[{"taxonomy":"product_brand","embeddable":true,"href":"https:\/\/www.maag-polska.pl\/ro\/wp-json\/wp\/v2\/product_brand?post=26044"},{"taxonomy":"product_cat","embeddable":true,"href":"https:\/\/www.maag-polska.pl\/ro\/wp-json\/wp\/v2\/product_cat?post=26044"},{"taxonomy":"product_tag","embeddable":true,"href":"https:\/\/www.maag-polska.pl\/ro\/wp-json\/wp\/v2\/product_tag?post=26044"}],"curies":[{"name":"wp","href":"https:\/\/api.w.org\/{rel}","templated":true}]}}