{"id":26042,"date":"2025-09-01T08:33:22","date_gmt":"2025-09-01T08:33:22","guid":{"rendered":"https:\/\/www.maag-polska.pl\/obrzeza-meblowe\/d9-1-maple\/"},"modified":"2025-09-01T09:12:56","modified_gmt":"2025-09-01T09:12:56","slug":"d9-1-maple","status":"publish","type":"product","link":"https:\/\/www.maag-polska.pl\/ro\/obrzeza-meblowe\/d9-1-maple\/","title":{"rendered":"Margini Mobilier D9\/1 MAPLE"},"content":{"rendered":"<div>\n<p>Banda de margine profesional\u0103 din PVC \u00een nuan\u021ba D9\/1 KLON ofer\u0103 o rezisten\u021b\u0103 excep\u021bional\u0103 \u00eempotriva uzurii zilnice. Aceast\u0103 compozi\u021bie din PVC pur \u00ee\u0219i men\u021bine integritatea structural\u0103 chiar \u0219i \u00een cazul utiliz\u0103rii intense, f\u0103c\u00e2ndu-l ideal pentru aplica\u021bii de mobilier cu trafic intens. Formula specializat\u0103 rezistent\u0103 la UV previne \u00eeng\u0103lbenirea \u0219i schimb\u0103rile de culoare, asigur\u00e2ndu-se c\u0103 banda de margine \u00ee\u0219i men\u021bine tonul autentic de ar\u021bar, care se potrive\u0219te perfect cu finisajele Kronospan 0375 BS \u0219i Pfleiderer R27039 MO. Cu o rezisten\u021b\u0103 impresionant\u0103 la impact \u0219i o grosime de 1 mm atent proiectat\u0103, aceste materiale pentru prelucrarea lemnului rezist\u0103 la denivel\u0103ri \u0219i solicit\u0103ri mecanice f\u0103r\u0103 a le compromite aspectul.<\/p>\n<p>Experimenta\u021bi finisarea f\u0103r\u0103 sudur\u0103 a marginilor mobilierului cu aceast\u0103 band\u0103 de margine din PVC cu lipire rapid\u0103 care reduce semnificativ timpul de instalare. Stratul adeziv calibrat cu precizie se activeaz\u0103 eficient la temperaturi optime, cre\u00e2nd leg\u0103turi puternice \u0219i de durat\u0103 cu un efort minim. Perfect at\u00e2t pentru aplica\u021bii manuale, c\u00e2t \u0219i pentru automate, aceast\u0103 band\u0103 de margine taie curat cu unelte standard, produc\u00e2nd de\u0219euri minime \u00een timpul proces\u0103rii. Potrivirea consistent\u0103 a culorilor cu variantele KLON THANSAU asigur\u0103 rezultate profesionale de fiecare dat\u0103, \u00een timp ce suprafa\u021ba neted\u0103 nu necesit\u0103 pa\u0219i suplimentari de finisare dup\u0103 aplicare. Ideal pentru profesioni\u0219tii din prelucrarea lemnului care caut\u0103 eficien\u021b\u0103 f\u0103r\u0103 a sacrifica calitatea.<\/p>\n<\/div>\n","protected":false},"excerpt":{"rendered":"<p>22&#215;0,6; 22&#215;0,8; 22&#215;1; 22&#215;2; 28&#215;2*; 32&#215;2*; 35&#215;1*; 42&#215;0,8; 42&#215;2<\/p>\n","protected":false},"featured_media":24307,"comment_status":"closed","ping_status":"open","template":"","meta":{"_acf_changed":false},"product_brand":[],"product_cat":[1209],"product_tag":[],"class_list":{"0":"post-26042","1":"product","2":"type-product","3":"status-publish","4":"has-post-thumbnail","6":"product_cat-margini-mobilier","8":"first","9":"instock","10":"product-type-simple"},"acf":[],"_links":{"self":[{"href":"https:\/\/www.maag-polska.pl\/ro\/wp-json\/wp\/v2\/product\/26042","targetHints":{"allow":["GET"]}}],"collection":[{"href":"https:\/\/www.maag-polska.pl\/ro\/wp-json\/wp\/v2\/product"}],"about":[{"href":"https:\/\/www.maag-polska.pl\/ro\/wp-json\/wp\/v2\/types\/product"}],"replies":[{"embeddable":true,"href":"https:\/\/www.maag-polska.pl\/ro\/wp-json\/wp\/v2\/comments?post=26042"}],"wp:featuredmedia":[{"embeddable":true,"href":"https:\/\/www.maag-polska.pl\/ro\/wp-json\/wp\/v2\/media\/24307"}],"wp:attachment":[{"href":"https:\/\/www.maag-polska.pl\/ro\/wp-json\/wp\/v2\/media?parent=26042"}],"wp:term":[{"taxonomy":"product_brand","embeddable":true,"href":"https:\/\/www.maag-polska.pl\/ro\/wp-json\/wp\/v2\/product_brand?post=26042"},{"taxonomy":"product_cat","embeddable":true,"href":"https:\/\/www.maag-polska.pl\/ro\/wp-json\/wp\/v2\/product_cat?post=26042"},{"taxonomy":"product_tag","embeddable":true,"href":"https:\/\/www.maag-polska.pl\/ro\/wp-json\/wp\/v2\/product_tag?post=26042"}],"curies":[{"name":"wp","href":"https:\/\/api.w.org\/{rel}","templated":true}]}}