{"id":26041,"date":"2025-09-01T08:33:22","date_gmt":"2025-09-01T08:33:22","guid":{"rendered":"https:\/\/www.maag-polska.pl\/obrzeza-meblowe\/d8-9-lyon-walnut\/"},"modified":"2025-09-01T09:12:55","modified_gmt":"2025-09-01T09:12:55","slug":"d8-9-lyon-walnut","status":"publish","type":"product","link":"https:\/\/www.maag-polska.pl\/ro\/obrzeza-meblowe\/d8-9-lyon-walnut\/","title":{"rendered":"Margini Mobilier D8\/9 LYON WALNUT"},"content":{"rendered":"<div>\n<p>Bordurile de margine din PVC din nuc bogat de Lyon capteaz\u0103 c\u0103ldura sofisticat\u0103 a nucului natural, prezent\u00e2nd tonuri de maro intens cu subtile aurii. Aceast\u0103 band\u0103 de margine asortat\u0103 Kronospan 9614 BS ofer\u0103 o consisten\u021b\u0103 impecabil\u0103 a culorii \u0219i o suprafa\u021b\u0103 neted\u0103, m\u0103t\u0103soas\u0103, care completeaz\u0103 perfect designurile moderne de mobilier. Compozi\u021bia premium din PVC pur asigur\u0103 un aspect impecabil asem\u0103n\u0103tor lemnului, men\u021bin\u00e2nd \u00een acela\u0219i timp o stabilitate excep\u021bional\u0103 a culorii.<\/p>\n<p>Realizat\u0103 special pentru materialele profesionale pentru prelucrarea lemnului \u0219i finisarea marginilor mobilierului, aceast\u0103 band\u0103 de margine rezistent\u0103 la UV exceleaz\u0103 at\u00e2t \u00een aplica\u021bii reziden\u021biale, c\u00e2t \u0219i \u00een cele comerciale. Formularea avansat\u0103 a materialului permite t\u0103ieturi curate, precise, cu pierderi minime \u00een timpul proces\u0103rii. Indiferent dac\u0103 este aplicat\u0103 pe mobilier de birou, dulapuri de buc\u0103t\u0103rie sau vitrine de v\u00e2nzare cu am\u0103nuntul, aceast\u0103 band\u0103 de margine din PVC \u00ee\u0219i men\u021bine integritatea structural\u0103 \u0219i atractivitatea estetic\u0103 chiar \u0219i \u00een condi\u021bii de utilizare intens\u0103. Structura sa versatil\u0103 de suprafa\u021b\u0103 3D se adapteaz\u0103 perfect at\u00e2t la marginile drepte, c\u00e2t \u0219i la elementele curbe.<\/p>\n<\/div>\n","protected":false},"excerpt":{"rendered":"<p>19&#215;2*; 22&#215;0,6; 22&#215;1; 22&#215;2; 32&#215;2*; 35&#215;1*; 42&#215;2<\/p>\n","protected":false},"featured_media":24304,"comment_status":"closed","ping_status":"open","template":"","meta":{"_acf_changed":false},"product_brand":[],"product_cat":[1209],"product_tag":[],"class_list":{"0":"post-26041","1":"product","2":"type-product","3":"status-publish","4":"has-post-thumbnail","6":"product_cat-margini-mobilier","8":"first","9":"instock","10":"product-type-simple"},"acf":[],"_links":{"self":[{"href":"https:\/\/www.maag-polska.pl\/ro\/wp-json\/wp\/v2\/product\/26041","targetHints":{"allow":["GET"]}}],"collection":[{"href":"https:\/\/www.maag-polska.pl\/ro\/wp-json\/wp\/v2\/product"}],"about":[{"href":"https:\/\/www.maag-polska.pl\/ro\/wp-json\/wp\/v2\/types\/product"}],"replies":[{"embeddable":true,"href":"https:\/\/www.maag-polska.pl\/ro\/wp-json\/wp\/v2\/comments?post=26041"}],"wp:featuredmedia":[{"embeddable":true,"href":"https:\/\/www.maag-polska.pl\/ro\/wp-json\/wp\/v2\/media\/24304"}],"wp:attachment":[{"href":"https:\/\/www.maag-polska.pl\/ro\/wp-json\/wp\/v2\/media?parent=26041"}],"wp:term":[{"taxonomy":"product_brand","embeddable":true,"href":"https:\/\/www.maag-polska.pl\/ro\/wp-json\/wp\/v2\/product_brand?post=26041"},{"taxonomy":"product_cat","embeddable":true,"href":"https:\/\/www.maag-polska.pl\/ro\/wp-json\/wp\/v2\/product_cat?post=26041"},{"taxonomy":"product_tag","embeddable":true,"href":"https:\/\/www.maag-polska.pl\/ro\/wp-json\/wp\/v2\/product_tag?post=26041"}],"curies":[{"name":"wp","href":"https:\/\/api.w.org\/{rel}","templated":true}]}}