{"id":26037,"date":"2025-09-01T08:33:22","date_gmt":"2025-09-01T08:33:22","guid":{"rendered":"https:\/\/www.maag-polska.pl\/obrzeza-meblowe\/d8-5-california-walnut\/"},"modified":"2025-09-01T09:12:53","modified_gmt":"2025-09-01T09:12:53","slug":"d8-5-california-walnut","status":"publish","type":"product","link":"https:\/\/www.maag-polska.pl\/ro\/obrzeza-meblowe\/d8-5-california-walnut\/","title":{"rendered":"Margini Mobilier D8\/5 CALIFORNIA WALNUT"},"content":{"rendered":"<div>\n<p>Banda de margine D8\/5 ORZECH CALIFORNIA surprinde esen\u021ba cald\u0103 \u0219i sofisticat\u0103 a nucului California, prezent\u00e2nd tonuri maro bogate cu subtile aurii. Aceast\u0103 band\u0103 de margine din PVC prezint\u0103 un model de granula\u021bie a lemnului realizat cu meticulozitate, care oglinde\u0219te perfect textura suprafe\u021bei Pfleiderer R30039 LN, cre\u00e2nd o tranzi\u021bie vizual\u0103 perfect\u0103 de la bord la margine.<\/p>\n<p>Fabricat din PVC pur, acest material pentru prelucrarea lemnului exceleaz\u0103 at\u00e2t \u00een aplica\u021bii reziden\u021biale, c\u00e2t \u0219i \u00een cele comerciale, de la dulapuri de buc\u0103t\u0103rie la mobilier de birou. Grosimea de 5 mm ofer\u0103 o protec\u021bie robust\u0103 a marginilor, men\u021bin\u00e2nd \u00een acela\u0219i timp caracteristicile u\u0219oare de procesare. Compozi\u021bia rezistent\u0103 la UV asigur\u0103 o stabilitate de durat\u0103 a culorii, f\u0103c\u00e2ndu-l ideal pentru marginile mobilei expuse la lumin\u0103 natural\u0103. Dimensionarea precis\u0103 a materialului are ca rezultat pierderi minime \u00een timpul aplic\u0103rii.<\/p>\n<\/div>\n","protected":false},"excerpt":{"rendered":"<p>22&#215;0,6; 22&#215;1; 22&#215;2; 28&#215;2*; 32&#215;2*; 35&#215;1*; 42&#215;2<\/p>\n","protected":false},"featured_media":22692,"comment_status":"closed","ping_status":"open","template":"","meta":{"_acf_changed":false},"product_brand":[],"product_cat":[1209],"product_tag":[],"class_list":{"0":"post-26037","1":"product","2":"type-product","3":"status-publish","4":"has-post-thumbnail","6":"product_cat-margini-mobilier","8":"first","9":"instock","10":"product-type-simple"},"acf":[],"_links":{"self":[{"href":"https:\/\/www.maag-polska.pl\/ro\/wp-json\/wp\/v2\/product\/26037","targetHints":{"allow":["GET"]}}],"collection":[{"href":"https:\/\/www.maag-polska.pl\/ro\/wp-json\/wp\/v2\/product"}],"about":[{"href":"https:\/\/www.maag-polska.pl\/ro\/wp-json\/wp\/v2\/types\/product"}],"replies":[{"embeddable":true,"href":"https:\/\/www.maag-polska.pl\/ro\/wp-json\/wp\/v2\/comments?post=26037"}],"wp:featuredmedia":[{"embeddable":true,"href":"https:\/\/www.maag-polska.pl\/ro\/wp-json\/wp\/v2\/media\/22692"}],"wp:attachment":[{"href":"https:\/\/www.maag-polska.pl\/ro\/wp-json\/wp\/v2\/media?parent=26037"}],"wp:term":[{"taxonomy":"product_brand","embeddable":true,"href":"https:\/\/www.maag-polska.pl\/ro\/wp-json\/wp\/v2\/product_brand?post=26037"},{"taxonomy":"product_cat","embeddable":true,"href":"https:\/\/www.maag-polska.pl\/ro\/wp-json\/wp\/v2\/product_cat?post=26037"},{"taxonomy":"product_tag","embeddable":true,"href":"https:\/\/www.maag-polska.pl\/ro\/wp-json\/wp\/v2\/product_tag?post=26037"}],"curies":[{"name":"wp","href":"https:\/\/api.w.org\/{rel}","templated":true}]}}