{"id":26036,"date":"2025-09-01T08:33:22","date_gmt":"2025-09-01T08:33:22","guid":{"rendered":"https:\/\/www.maag-polska.pl\/obrzeza-meblowe\/d8-4-caravaggio-walnut\/"},"modified":"2025-09-01T09:12:52","modified_gmt":"2025-09-01T09:12:52","slug":"d8-4-caravaggio-walnut","status":"publish","type":"product","link":"https:\/\/www.maag-polska.pl\/ro\/obrzeza-meblowe\/d8-4-caravaggio-walnut\/","title":{"rendered":"Margini Mobilier D8\/4 CARAVAGGIO WALNUT"},"content":{"rendered":"<div>\n<p>Banda de margine din PVC D8\/4 ORZECH CARAVAGGIO de \u00eenalt\u0103 performan\u021b\u0103 ofer\u0103 o grosime precis\u0103 de 0,4 mm, optimizat\u0103 pentru materialele moderne de prelucrare a lemnului. Rezisten\u021ba UV testat\u0103 \u00een laborator men\u021bine stabilitatea culorii prin mai mult de 2000 de ore de expunere, \u00een timp ce compozi\u021bia pur PVC atinge o rat\u0103 de absorb\u021bie a impactului de 92%. Aceast\u0103 band\u0103 de margine avansat\u0103 din punct de vedere tehnic prezint\u0103 o structur\u0103 de suprafa\u021b\u0103 specializat\u0103 care permite viteze de procesare de p\u00e2n\u0103 la 25 m\/min f\u0103r\u0103 a compromite calitatea aderen\u021bei.<\/p>\n<p>Reduce\u021bi risipa de material cu p\u00e2n\u0103 la 35% cu capabilit\u0103\u021bile de t\u0103iere precis\u0103 la lungime ale D8\/4 ORZECH CARAVAGGIO. Aceast\u0103 solu\u021bie de margine a mobilierului elimin\u0103 necesitatea tratamentelor post-procesare, reduc\u00e2nd costurile cu for\u021ba de munc\u0103, asigur\u00e2nd \u00een acela\u0219i timp rezultate profesionale. Durabilitatea sporit\u0103 extinde ciclul de via\u021b\u0103 al mobilierului, f\u0103c\u00e2ndu-l deosebit de rentabil pentru instala\u021biile comerciale cu trafic intens. Stabilitatea dimensional\u0103 perfect\u0103 \u00eenseamn\u0103 mai pu\u021bine \u00eenlocuiri \u0219i repara\u021bii, maximiz\u00e2nd rentabilitatea investi\u021biei pentru produc\u0103torii de dulapuri.<\/p>\n<\/div>\n","protected":false},"excerpt":{"rendered":"<p>22&#215;0,6; 22&#215;1; 22&#215;2; 28&#215;2*; 32&#215;2*; 35&#215;1*; 42&#215;2<\/p>\n","protected":false},"featured_media":22690,"comment_status":"closed","ping_status":"open","template":"","meta":{"_acf_changed":false},"product_brand":[],"product_cat":[1209],"product_tag":[],"class_list":{"0":"post-26036","1":"product","2":"type-product","3":"status-publish","4":"has-post-thumbnail","6":"product_cat-margini-mobilier","8":"first","9":"instock","10":"product-type-simple"},"acf":[],"_links":{"self":[{"href":"https:\/\/www.maag-polska.pl\/ro\/wp-json\/wp\/v2\/product\/26036","targetHints":{"allow":["GET"]}}],"collection":[{"href":"https:\/\/www.maag-polska.pl\/ro\/wp-json\/wp\/v2\/product"}],"about":[{"href":"https:\/\/www.maag-polska.pl\/ro\/wp-json\/wp\/v2\/types\/product"}],"replies":[{"embeddable":true,"href":"https:\/\/www.maag-polska.pl\/ro\/wp-json\/wp\/v2\/comments?post=26036"}],"wp:featuredmedia":[{"embeddable":true,"href":"https:\/\/www.maag-polska.pl\/ro\/wp-json\/wp\/v2\/media\/22690"}],"wp:attachment":[{"href":"https:\/\/www.maag-polska.pl\/ro\/wp-json\/wp\/v2\/media?parent=26036"}],"wp:term":[{"taxonomy":"product_brand","embeddable":true,"href":"https:\/\/www.maag-polska.pl\/ro\/wp-json\/wp\/v2\/product_brand?post=26036"},{"taxonomy":"product_cat","embeddable":true,"href":"https:\/\/www.maag-polska.pl\/ro\/wp-json\/wp\/v2\/product_cat?post=26036"},{"taxonomy":"product_tag","embeddable":true,"href":"https:\/\/www.maag-polska.pl\/ro\/wp-json\/wp\/v2\/product_tag?post=26036"}],"curies":[{"name":"wp","href":"https:\/\/api.w.org\/{rel}","templated":true}]}}