{"id":26035,"date":"2025-09-01T08:33:22","date_gmt":"2025-09-01T08:33:22","guid":{"rendered":"https:\/\/www.maag-polska.pl\/obrzeza-meblowe\/d8-3-bologna-walnut\/"},"modified":"2025-09-01T09:12:52","modified_gmt":"2025-09-01T09:12:52","slug":"d8-3-bologna-walnut","status":"publish","type":"product","link":"https:\/\/www.maag-polska.pl\/ro\/obrzeza-meblowe\/d8-3-bologna-walnut\/","title":{"rendered":"Margini Mobilier D8\/3 BOLOGNA WALNUT"},"content":{"rendered":"<div>\n<p>Banda de margine din PVC Premium D8\/3 ORZECH BOLOGNA ofer\u0103 performan\u021be tehnice excep\u021bionale cu grosimea sa de 3 mm \u0219i l\u0103\u021bime de 8 mm proiectate cu precizie. Aceast\u0103 band\u0103 de margine din PVC pur men\u021bine stabilitatea dimensional\u0103 \u00een diferite condi\u021bii, av\u00e2nd o formul\u0103 rezistent\u0103 la UV care previne decolorarea culorii \u0219i degradarea materialului. Compozi\u021bia materialului asigur\u0103 t\u0103ieturi curate cu pierderi minime \u00een timpul proces\u0103rii, \u00een timp ce structura sa specializat\u0103 a suprafe\u021bei men\u021bine estetica consistent\u0103 a nucului Bologna pe toat\u0103 durata de via\u021b\u0103.<\/p>\n<p>Adecvat \u00een special pentru aplica\u021biile de mobilier comercial cu trafic intens, unde durabilitatea \u00eendepline\u0219te cerin\u021bele de proiectare. Acest material pentru prelucrarea lemnului exceleaz\u0103 \u00een produc\u021bia de mobilier de birou, unit\u0103\u021bi de afi\u0219are de v\u00e2nzare cu am\u0103nuntul \u0219i proiecte de cabinete institu\u021bionale. Propriet\u0103\u021bile de rezisten\u021b\u0103 la impact ale benzilor de margine o fac ideal\u0103 pentru marginile mesei, unit\u0103\u021bile de rafturi \u0219i fronturile dulapurilor care necesit\u0103 p\u0103strare estetic\u0103 pe termen lung. Perfect pentru proiectele care necesit\u0103 o potrivire precis\u0103 a culorilor cu pl\u0103cile decorative din nuc Bologna \u00een medii profesionale de prelucrare a lemnului.<\/p>\n<\/div>\n","protected":false},"excerpt":{"rendered":"<p>22&#215;0,6; 22&#215;1; 22&#215;2; 28&#215;2*; 32&#215;2*; 35&#215;1*; 42&#215;2<\/p>\n","protected":false},"featured_media":24290,"comment_status":"closed","ping_status":"open","template":"","meta":{"_acf_changed":false},"product_brand":[],"product_cat":[1209],"product_tag":[],"class_list":{"0":"post-26035","1":"product","2":"type-product","3":"status-publish","4":"has-post-thumbnail","6":"product_cat-margini-mobilier","8":"first","9":"instock","10":"product-type-simple"},"acf":[],"_links":{"self":[{"href":"https:\/\/www.maag-polska.pl\/ro\/wp-json\/wp\/v2\/product\/26035","targetHints":{"allow":["GET"]}}],"collection":[{"href":"https:\/\/www.maag-polska.pl\/ro\/wp-json\/wp\/v2\/product"}],"about":[{"href":"https:\/\/www.maag-polska.pl\/ro\/wp-json\/wp\/v2\/types\/product"}],"replies":[{"embeddable":true,"href":"https:\/\/www.maag-polska.pl\/ro\/wp-json\/wp\/v2\/comments?post=26035"}],"wp:featuredmedia":[{"embeddable":true,"href":"https:\/\/www.maag-polska.pl\/ro\/wp-json\/wp\/v2\/media\/24290"}],"wp:attachment":[{"href":"https:\/\/www.maag-polska.pl\/ro\/wp-json\/wp\/v2\/media?parent=26035"}],"wp:term":[{"taxonomy":"product_brand","embeddable":true,"href":"https:\/\/www.maag-polska.pl\/ro\/wp-json\/wp\/v2\/product_brand?post=26035"},{"taxonomy":"product_cat","embeddable":true,"href":"https:\/\/www.maag-polska.pl\/ro\/wp-json\/wp\/v2\/product_cat?post=26035"},{"taxonomy":"product_tag","embeddable":true,"href":"https:\/\/www.maag-polska.pl\/ro\/wp-json\/wp\/v2\/product_tag?post=26035"}],"curies":[{"name":"wp","href":"https:\/\/api.w.org\/{rel}","templated":true}]}}