{"id":26032,"date":"2025-09-01T08:33:22","date_gmt":"2025-09-01T08:33:22","guid":{"rendered":"https:\/\/www.maag-polska.pl\/obrzeza-meblowe\/d8-20-light-select-walnut\/"},"modified":"2025-09-01T09:12:50","modified_gmt":"2025-09-01T09:12:50","slug":"d8-20-light-select-walnut","status":"publish","type":"product","link":"https:\/\/www.maag-polska.pl\/ro\/obrzeza-meblowe\/d8-20-light-select-walnut\/","title":{"rendered":"Margini Mobilier D8\/20 LIGHT SELECT WALNUT"},"content":{"rendered":"<div>\n<p>Banda de margine Kronospan K008 PW ORZECH SELECT JASNY surprinde esen\u021ba rafinat\u0103 a nucului deschis, oferind un amestec sofisticat de tonuri calde de miere \u0219i modele de cereale delicate. Aceast\u0103 band\u0103 de margine din PVC ofer\u0103 o consisten\u021b\u0103 excep\u021bional\u0103 a culorii, asigur\u00e2nd o integrare vizual\u0103 perfect\u0103 cu pl\u0103cile de mobilier potrivite. Suprafa\u021ba are un finisaj mat premium care reproduce \u00een mod autentic aspectul natural al lemnului deschis de nuc selectat.<\/p>\n<p>Fabricat din PVC pur, aceast\u0103 margine de mobilier exceleaz\u0103 at\u00e2t \u00een aplica\u021bii reziden\u021biale, c\u00e2t \u0219i \u00een cele comerciale. Propriet\u0103\u021bile rezistente la UV ale materialului previn decolorarea, \u00een timp ce compozi\u021bia sa rezistent\u0103 la impact asigur\u0103 durabilitate de durat\u0103 \u00een medii cu trafic intens. Aceste materiale pentru prelucrarea lemnului proceseaz\u0103 f\u0103r\u0103 efort cu echipamente standard, produc\u00e2nd de\u0219euri minime \u00een timpul aplic\u0103rii. Banda de margine men\u021bine stabilitatea dimensional\u0103 \u00een diferite intervale de temperatur\u0103, f\u0103c\u00e2ndu-l ideal pentru dulapuri de buc\u0103t\u0103rie, mobilier de birou \u0219i vitrine de v\u00e2nzare cu am\u0103nuntul.<\/p>\n<\/div>\n","protected":false},"excerpt":{"rendered":"<p>22&#215;0,6; 22&#215;0,8; 22&#215;1; 22&#215;2; 28&#215;2*; 32&#215;2*; 35&#215;1*; 42&#215;2<\/p>\n","protected":false},"featured_media":24285,"comment_status":"closed","ping_status":"open","template":"","meta":{"_acf_changed":false},"product_brand":[],"product_cat":[1209],"product_tag":[],"class_list":{"0":"post-26032","1":"product","2":"type-product","3":"status-publish","4":"has-post-thumbnail","6":"product_cat-margini-mobilier","8":"first","9":"instock","10":"product-type-simple"},"acf":[],"_links":{"self":[{"href":"https:\/\/www.maag-polska.pl\/ro\/wp-json\/wp\/v2\/product\/26032","targetHints":{"allow":["GET"]}}],"collection":[{"href":"https:\/\/www.maag-polska.pl\/ro\/wp-json\/wp\/v2\/product"}],"about":[{"href":"https:\/\/www.maag-polska.pl\/ro\/wp-json\/wp\/v2\/types\/product"}],"replies":[{"embeddable":true,"href":"https:\/\/www.maag-polska.pl\/ro\/wp-json\/wp\/v2\/comments?post=26032"}],"wp:featuredmedia":[{"embeddable":true,"href":"https:\/\/www.maag-polska.pl\/ro\/wp-json\/wp\/v2\/media\/24285"}],"wp:attachment":[{"href":"https:\/\/www.maag-polska.pl\/ro\/wp-json\/wp\/v2\/media?parent=26032"}],"wp:term":[{"taxonomy":"product_brand","embeddable":true,"href":"https:\/\/www.maag-polska.pl\/ro\/wp-json\/wp\/v2\/product_brand?post=26032"},{"taxonomy":"product_cat","embeddable":true,"href":"https:\/\/www.maag-polska.pl\/ro\/wp-json\/wp\/v2\/product_cat?post=26032"},{"taxonomy":"product_tag","embeddable":true,"href":"https:\/\/www.maag-polska.pl\/ro\/wp-json\/wp\/v2\/product_tag?post=26032"}],"curies":[{"name":"wp","href":"https:\/\/api.w.org\/{rel}","templated":true}]}}