{"id":26031,"date":"2025-09-01T08:33:22","date_gmt":"2025-09-01T08:33:22","guid":{"rendered":"https:\/\/www.maag-polska.pl\/obrzeza-meblowe\/d8-2-dark-walnut\/"},"modified":"2025-09-01T09:12:49","modified_gmt":"2025-09-01T09:12:49","slug":"d8-2-dark-walnut","status":"publish","type":"product","link":"https:\/\/www.maag-polska.pl\/ro\/obrzeza-meblowe\/d8-2-dark-walnut\/","title":{"rendered":"Margini Mobilier D8\/2 DARK WALNUT"},"content":{"rendered":"<div>\n<p>Banda de margine din PVC D8\/2 ORZECH CIEMNY de \u00eenalt\u0103 performan\u021b\u0103 ofer\u0103 specifica\u021bii tehnice superioare cu o toleran\u021b\u0103 la grosime de \u00b10,02 mm \u0219i o compozi\u021bie stabilizat\u0103 la UV. Aceast\u0103 formul\u0103 din PVC pur prezint\u0103 o aliniere molecular\u0103 avansat\u0103 pentru o rezisten\u021b\u0103 sporit\u0103 la impact la unghiuri de 90\u00b0. Structura de suprafa\u021b\u0103 specializat\u0103 a benzilor de cant asigur\u0103 o rezisten\u021b\u0103 optim\u0103 de aderen\u021b\u0103 de 3,5 N\/mm\u00b2, men\u021bin\u00e2nd \u00een acela\u0219i timp stabilitatea dimensional\u0103 precis\u0103 \u00een timpul prelucr\u0103rii CNC. Proiectat cu expertiz\u0103 \u00een materialele de prelucrare a lemnului, produsul atinge un punct de \u00eenmuiere Vicat de 78\u00b0C \u0219i rate controlate de contrac\u021bie sub 0,2%.<\/p>\n<p>Banda de cant pentru mobilier D8\/2 ORZECH CIEMNY traduce excelen\u021ba tehnic\u0103 \u00een economii tangibile de costuri. Banda de margine din PVC, fabricat\u0103 cu precizie, reduce risipa de material cu p\u00e2n\u0103 la 30% prin toleran\u021b\u0103 constant\u0103 la l\u0103\u021bime \u0219i t\u0103ieturi curate. Caracteristicile sale optimizate de procesare permit viteze de produc\u021bie mai rapide, men\u021bin\u00e2nd \u00een acela\u0219i timp calitatea perfect\u0103 a finisajului marginilor. Formularea rezistent\u0103 la UV prelunge\u0219te durata de via\u021b\u0103 a mobilierului \u00een medii comerciale, oferind valoare pe termen lung prin stabilitatea culorii \u0219i rezisten\u021ba la zg\u00e2rieturi. Perfect pentru mediile de produc\u021bie cu randament ridicat \u00een care eficien\u021ba \u00eendepline\u0219te cerin\u021bele de durabilitate.<\/p>\n<\/div>\n","protected":false},"excerpt":{"rendered":"<p>22&#215;0,6; 22&#215;1; 22&#215;2; 28&#215;2*; 32&#215;2*; 35&#215;1*; 42&#215;2<\/p>\n","protected":false},"featured_media":24282,"comment_status":"closed","ping_status":"open","template":"","meta":{"_acf_changed":false},"product_brand":[],"product_cat":[1209],"product_tag":[],"class_list":{"0":"post-26031","1":"product","2":"type-product","3":"status-publish","4":"has-post-thumbnail","6":"product_cat-margini-mobilier","8":"first","9":"instock","10":"product-type-simple"},"acf":[],"_links":{"self":[{"href":"https:\/\/www.maag-polska.pl\/ro\/wp-json\/wp\/v2\/product\/26031","targetHints":{"allow":["GET"]}}],"collection":[{"href":"https:\/\/www.maag-polska.pl\/ro\/wp-json\/wp\/v2\/product"}],"about":[{"href":"https:\/\/www.maag-polska.pl\/ro\/wp-json\/wp\/v2\/types\/product"}],"replies":[{"embeddable":true,"href":"https:\/\/www.maag-polska.pl\/ro\/wp-json\/wp\/v2\/comments?post=26031"}],"wp:featuredmedia":[{"embeddable":true,"href":"https:\/\/www.maag-polska.pl\/ro\/wp-json\/wp\/v2\/media\/24282"}],"wp:attachment":[{"href":"https:\/\/www.maag-polska.pl\/ro\/wp-json\/wp\/v2\/media?parent=26031"}],"wp:term":[{"taxonomy":"product_brand","embeddable":true,"href":"https:\/\/www.maag-polska.pl\/ro\/wp-json\/wp\/v2\/product_brand?post=26031"},{"taxonomy":"product_cat","embeddable":true,"href":"https:\/\/www.maag-polska.pl\/ro\/wp-json\/wp\/v2\/product_cat?post=26031"},{"taxonomy":"product_tag","embeddable":true,"href":"https:\/\/www.maag-polska.pl\/ro\/wp-json\/wp\/v2\/product_tag?post=26031"}],"curies":[{"name":"wp","href":"https:\/\/api.w.org\/{rel}","templated":true}]}}