{"id":26018,"date":"2025-09-01T08:33:10","date_gmt":"2025-09-01T08:33:10","guid":{"rendered":"https:\/\/www.maag-polska.pl\/obrzeza-meblowe\/d56-1-dark-atelier\/"},"modified":"2025-09-01T09:12:37","modified_gmt":"2025-09-01T09:12:37","slug":"d56-1-dark-atelier","status":"publish","type":"product","link":"https:\/\/www.maag-polska.pl\/ro\/obrzeza-meblowe\/d56-1-dark-atelier\/","title":{"rendered":"Margini Mobilier D56\/1 DARK ATELIER"},"content":{"rendered":"<div>\n<p>Band\u0103 de margine din PVC de calitate profesional\u0103 cu finisaj D56\/1 Dark Atelier, fabricat\u0103 cu compu\u0219i din PVC pur pentru durabilitate superioar\u0103. Prezint\u0103 un profil de grosime proiectat cu precizie, care asigur\u0103 o aderen\u021b\u0103 optim\u0103 \u0219i rezultate curate de prelucrare. Formularea rezistent\u0103 la UV men\u021bine stabilitatea culorii \u00een diferite condi\u021bii de iluminare, prevenind decolorarea \u0219i decolorarea. Parametrii tehnici includ rezisten\u021b\u0103 sporit\u0103 la impact, interval de stabilitate termic\u0103 de la -20 \u00b0C la +80 \u00b0C \u0219i densitate constant\u0103 a materialului pentru o prelucrare fiabil\u0103.<\/p>\n<p>Dezvoltat special pentru produc\u021bia de mobilier de ultim\u0103 genera\u021bie \u0219i proiectele arhitecturale de prelucrare a lemnului care necesit\u0103 finisaje \u00eentunecate \u0219i sofisticate. Ideal pentru mobilier de birou comercial, accesorii de lux de v\u00e2nzare cu am\u0103nuntul \u0219i dulapuri reziden\u021biale premium. Aceast\u0103 band\u0103 de margine completeaz\u0103 perfect suprafe\u021bele Kronospan 4299 SU \u00een designul interior contemporan. Adecvat \u00een special pentru aplica\u021bii verticale \u0219i orizontale \u00een zone expuse utiliz\u0103rii regulate, cum ar fi dulapuri, unit\u0103\u021bi de rafturi \u0219i sisteme de birou unde durabilitatea marginilor este crucial\u0103.<\/p>\n<\/div>\n","protected":false},"excerpt":{"rendered":"<p>19&#215;0,6*; 22&#215;0,6; 22&#215;0,8; 22&#215;1; 22&#215;2; 35&#215;1*; 42&#215;0,8; 42&#215;2<\/p>\n","protected":false},"featured_media":24243,"comment_status":"closed","ping_status":"open","template":"","meta":{"_acf_changed":false},"product_brand":[],"product_cat":[1209],"product_tag":[],"class_list":{"0":"post-26018","1":"product","2":"type-product","3":"status-publish","4":"has-post-thumbnail","6":"product_cat-margini-mobilier","8":"first","9":"instock","10":"product-type-simple"},"acf":[],"_links":{"self":[{"href":"https:\/\/www.maag-polska.pl\/ro\/wp-json\/wp\/v2\/product\/26018","targetHints":{"allow":["GET"]}}],"collection":[{"href":"https:\/\/www.maag-polska.pl\/ro\/wp-json\/wp\/v2\/product"}],"about":[{"href":"https:\/\/www.maag-polska.pl\/ro\/wp-json\/wp\/v2\/types\/product"}],"replies":[{"embeddable":true,"href":"https:\/\/www.maag-polska.pl\/ro\/wp-json\/wp\/v2\/comments?post=26018"}],"wp:featuredmedia":[{"embeddable":true,"href":"https:\/\/www.maag-polska.pl\/ro\/wp-json\/wp\/v2\/media\/24243"}],"wp:attachment":[{"href":"https:\/\/www.maag-polska.pl\/ro\/wp-json\/wp\/v2\/media?parent=26018"}],"wp:term":[{"taxonomy":"product_brand","embeddable":true,"href":"https:\/\/www.maag-polska.pl\/ro\/wp-json\/wp\/v2\/product_brand?post=26018"},{"taxonomy":"product_cat","embeddable":true,"href":"https:\/\/www.maag-polska.pl\/ro\/wp-json\/wp\/v2\/product_cat?post=26018"},{"taxonomy":"product_tag","embeddable":true,"href":"https:\/\/www.maag-polska.pl\/ro\/wp-json\/wp\/v2\/product_tag?post=26018"}],"curies":[{"name":"wp","href":"https:\/\/api.w.org\/{rel}","templated":true}]}}