{"id":26015,"date":"2025-09-01T08:33:10","date_gmt":"2025-09-01T08:33:10","guid":{"rendered":"https:\/\/www.maag-polska.pl\/obrzeza-meblowe\/d54-6-almond-granada\/"},"modified":"2025-09-01T09:12:35","modified_gmt":"2025-09-01T09:12:35","slug":"d54-6-almond-granada","status":"publish","type":"product","link":"https:\/\/www.maag-polska.pl\/ro\/obrzeza-meblowe\/d54-6-almond-granada\/","title":{"rendered":"Margini Mobilier D54\/6 ALMOND GRANADA"},"content":{"rendered":"<div>\n<p>Banda de margine PVC de \u00eenalt\u0103 performan\u021b\u0103 din Granada Migda\u0142owa (D54\/6) ofer\u0103 parametri tehnici excep\u021bionali cu o compozi\u021bie pur PVC. Rezisten\u021ba UV testat\u0103 \u00een laborator asigur\u0103 o stabilitate a culorii de peste 8 ani \u00een condi\u021bii normale. Grosimea de 2 mm realizat\u0103 cu precizie men\u021bine acurate\u021bea dimensional\u0103 cu \u00b1 0,10 mm, \u00een timp ce structura de suprafa\u021b\u0103 specializat\u0103 atinge un nivel de luciu de 4-6 unit\u0103\u021bi pentru o difuzie optim\u0103 a luminii. Stabilizatorii polimerici avansa\u021bi din acest material pentru prelucrarea lemnului previn degradarea la temperaturi de procesare de p\u00e2n\u0103 la 190\u00b0C.<\/p>\n<p>Aceast\u0103 solu\u021bie de margine a mobilierului reduce risipa de material cu p\u00e2n\u0103 la 23% prin l\u0103\u021bimi optimizate ale benzilor \u0219i propriet\u0103\u021bi superioare de t\u0103iere. Banda de margine Granada Migda\u0142owa se potrive\u0219te perfect cu decorul Kronospan K691 PN, elimin\u00e2nd problemele costisitoare de potrivire a culorilor. Capacitatea sa de procesare rapid\u0103 la 18-25 m\/min m\u0103re\u0219te eficien\u021ba produc\u021biei, \u00een timp ce rezisten\u021ba sporit\u0103 la impact (>15 N\/mm\u00b2) reduce semnificativ nevoile de \u00eenlocuire. Sistemul de aderen\u021b\u0103 cu autoreglare minimizeaz\u0103 consumul de adeziv, gener\u00e2nd economii m\u0103surabile de costuri \u00een aplica\u021biile cu volum mare.<\/p>\n<\/div>\n","protected":false},"excerpt":{"rendered":"<p>22&#215;0,6; 22&#215;0,8; 22&#215;1; 22&#215;2; 42&#215;0,8; 42&#215;2<\/p>\n","protected":false},"featured_media":24234,"comment_status":"closed","ping_status":"open","template":"","meta":{"_acf_changed":false},"product_brand":[],"product_cat":[1209],"product_tag":[],"class_list":{"0":"post-26015","1":"product","2":"type-product","3":"status-publish","4":"has-post-thumbnail","6":"product_cat-margini-mobilier","8":"first","9":"instock","10":"product-type-simple"},"acf":[],"_links":{"self":[{"href":"https:\/\/www.maag-polska.pl\/ro\/wp-json\/wp\/v2\/product\/26015","targetHints":{"allow":["GET"]}}],"collection":[{"href":"https:\/\/www.maag-polska.pl\/ro\/wp-json\/wp\/v2\/product"}],"about":[{"href":"https:\/\/www.maag-polska.pl\/ro\/wp-json\/wp\/v2\/types\/product"}],"replies":[{"embeddable":true,"href":"https:\/\/www.maag-polska.pl\/ro\/wp-json\/wp\/v2\/comments?post=26015"}],"wp:featuredmedia":[{"embeddable":true,"href":"https:\/\/www.maag-polska.pl\/ro\/wp-json\/wp\/v2\/media\/24234"}],"wp:attachment":[{"href":"https:\/\/www.maag-polska.pl\/ro\/wp-json\/wp\/v2\/media?parent=26015"}],"wp:term":[{"taxonomy":"product_brand","embeddable":true,"href":"https:\/\/www.maag-polska.pl\/ro\/wp-json\/wp\/v2\/product_brand?post=26015"},{"taxonomy":"product_cat","embeddable":true,"href":"https:\/\/www.maag-polska.pl\/ro\/wp-json\/wp\/v2\/product_cat?post=26015"},{"taxonomy":"product_tag","embeddable":true,"href":"https:\/\/www.maag-polska.pl\/ro\/wp-json\/wp\/v2\/product_tag?post=26015"}],"curies":[{"name":"wp","href":"https:\/\/api.w.org\/{rel}","templated":true}]}}