{"id":26014,"date":"2025-09-01T08:33:10","date_gmt":"2025-09-01T08:33:10","guid":{"rendered":"https:\/\/www.maag-polska.pl\/obrzeza-meblowe\/d54-5-charcol-flow\/"},"modified":"2025-09-01T09:12:34","modified_gmt":"2025-09-01T09:12:34","slug":"d54-5-charcol-flow","status":"publish","type":"product","link":"https:\/\/www.maag-polska.pl\/ro\/obrzeza-meblowe\/d54-5-charcol-flow\/","title":{"rendered":"Margini Mobilier D54\/5 CHARCOL FLOW"},"content":{"rendered":"<div>\n<p>Bordul profesional D54\/5 PVC cu finisaj BETON CZARNY ofer\u0103 o durabilitate excep\u021bional\u0103 cu o grosime de 2 mm \u0219i o compozi\u021bie rezistent\u0103 la UV. Aceast\u0103 band\u0103 de margine din PVC pur men\u021bine stabilitatea dimensional\u0103 \u00een diferite condi\u021bii, oferind o potrivire precis\u0103 a culorilor cu suprafe\u021bele Kronospan K353 RT. Structura optimizat\u0103 a materialului asigur\u0103 t\u0103ieturi curate cu pierderi minime \u00een timpul proces\u0103rii, \u00een timp ce formula sa specializat\u0103 ofer\u0103 rezisten\u021b\u0103 sporit\u0103 la impact la margini \u0219i col\u021buri.<\/p>\n<p>Potrivit \u00een special pentru proiectele moderne de mobilier industrial \u0219i comercial, \u00een care estetica betonului \u00eendepline\u0219te cerin\u021bele func\u021bionale. Acest material pentru prelucrarea lemnului exceleaz\u0103 \u00een spa\u021biile comerciale cu trafic intens, mobilierul de birou \u0219i instala\u021biile de buc\u0103t\u0103rie contemporane. Propriet\u0103\u021bile tehnice ale benzilor de cant \u00eel fac ideal pentru aplica\u021bii verticale \u0219i orizontale \u00een sisteme de mobilier modulare, accesorii de v\u00e2nzare cu am\u0103nuntul \u0219i lucr\u0103ri de moara arhitectural\u0103, unde durabilitatea \u0219i consisten\u021ba estetic\u0103 sunt esen\u021biale.<\/p>\n<\/div>\n","protected":false},"excerpt":{"rendered":"<p>22&#215;0,6; 22&#215;0,8; 22&#215;1; 22&#215;2; 28&#215;2*; 32&#215;2*; 35&#215;1*; 42&#215;0,8; 42&#215;2<\/p>\n","protected":false},"featured_media":21778,"comment_status":"closed","ping_status":"open","template":"","meta":{"_acf_changed":false},"product_brand":[],"product_cat":[1209],"product_tag":[],"class_list":{"0":"post-26014","1":"product","2":"type-product","3":"status-publish","4":"has-post-thumbnail","6":"product_cat-margini-mobilier","8":"first","9":"instock","10":"product-type-simple"},"acf":[],"_links":{"self":[{"href":"https:\/\/www.maag-polska.pl\/ro\/wp-json\/wp\/v2\/product\/26014","targetHints":{"allow":["GET"]}}],"collection":[{"href":"https:\/\/www.maag-polska.pl\/ro\/wp-json\/wp\/v2\/product"}],"about":[{"href":"https:\/\/www.maag-polska.pl\/ro\/wp-json\/wp\/v2\/types\/product"}],"replies":[{"embeddable":true,"href":"https:\/\/www.maag-polska.pl\/ro\/wp-json\/wp\/v2\/comments?post=26014"}],"wp:featuredmedia":[{"embeddable":true,"href":"https:\/\/www.maag-polska.pl\/ro\/wp-json\/wp\/v2\/media\/21778"}],"wp:attachment":[{"href":"https:\/\/www.maag-polska.pl\/ro\/wp-json\/wp\/v2\/media?parent=26014"}],"wp:term":[{"taxonomy":"product_brand","embeddable":true,"href":"https:\/\/www.maag-polska.pl\/ro\/wp-json\/wp\/v2\/product_brand?post=26014"},{"taxonomy":"product_cat","embeddable":true,"href":"https:\/\/www.maag-polska.pl\/ro\/wp-json\/wp\/v2\/product_cat?post=26014"},{"taxonomy":"product_tag","embeddable":true,"href":"https:\/\/www.maag-polska.pl\/ro\/wp-json\/wp\/v2\/product_tag?post=26014"}],"curies":[{"name":"wp","href":"https:\/\/api.w.org\/{rel}","templated":true}]}}