{"id":26012,"date":"2025-09-01T08:33:04","date_gmt":"2025-09-01T08:33:04","guid":{"rendered":"https:\/\/www.maag-polska.pl\/obrzeza-meblowe\/d54-3-rusty-flow\/"},"modified":"2025-09-01T09:12:33","modified_gmt":"2025-09-01T09:12:33","slug":"d54-3-rusty-flow","status":"publish","type":"product","link":"https:\/\/www.maag-polska.pl\/ro\/obrzeza-meblowe\/d54-3-rusty-flow\/","title":{"rendered":"Margini Mobilier D54\/3 RUSTY FLOW"},"content":{"rendered":"<div>\n<p>Estetica betonului rustic prinde via\u021b\u0103 cu benzile de margine D54\/3 BETON RDZAWY, capt\u00e2nd perfect farmecul brut, industrial al suprafe\u021belor deteriorate. Aceast\u0103 band\u0103 de margine din PVC prezint\u0103 un amestec sofisticat de tonuri calde de rugin\u0103 \u0219i texturi autentice de beton, cre\u00e2nd un echilibru vizual izbitor care adaug\u0103 profunzime marginilor mobilierului.<\/p>\n<p>De la mobilier modern de birou la instala\u021bii de cas\u0103 \u00een stil industrial, aceast\u0103 band\u0103 de margine versatil\u0103 se adapteaz\u0103 perfect \u00een diverse materiale de prelucrare a lemnului. Compozi\u021bia din PVC pur asigur\u0103 rezisten\u021b\u0103 excep\u021bional\u0103 la UV \u0219i stabilitate a culorii, \u00een timp ce ingineria sa precis\u0103 permite t\u0103ieturi curate \u0219i pierderi minime \u00een timpul aplic\u0103rii. Durabilitatea materialului \u00eel face ideal pentru spa\u021biile comerciale cu trafic intens, p\u0103str\u00e2ndu-\u0219i aspectul chiar \u0219i \u00een condi\u021bii solicitante.<\/p>\n<\/div>\n","protected":false},"excerpt":{"rendered":"<p>22&#215;0,6; 22&#215;0,8; 22&#215;1; 22&#215;2; 28&#215;2*; 32&#215;2*; 35&#215;1*; 42&#215;0,8; 42&#215;2<\/p>\n","protected":false},"featured_media":24227,"comment_status":"closed","ping_status":"open","template":"","meta":{"_acf_changed":false},"product_brand":[],"product_cat":[1209],"product_tag":[],"class_list":{"0":"post-26012","1":"product","2":"type-product","3":"status-publish","4":"has-post-thumbnail","6":"product_cat-margini-mobilier","8":"first","9":"instock","10":"product-type-simple"},"acf":[],"_links":{"self":[{"href":"https:\/\/www.maag-polska.pl\/ro\/wp-json\/wp\/v2\/product\/26012","targetHints":{"allow":["GET"]}}],"collection":[{"href":"https:\/\/www.maag-polska.pl\/ro\/wp-json\/wp\/v2\/product"}],"about":[{"href":"https:\/\/www.maag-polska.pl\/ro\/wp-json\/wp\/v2\/types\/product"}],"replies":[{"embeddable":true,"href":"https:\/\/www.maag-polska.pl\/ro\/wp-json\/wp\/v2\/comments?post=26012"}],"wp:featuredmedia":[{"embeddable":true,"href":"https:\/\/www.maag-polska.pl\/ro\/wp-json\/wp\/v2\/media\/24227"}],"wp:attachment":[{"href":"https:\/\/www.maag-polska.pl\/ro\/wp-json\/wp\/v2\/media?parent=26012"}],"wp:term":[{"taxonomy":"product_brand","embeddable":true,"href":"https:\/\/www.maag-polska.pl\/ro\/wp-json\/wp\/v2\/product_brand?post=26012"},{"taxonomy":"product_cat","embeddable":true,"href":"https:\/\/www.maag-polska.pl\/ro\/wp-json\/wp\/v2\/product_cat?post=26012"},{"taxonomy":"product_tag","embeddable":true,"href":"https:\/\/www.maag-polska.pl\/ro\/wp-json\/wp\/v2\/product_tag?post=26012"}],"curies":[{"name":"wp","href":"https:\/\/api.w.org\/{rel}","templated":true}]}}