{"id":26011,"date":"2025-09-01T08:33:04","date_gmt":"2025-09-01T08:33:04","guid":{"rendered":"https:\/\/www.maag-polska.pl\/obrzeza-meblowe\/d54-2-concrete-flow\/"},"modified":"2025-09-01T09:12:32","modified_gmt":"2025-09-01T09:12:32","slug":"d54-2-concrete-flow","status":"publish","type":"product","link":"https:\/\/www.maag-polska.pl\/ro\/obrzeza-meblowe\/d54-2-concrete-flow\/","title":{"rendered":"Margini Mobilier D54\/2 CONCRETE FLOW"},"content":{"rendered":"<div>\n<p>Band\u0103 de margine din PVC de \u00eenalt\u0103 performan\u021b\u0103 proiectat\u0103 pentru a se potrivi cu decorul Kronospan K350 RT BETON, cu polimeri avansa\u021bi rezisten\u021bi la UV \u0219i grosime calibrat\u0103 cu precizie de 2 mm. Acest material rafinat din punct de vedere tehnic pentru prelucrarea lemnului \u00eencorporeaz\u0103 o structur\u0103 specializat\u0103 de suprafa\u021b\u0103 cu microgranule, asigur\u00e2nd propriet\u0103\u021bi optime de aderen\u021b\u0103 \u0219i stabilitate dimensional\u0103 \u00eembun\u0103t\u0103\u021bit\u0103 \u00een timpul proces\u0103rii. Compozi\u021bia din PVC pur ofer\u0103 o potrivire constant\u0103 a culorilor \u00een loturile de produc\u021bie, men\u021bin\u00e2nd \u00een acela\u0219i timp parametrii tehnici stricti pentru aplica\u021bii industriale.<\/p>\n<p>Maximiza\u021bi eficien\u021ba \u00een produc\u021bia de mobilier cu aceast\u0103 solu\u021bie rentabil\u0103 de bandare a marginilor care reduce risipa de material prin alinierea precis\u0103 de la margine la suprafa\u021b\u0103. Finisajul specializat BETON se integreaz\u0103 perfect cu design-urile arhitecturale moderne, \u00een timp ce construc\u021bia sa robust\u0103 asigur\u0103 durabilitate pe termen lung \u00een medii comerciale cu trafic intens. Perfect\u0103 pentru produc\u021bia de dulapuri la scar\u0103 larg\u0103, aceast\u0103 solu\u021bie de margine a mobilierului \u00ee\u0219i men\u021bine atractivitatea estetic\u0103, oferind \u00een acela\u0219i timp economii substan\u021biale la costurile de \u00eentre\u021binere \u0219i \u00eenlocuire.<\/p>\n<\/div>\n","protected":false},"excerpt":{"rendered":"<p>22&#215;0,6; 22&#215;0,8; 22&#215;1; 22&#215;2; 28&#215;2*; 32&#215;2*; 35&#215;1*; 42&#215;0,8; 42&#215;2<\/p>\n","protected":false},"featured_media":23710,"comment_status":"closed","ping_status":"open","template":"","meta":{"_acf_changed":false},"product_brand":[],"product_cat":[1209],"product_tag":[],"class_list":{"0":"post-26011","1":"product","2":"type-product","3":"status-publish","4":"has-post-thumbnail","6":"product_cat-margini-mobilier","8":"first","9":"instock","10":"product-type-simple"},"acf":[],"_links":{"self":[{"href":"https:\/\/www.maag-polska.pl\/ro\/wp-json\/wp\/v2\/product\/26011","targetHints":{"allow":["GET"]}}],"collection":[{"href":"https:\/\/www.maag-polska.pl\/ro\/wp-json\/wp\/v2\/product"}],"about":[{"href":"https:\/\/www.maag-polska.pl\/ro\/wp-json\/wp\/v2\/types\/product"}],"replies":[{"embeddable":true,"href":"https:\/\/www.maag-polska.pl\/ro\/wp-json\/wp\/v2\/comments?post=26011"}],"wp:featuredmedia":[{"embeddable":true,"href":"https:\/\/www.maag-polska.pl\/ro\/wp-json\/wp\/v2\/media\/23710"}],"wp:attachment":[{"href":"https:\/\/www.maag-polska.pl\/ro\/wp-json\/wp\/v2\/media?parent=26011"}],"wp:term":[{"taxonomy":"product_brand","embeddable":true,"href":"https:\/\/www.maag-polska.pl\/ro\/wp-json\/wp\/v2\/product_brand?post=26011"},{"taxonomy":"product_cat","embeddable":true,"href":"https:\/\/www.maag-polska.pl\/ro\/wp-json\/wp\/v2\/product_cat?post=26011"},{"taxonomy":"product_tag","embeddable":true,"href":"https:\/\/www.maag-polska.pl\/ro\/wp-json\/wp\/v2\/product_tag?post=26011"}],"curies":[{"name":"wp","href":"https:\/\/api.w.org\/{rel}","templated":true}]}}