{"id":26010,"date":"2025-09-01T08:33:04","date_gmt":"2025-09-01T08:33:04","guid":{"rendered":"https:\/\/www.maag-polska.pl\/obrzeza-meblowe\/d54-1-silk-flow\/"},"modified":"2025-09-01T09:12:32","modified_gmt":"2025-09-01T09:12:32","slug":"d54-1-silk-flow","status":"publish","type":"product","link":"https:\/\/www.maag-polska.pl\/ro\/obrzeza-meblowe\/d54-1-silk-flow\/","title":{"rendered":"Margini Mobilier D54\/1 SILK FLOW"},"content":{"rendered":"<div>\n<p>Borduri profesionale din PVC cu finisaj D54\/1 BETON JASNY, care se potrivesc cu decorul Kronospan K349 RT, ofer\u0103 o stabilitate dimensional\u0103 excep\u021bional\u0103 cu o toleran\u021b\u0103 la grosime de \u00b10,10 mm. Aceast\u0103 compozi\u021bie din PVC pur asigur\u0103 o potrivire precis\u0103 a culorilor \u0219i men\u021bine integritatea structural\u0103 \u00een condi\u021bii variate. Banda de margine are un strat special rezistent la UV care previne decolorarea, \u00een timp ce miezul s\u0103u rezistent la impact rezist\u0103 la uzura zilnic\u0103. Parametrii tehnici includ temperaturi optime de procesare de 180-200\u00b0C \u0219i compatibilitatea cu sistemele adezive standard.<\/p>\n<p>Potrivit \u00een special pentru interioare comerciale moderne \u0219i proiecte de design industrial \u00een care estetica betonului se \u00eent\u00e2lne\u0219te cu durabilitatea practic\u0103. Aceste materiale pentru prelucrarea lemnului exceleaz\u0103 \u00een accesorii de v\u00e2nzare cu am\u0103nuntul cu trafic intens, mobilier de birou \u0219i instala\u021bii de buc\u0103t\u0103rie contemporane. Marginea mobilierului completeaz\u0103 perfect elementele arhitecturale \u0219i sistemele de mobilier modulare. Recomandat pentru aplica\u021bii verticale \u0219i orizontale \u00een spa\u021bii comerciale, \u00een special \u00een medii care necesit\u0103 cur\u0103\u021bare \u0219i \u00eentre\u021binere frecvent\u0103. Ideal pentru proiecte care necesit\u0103 o consisten\u021b\u0103 precis\u0103 a culorii cu suprafe\u021bele Kronospan.<\/p>\n<\/div>\n","protected":false},"excerpt":{"rendered":"<p>22&#215;0,6; 22&#215;0,8; 22&#215;1; 22&#215;2; 28&#215;2*; 32&#215;2*; 35&#215;1*; 42&#215;0,8; 42&#215;2<\/p>\n","protected":false},"featured_media":26543,"comment_status":"closed","ping_status":"open","template":"","meta":{"_acf_changed":false},"product_brand":[],"product_cat":[1209],"product_tag":[],"class_list":{"0":"post-26010","1":"product","2":"type-product","3":"status-publish","4":"has-post-thumbnail","6":"product_cat-margini-mobilier","8":"first","9":"instock","10":"product-type-simple"},"acf":[],"_links":{"self":[{"href":"https:\/\/www.maag-polska.pl\/ro\/wp-json\/wp\/v2\/product\/26010","targetHints":{"allow":["GET"]}}],"collection":[{"href":"https:\/\/www.maag-polska.pl\/ro\/wp-json\/wp\/v2\/product"}],"about":[{"href":"https:\/\/www.maag-polska.pl\/ro\/wp-json\/wp\/v2\/types\/product"}],"replies":[{"embeddable":true,"href":"https:\/\/www.maag-polska.pl\/ro\/wp-json\/wp\/v2\/comments?post=26010"}],"wp:featuredmedia":[{"embeddable":true,"href":"https:\/\/www.maag-polska.pl\/ro\/wp-json\/wp\/v2\/media\/26543"}],"wp:attachment":[{"href":"https:\/\/www.maag-polska.pl\/ro\/wp-json\/wp\/v2\/media?parent=26010"}],"wp:term":[{"taxonomy":"product_brand","embeddable":true,"href":"https:\/\/www.maag-polska.pl\/ro\/wp-json\/wp\/v2\/product_brand?post=26010"},{"taxonomy":"product_cat","embeddable":true,"href":"https:\/\/www.maag-polska.pl\/ro\/wp-json\/wp\/v2\/product_cat?post=26010"},{"taxonomy":"product_tag","embeddable":true,"href":"https:\/\/www.maag-polska.pl\/ro\/wp-json\/wp\/v2\/product_tag?post=26010"}],"curies":[{"name":"wp","href":"https:\/\/api.w.org\/{rel}","templated":true}]}}