{"id":26009,"date":"2025-09-01T08:33:04","date_gmt":"2025-09-01T08:33:04","guid":{"rendered":"https:\/\/www.maag-polska.pl\/obrzeza-meblowe\/d51-1-satin-blackwood\/"},"modified":"2025-09-01T09:12:31","modified_gmt":"2025-09-01T09:12:31","slug":"d51-1-satin-blackwood","status":"publish","type":"product","link":"https:\/\/www.maag-polska.pl\/ro\/obrzeza-meblowe\/d51-1-satin-blackwood\/","title":{"rendered":"Margini Mobilier D51\/1 SATIN BLACKWOOD"},"content":{"rendered":"<div>\n<p>Bordurile profesionale din PVC cu finisaj BLACKWOOD SATYNOWY combin\u0103 durabilitatea excep\u021bional\u0103 cu propriet\u0103\u021bile rezistente la UV. Acest material din PVC pur pentru prelucrarea lemnului \u00ee\u0219i men\u021bine aspectul bogat, asem\u0103n\u0103tor satinului, chiar \u0219i sub expunerea intens\u0103 la lumina soarelui \u0219i purtarea zilnic\u0103. Compozi\u021bia robust\u0103 a benzilor de margine rezist\u0103 la impacturi, umiditate \u0219i varia\u021bii de temperatur\u0103, f\u0103c\u00e2ndu-l ideal pentru mediile comerciale cu trafic intens. Stabilitatea culorii sale asigur\u0103 c\u0103 tonul profund de lemn negru r\u0103m\u00e2ne constant pe parcursul anilor de utilizare.<\/p>\n<p>Transform\u0103-\u021bi marginile mobilei cu aceast\u0103 band\u0103 de margine din PVC cu aplicare rapid\u0103, care simplific\u0103 procesul de finisare. Materialul proiectat cu precizie permite t\u0103ieturi curate \u0219i eficiente, cu pierderi minime \u00een timpul instal\u0103rii. Profesioni\u0219tii \u00een prelucrarea lemnului apreciaz\u0103 grosimea sa constant\u0103 \u0219i propriet\u0103\u021bile optime de aderen\u021b\u0103, care permit o prelucrare lin\u0103 at\u00e2t pe suprafe\u021be drepte, c\u00e2t \u0219i pe suprafe\u021be curbe. Aceast\u0103 solu\u021bie de margine a mobilierului elimin\u0103 necesitatea unor pa\u0219i suplimentari de finisare, economisind timp de produc\u021bie valoros, oferind \u00een acela\u0219i timp rezultate profesionale.<\/p>\n<\/div>\n","protected":false},"excerpt":{"rendered":"<p>32&#215;2*; 42&#215;2<\/p>\n","protected":false},"featured_media":24222,"comment_status":"closed","ping_status":"open","template":"","meta":{"_acf_changed":false},"product_brand":[],"product_cat":[1209],"product_tag":[],"class_list":{"0":"post-26009","1":"product","2":"type-product","3":"status-publish","4":"has-post-thumbnail","6":"product_cat-margini-mobilier","8":"first","9":"instock","10":"product-type-simple"},"acf":[],"_links":{"self":[{"href":"https:\/\/www.maag-polska.pl\/ro\/wp-json\/wp\/v2\/product\/26009","targetHints":{"allow":["GET"]}}],"collection":[{"href":"https:\/\/www.maag-polska.pl\/ro\/wp-json\/wp\/v2\/product"}],"about":[{"href":"https:\/\/www.maag-polska.pl\/ro\/wp-json\/wp\/v2\/types\/product"}],"replies":[{"embeddable":true,"href":"https:\/\/www.maag-polska.pl\/ro\/wp-json\/wp\/v2\/comments?post=26009"}],"wp:featuredmedia":[{"embeddable":true,"href":"https:\/\/www.maag-polska.pl\/ro\/wp-json\/wp\/v2\/media\/24222"}],"wp:attachment":[{"href":"https:\/\/www.maag-polska.pl\/ro\/wp-json\/wp\/v2\/media?parent=26009"}],"wp:term":[{"taxonomy":"product_brand","embeddable":true,"href":"https:\/\/www.maag-polska.pl\/ro\/wp-json\/wp\/v2\/product_brand?post=26009"},{"taxonomy":"product_cat","embeddable":true,"href":"https:\/\/www.maag-polska.pl\/ro\/wp-json\/wp\/v2\/product_cat?post=26009"},{"taxonomy":"product_tag","embeddable":true,"href":"https:\/\/www.maag-polska.pl\/ro\/wp-json\/wp\/v2\/product_tag?post=26009"}],"curies":[{"name":"wp","href":"https:\/\/api.w.org\/{rel}","templated":true}]}}