{"id":26008,"date":"2025-09-01T08:33:04","date_gmt":"2025-09-01T08:33:04","guid":{"rendered":"https:\/\/www.maag-polska.pl\/obrzeza-meblowe\/d50-1-carbon-marine-wood\/"},"modified":"2025-09-01T09:12:30","modified_gmt":"2025-09-01T09:12:30","slug":"d50-1-carbon-marine-wood","status":"publish","type":"product","link":"https:\/\/www.maag-polska.pl\/ro\/obrzeza-meblowe\/d50-1-carbon-marine-wood\/","title":{"rendered":"Margini Mobilier D50\/1 CARBON MARINE WOOD"},"content":{"rendered":"<div>\n<p>Tonurile intense de carbon se \u00eembin\u0103 cu modelele autentice din lemn marin \u00een aceast\u0103 band\u0103 de margine din PVC premium, cre\u00e2nd un finisaj sofisticat care ridic\u0103 designul modern al mobilierului. Banda de margine D50\/1 CARBON MARINE WOOD surprinde esen\u021ba esteticii nautice \u00eentunecate, men\u021bin\u00e2nd \u00een acela\u0219i timp stabilitatea culorii \u00een diferite condi\u021bii de iluminare. Formula sa rezistent\u0103 la UV p\u0103streaz\u0103 nuan\u021bele bogate de carbon, prevenind decolorarea \u0219i decolorarea chiar \u0219i \u00een zonele expuse la soare.<\/p>\n<p>Fabricat din PVC pur, acest material versatil pentru prelucrarea lemnului se adapteaz\u0103 perfect la diverse aplica\u021bii de mobilier, de la dulapuri elegante de birou p\u00e2n\u0103 la instala\u021bii de buc\u0103t\u0103rie contemporane. Ingineria precis\u0103 a benzilor de margine asigur\u0103 pierderi minime \u00een timpul proces\u0103rii, \u00een timp ce propriet\u0103\u021bile sale rezistente la impact o fac ideal\u0103 pentru mediile comerciale cu trafic intens. Produc\u0103torii profesioni\u0219ti de mobil\u0103 vor aprecia propriet\u0103\u021bile sale de aderen\u021b\u0103 consistente \u0219i caracteristicile de t\u0103iere curate, f\u0103c\u00e2ndu-l o alegere fiabil\u0103 at\u00e2t pentru marginile drepte, c\u00e2t \u0219i pentru suprafe\u021bele curbe complexe.<\/p>\n<\/div>\n","protected":false},"excerpt":{"rendered":"<p>42&#215;2<\/p>\n","protected":false},"featured_media":24219,"comment_status":"closed","ping_status":"open","template":"","meta":{"_acf_changed":false},"product_brand":[],"product_cat":[1209],"product_tag":[],"class_list":{"0":"post-26008","1":"product","2":"type-product","3":"status-publish","4":"has-post-thumbnail","6":"product_cat-margini-mobilier","8":"first","9":"instock","10":"product-type-simple"},"acf":[],"_links":{"self":[{"href":"https:\/\/www.maag-polska.pl\/ro\/wp-json\/wp\/v2\/product\/26008","targetHints":{"allow":["GET"]}}],"collection":[{"href":"https:\/\/www.maag-polska.pl\/ro\/wp-json\/wp\/v2\/product"}],"about":[{"href":"https:\/\/www.maag-polska.pl\/ro\/wp-json\/wp\/v2\/types\/product"}],"replies":[{"embeddable":true,"href":"https:\/\/www.maag-polska.pl\/ro\/wp-json\/wp\/v2\/comments?post=26008"}],"wp:featuredmedia":[{"embeddable":true,"href":"https:\/\/www.maag-polska.pl\/ro\/wp-json\/wp\/v2\/media\/24219"}],"wp:attachment":[{"href":"https:\/\/www.maag-polska.pl\/ro\/wp-json\/wp\/v2\/media?parent=26008"}],"wp:term":[{"taxonomy":"product_brand","embeddable":true,"href":"https:\/\/www.maag-polska.pl\/ro\/wp-json\/wp\/v2\/product_brand?post=26008"},{"taxonomy":"product_cat","embeddable":true,"href":"https:\/\/www.maag-polska.pl\/ro\/wp-json\/wp\/v2\/product_cat?post=26008"},{"taxonomy":"product_tag","embeddable":true,"href":"https:\/\/www.maag-polska.pl\/ro\/wp-json\/wp\/v2\/product_tag?post=26008"}],"curies":[{"name":"wp","href":"https:\/\/api.w.org\/{rel}","templated":true}]}}