{"id":26005,"date":"2025-09-01T08:33:04","date_gmt":"2025-09-01T08:33:04","guid":{"rendered":"https:\/\/www.maag-polska.pl\/obrzeza-meblowe\/d43-1-vintage-marine-wood\/"},"modified":"2025-09-01T09:12:28","modified_gmt":"2025-09-01T09:12:28","slug":"d43-1-vintage-marine-wood","status":"publish","type":"product","link":"https:\/\/www.maag-polska.pl\/ro\/obrzeza-meblowe\/d43-1-vintage-marine-wood\/","title":{"rendered":"Margini Mobilier D43\/1 VINTAGE MARINE WOOD"},"content":{"rendered":"<div>\n<p>Band\u0103 de margine din PVC de calitate profesional\u0103 conceput\u0103 special pentru decorul Kronospan K015 PW Vintage Marine Wood, oferind rezisten\u021b\u0103 excep\u021bional\u0103 \u00eempotriva uzurii zilnice \u0219i a mediilor de inspira\u021bie maritim\u0103. Aceast\u0103 band\u0103 de margine rezistent\u0103 la UV \u00ee\u0219i men\u021bine aspectul autentic al lemnului chiar \u0219i la expunerea la lumin\u0103 intens\u0103, prevenind decolorarea \u0219i decolorarea. Fabricat din compu\u0219i puri din PVC, ofer\u0103 rezisten\u021b\u0103 superioar\u0103 la impact \u0219i stabilitate dimensional\u0103, f\u0103c\u00e2ndu-l ideal pentru aplica\u021bii de mobilier cu trafic intens.<\/p>\n<p>Transforma\u021bi-v\u0103 materialele de prelucrare a lemnului \u00een piese finite mai repede cu aceast\u0103 band\u0103 de margine proiectat\u0103 cu precizie care ader\u0103 lin \u0219i constant. Grosimea optimizat\u0103 asigur\u0103 t\u0103ieturi curate cu risip\u0103 minim\u0103, \u00een timp ce tratamentul specializat al suprafe\u021bei permite lipirea rapid\u0103 \u0219i t\u0103ierea f\u0103r\u0103 efort. Perfect pentru marginile mobilierului \u0219i finisarea dulapurilor, aceast\u0103 band\u0103 de margine din PVC elimin\u0103 nevoia de post-procesare suplimentar\u0103, economisind timp valoros \u00een atelier.<\/p>\n<\/div>\n","protected":false},"excerpt":{"rendered":"<p>22&#215;0,6; 22&#215;1; 22&#215;2; 32&#215;2*; 35&#215;1*; 42&#215;2<\/p>\n","protected":false},"featured_media":24210,"comment_status":"closed","ping_status":"open","template":"","meta":{"_acf_changed":false},"product_brand":[],"product_cat":[1209],"product_tag":[],"class_list":{"0":"post-26005","1":"product","2":"type-product","3":"status-publish","4":"has-post-thumbnail","6":"product_cat-margini-mobilier","8":"first","9":"instock","10":"product-type-simple"},"acf":[],"_links":{"self":[{"href":"https:\/\/www.maag-polska.pl\/ro\/wp-json\/wp\/v2\/product\/26005","targetHints":{"allow":["GET"]}}],"collection":[{"href":"https:\/\/www.maag-polska.pl\/ro\/wp-json\/wp\/v2\/product"}],"about":[{"href":"https:\/\/www.maag-polska.pl\/ro\/wp-json\/wp\/v2\/types\/product"}],"replies":[{"embeddable":true,"href":"https:\/\/www.maag-polska.pl\/ro\/wp-json\/wp\/v2\/comments?post=26005"}],"wp:featuredmedia":[{"embeddable":true,"href":"https:\/\/www.maag-polska.pl\/ro\/wp-json\/wp\/v2\/media\/24210"}],"wp:attachment":[{"href":"https:\/\/www.maag-polska.pl\/ro\/wp-json\/wp\/v2\/media?parent=26005"}],"wp:term":[{"taxonomy":"product_brand","embeddable":true,"href":"https:\/\/www.maag-polska.pl\/ro\/wp-json\/wp\/v2\/product_brand?post=26005"},{"taxonomy":"product_cat","embeddable":true,"href":"https:\/\/www.maag-polska.pl\/ro\/wp-json\/wp\/v2\/product_cat?post=26005"},{"taxonomy":"product_tag","embeddable":true,"href":"https:\/\/www.maag-polska.pl\/ro\/wp-json\/wp\/v2\/product_tag?post=26005"}],"curies":[{"name":"wp","href":"https:\/\/api.w.org\/{rel}","templated":true}]}}