{"id":26003,"date":"2025-09-01T08:32:48","date_gmt":"2025-09-01T08:32:48","guid":{"rendered":"https:\/\/www.maag-polska.pl\/obrzeza-meblowe\/d41-2-calvados-krono\/"},"modified":"2025-09-01T09:12:23","modified_gmt":"2025-09-01T09:12:23","slug":"d41-2-calvados-krono","status":"publish","type":"product","link":"https:\/\/www.maag-polska.pl\/ro\/obrzeza-meblowe\/d41-2-calvados-krono\/","title":{"rendered":"Margini Mobilier D41\/2 CALVADOS KRONO"},"content":{"rendered":"<div>\n<p>Banda de margine din PVC D41\/2 CALVADOS KRONO de \u00eenalt\u0103 performan\u021b\u0103 ofer\u0103 stabilitate dimensional\u0103 precis\u0103 cu o toleran\u021b\u0103 la grosime de \u00b10,2 mm. Compozi\u021bia din PVC pur prezint\u0103 compu\u0219i avansa\u021bi de stabilizare UV, asigur\u00e2nd o reten\u021bie de culoare de 96% dup\u0103 3000 de ore de teste accelerate de intemperii. Acest material pentru prelucrarea lemnului \u00eencorporeaz\u0103 o structur\u0103 de suprafa\u021b\u0103 specializat\u0103 care men\u021bine o rezisten\u021b\u0103 constant\u0103 de aderen\u021b\u0103 de 3,5 N\/mm\u00b2, chiar \u0219i \u00een condi\u021bii de temperatur\u0103 variabil\u0103. Matricea polimeric\u0103 proiectat\u0103 a benzilor de cant permite t\u0103ierea curat\u0103 la unghiuri de 90\u00b0 f\u0103r\u0103 a\u0219chiere sau risip\u0103 de material.<\/p>\n<p>D41\/2 CALVADOS KRONO eficientizeaz\u0103 produc\u021bia de mobilier elimin\u00e2nd necesitatea unor tratamente suplimentare de suprafa\u021b\u0103. Formula sa gata de utilizare reduce timpul de procesare cu p\u00e2n\u0103 la 40% \u00een compara\u021bie cu metodele tradi\u021bionale de finisare a marginilor. Rezisten\u021ba la impact \u00eencorporat\u0103 a materialului de margine a mobilierului extinde ciclul de via\u021b\u0103 al produsului, minimiz\u00e2nd cererile de garan\u021bie \u0219i costurile de \u00eenlocuire. Produc\u0103torii beneficiaz\u0103 de consisten\u021ba optim\u0103 a l\u0103\u021bimii benzilor de margine din PVC, care asigur\u0103 aplicarea automat\u0103 lin\u0103 \u0219i reduce risipa de material la mai pu\u021bin de 2% pe ciclu de produc\u021bie.<\/p>\n<\/div>\n","protected":false},"excerpt":{"rendered":"<p>22&#215;0,6; 22&#215;1; 22&#215;2; 28&#215;1*; 28&#215;2*; 32&#215;2*; 35&#215;1*; 42&#215;2<\/p>\n","protected":false},"featured_media":24204,"comment_status":"closed","ping_status":"open","template":"","meta":{"_acf_changed":false},"product_brand":[],"product_cat":[1209],"product_tag":[],"class_list":{"0":"post-26003","1":"product","2":"type-product","3":"status-publish","4":"has-post-thumbnail","6":"product_cat-margini-mobilier","8":"first","9":"instock","10":"product-type-simple"},"acf":[],"_links":{"self":[{"href":"https:\/\/www.maag-polska.pl\/ro\/wp-json\/wp\/v2\/product\/26003","targetHints":{"allow":["GET"]}}],"collection":[{"href":"https:\/\/www.maag-polska.pl\/ro\/wp-json\/wp\/v2\/product"}],"about":[{"href":"https:\/\/www.maag-polska.pl\/ro\/wp-json\/wp\/v2\/types\/product"}],"replies":[{"embeddable":true,"href":"https:\/\/www.maag-polska.pl\/ro\/wp-json\/wp\/v2\/comments?post=26003"}],"wp:featuredmedia":[{"embeddable":true,"href":"https:\/\/www.maag-polska.pl\/ro\/wp-json\/wp\/v2\/media\/24204"}],"wp:attachment":[{"href":"https:\/\/www.maag-polska.pl\/ro\/wp-json\/wp\/v2\/media?parent=26003"}],"wp:term":[{"taxonomy":"product_brand","embeddable":true,"href":"https:\/\/www.maag-polska.pl\/ro\/wp-json\/wp\/v2\/product_brand?post=26003"},{"taxonomy":"product_cat","embeddable":true,"href":"https:\/\/www.maag-polska.pl\/ro\/wp-json\/wp\/v2\/product_cat?post=26003"},{"taxonomy":"product_tag","embeddable":true,"href":"https:\/\/www.maag-polska.pl\/ro\/wp-json\/wp\/v2\/product_tag?post=26003"}],"curies":[{"name":"wp","href":"https:\/\/api.w.org\/{rel}","templated":true}]}}