{"id":26002,"date":"2025-09-01T08:32:48","date_gmt":"2025-09-01T08:32:48","guid":{"rendered":"https:\/\/www.maag-polska.pl\/obrzeza-meblowe\/d40-1-woodline-cream\/"},"modified":"2025-09-01T09:12:23","modified_gmt":"2025-09-01T09:12:23","slug":"d40-1-woodline-cream","status":"publish","type":"product","link":"https:\/\/www.maag-polska.pl\/ro\/obrzeza-meblowe\/d40-1-woodline-cream\/","title":{"rendered":"Margini Mobilier D40\/1 WOODLINE CREAM"},"content":{"rendered":"<div>\n<p>Bordul de cant premium D40\/1 WOODLINE KREM PVC ofer\u0103 performan\u021be tehnice excep\u021bionale cu o grosime de 1 mm \u0219i o potrivire precis\u0103 a culorilor cu decorurile Nordic Teak \u0219i Oak Rome. Aceast\u0103 compozi\u021bie din PVC pur asigur\u0103 rezisten\u021b\u0103 superioar\u0103 la UV \u0219i stabilitate dimensional\u0103, men\u021bin\u00e2ndu-\u0219i aspectul curat chiar \u0219i \u00een condi\u021bii de expunere la lumin\u0103 intens\u0103. Materialul are o textur\u0103 de suprafa\u021b\u0103 atent calibrat\u0103 \u0219i un punct de topire de 220\u00b0, permi\u021b\u00e2nd o aderen\u021b\u0103 optim\u0103 \u0219i o prelucrare curat\u0103 la viteze de 12-25 m\/min. Cu o rezisten\u021b\u0103 la trac\u021biune de 28 N\/mm\u00b2 \u0219i o alungire la rupere >150%, aceast\u0103 band\u0103 de margine garanteaz\u0103 durabilitate pe termen lung \u0219i rezisten\u021b\u0103 la impact.<\/p>\n<p>Proiectat special pentru produc\u021bia de mobilier de ultim\u0103 genera\u021bie \u0219i proiectele comerciale de prelucrare a lemnului \u00een care sunt dorite tonuri deschise de lemn. Perfect pentru sistemele de mobilier de birou, dulapuri de buc\u0103t\u0103rie \u0219i unit\u0103\u021bi de afi\u0219are de v\u00e2nzare cu am\u0103nuntul care necesit\u0103 finisare f\u0103r\u0103 sudur\u0103. Tonul crem neutru completeaz\u0103 at\u00e2t designurile scandinave moderne, c\u00e2t \u0219i piesele de mobilier clasice, f\u0103c\u00e2ndu-l versatil pentru diverse stiluri de interior. Materialele profesionale pentru prelucrarea lemnului, cum ar fi aceast\u0103 band\u0103 de cant, exceleaz\u0103 \u00een sistemele automate de prelucrare a marginilor \u0219i sunt potrivite \u00een special pentru instala\u021biile care produc loturi mari de mobilier cu cerin\u021be de calitate consecvente. Ideal pentru proiecte care cer at\u00e2t rafinament estetic, c\u00e2t \u0219i fiabilitate tehnic\u0103.<\/p>\n<\/div>\n","protected":false},"excerpt":{"rendered":"<p>22&#215;0,6; 22&#215;1; 22&#215;2; 32&#215;2*; 35&#215;1*; 42&#215;2<\/p>\n","protected":false},"featured_media":24201,"comment_status":"closed","ping_status":"open","template":"","meta":{"_acf_changed":false},"product_brand":[],"product_cat":[1209],"product_tag":[],"class_list":{"0":"post-26002","1":"product","2":"type-product","3":"status-publish","4":"has-post-thumbnail","6":"product_cat-margini-mobilier","8":"first","9":"instock","10":"product-type-simple"},"acf":[],"_links":{"self":[{"href":"https:\/\/www.maag-polska.pl\/ro\/wp-json\/wp\/v2\/product\/26002","targetHints":{"allow":["GET"]}}],"collection":[{"href":"https:\/\/www.maag-polska.pl\/ro\/wp-json\/wp\/v2\/product"}],"about":[{"href":"https:\/\/www.maag-polska.pl\/ro\/wp-json\/wp\/v2\/types\/product"}],"replies":[{"embeddable":true,"href":"https:\/\/www.maag-polska.pl\/ro\/wp-json\/wp\/v2\/comments?post=26002"}],"wp:featuredmedia":[{"embeddable":true,"href":"https:\/\/www.maag-polska.pl\/ro\/wp-json\/wp\/v2\/media\/24201"}],"wp:attachment":[{"href":"https:\/\/www.maag-polska.pl\/ro\/wp-json\/wp\/v2\/media?parent=26002"}],"wp:term":[{"taxonomy":"product_brand","embeddable":true,"href":"https:\/\/www.maag-polska.pl\/ro\/wp-json\/wp\/v2\/product_brand?post=26002"},{"taxonomy":"product_cat","embeddable":true,"href":"https:\/\/www.maag-polska.pl\/ro\/wp-json\/wp\/v2\/product_cat?post=26002"},{"taxonomy":"product_tag","embeddable":true,"href":"https:\/\/www.maag-polska.pl\/ro\/wp-json\/wp\/v2\/product_tag?post=26002"}],"curies":[{"name":"wp","href":"https:\/\/api.w.org\/{rel}","templated":true}]}}