{"id":26001,"date":"2025-09-01T08:32:48","date_gmt":"2025-09-01T08:32:48","guid":{"rendered":"https:\/\/www.maag-polska.pl\/obrzeza-meblowe\/d4-9-antique-oak\/"},"modified":"2025-09-01T09:12:20","modified_gmt":"2025-09-01T09:12:20","slug":"d4-9-antique-oak","status":"publish","type":"product","link":"https:\/\/www.maag-polska.pl\/ro\/obrzeza-meblowe\/d4-9-antique-oak\/","title":{"rendered":"Margini Mobilier D4\/9 ANTIQUE OAK"},"content":{"rendered":"<div>\n<p>Bordurile profesionale din PVC cu finisaj D4\/9 D\u0104B ANTYCZNY ofer\u0103 o rezisten\u021b\u0103 excep\u021bional\u0103 \u00eempotriva uzurii zilnice. Aceast\u0103 compozi\u021bie din PVC pur \u00ee\u0219i men\u021bine integritatea structural\u0103 chiar \u0219i \u00een cazul utiliz\u0103rii intense, f\u0103c\u00e2ndu-l ideal pentru aplica\u021bii de mobilier cu trafic intens. Formula rezistent\u0103 la UV previne decolorarea culorii \u0219i asigur\u0103 un aspect estetic de durat\u0103, \u00een timp ce propriet\u0103\u021bile rezistente la impact protejeaz\u0103 marginile mobilierului de lovituri \u0219i lovituri accidentale. Aceste materiale de prelucrare a lemnului \u00ee\u0219i p\u0103streaz\u0103 aspectul curat prin ani de expunere la diferite condi\u021bii de mediu.<\/p>\n<p>Transforma\u021bi-v\u0103 proiectele de mobilier \u00een mod eficient cu aceast\u0103 solu\u021bie de band\u0103 de margine u\u0219or de utilizat. Stratul adeziv proiectat cu precizie se activeaz\u0103 rapid \u00een timpul aplic\u0103rii, cre\u00e2nd o leg\u0103tur\u0103 sigur\u0103 f\u0103r\u0103 pa\u0219i complicati de preg\u0103tire. Aceast\u0103 band\u0103 de finisare a marginilor mobilierului permite t\u0103ieturi curate, precise, cu risip\u0103 minim\u0103, simplific\u00e2nd fluxul de lucru. Flexibilitatea echilibrat\u0103 a materialului \u00eel face remarcabil de u\u0219or de prelucrat at\u00e2t \u00een jurul marginilor drepte, c\u00e2t \u0219i \u00een jurul curbelor, ajut\u00e2ndu-v\u0103 s\u0103 ob\u021bine\u021bi rezultate profesionale \u00een mai pu\u021bin timp. Perfect at\u00e2t pentru sistemele de band\u0103 de margine manuale, c\u00e2t \u0219i automate.<\/p>\n<\/div>\n","protected":false},"excerpt":{"rendered":"<p>22&#215;0,6; 22&#215;1; 22&#215;2; 28&#215;2*; 32&#215;2*; 35&#215;1*; 42&#215;2<\/p>\n","protected":false},"featured_media":24198,"comment_status":"closed","ping_status":"open","template":"","meta":{"_acf_changed":false},"product_brand":[],"product_cat":[1209],"product_tag":[],"class_list":{"0":"post-26001","1":"product","2":"type-product","3":"status-publish","4":"has-post-thumbnail","6":"product_cat-margini-mobilier","8":"first","9":"instock","10":"product-type-simple"},"acf":[],"_links":{"self":[{"href":"https:\/\/www.maag-polska.pl\/ro\/wp-json\/wp\/v2\/product\/26001","targetHints":{"allow":["GET"]}}],"collection":[{"href":"https:\/\/www.maag-polska.pl\/ro\/wp-json\/wp\/v2\/product"}],"about":[{"href":"https:\/\/www.maag-polska.pl\/ro\/wp-json\/wp\/v2\/types\/product"}],"replies":[{"embeddable":true,"href":"https:\/\/www.maag-polska.pl\/ro\/wp-json\/wp\/v2\/comments?post=26001"}],"wp:featuredmedia":[{"embeddable":true,"href":"https:\/\/www.maag-polska.pl\/ro\/wp-json\/wp\/v2\/media\/24198"}],"wp:attachment":[{"href":"https:\/\/www.maag-polska.pl\/ro\/wp-json\/wp\/v2\/media?parent=26001"}],"wp:term":[{"taxonomy":"product_brand","embeddable":true,"href":"https:\/\/www.maag-polska.pl\/ro\/wp-json\/wp\/v2\/product_brand?post=26001"},{"taxonomy":"product_cat","embeddable":true,"href":"https:\/\/www.maag-polska.pl\/ro\/wp-json\/wp\/v2\/product_cat?post=26001"},{"taxonomy":"product_tag","embeddable":true,"href":"https:\/\/www.maag-polska.pl\/ro\/wp-json\/wp\/v2\/product_tag?post=26001"}],"curies":[{"name":"wp","href":"https:\/\/api.w.org\/{rel}","templated":true}]}}