{"id":25997,"date":"2025-09-01T08:32:48","date_gmt":"2025-09-01T08:32:48","guid":{"rendered":"https:\/\/www.maag-polska.pl\/obrzeza-meblowe\/d4-84-ferrara-oak\/"},"modified":"2025-09-01T09:12:17","modified_gmt":"2025-09-01T09:12:17","slug":"d4-84-ferrara-oak","status":"publish","type":"product","link":"https:\/\/www.maag-polska.pl\/ro\/obrzeza-meblowe\/d4-84-ferrara-oak\/","title":{"rendered":"Margini Mobilier D4\/84 FERRARA OAK"},"content":{"rendered":"<div>\n<p>Banda de margine D\u0105b Ferrara capteaz\u0103 c\u0103ldura sofisticat\u0103 a stejarului natural, prezent\u00e2nd un model de cereale meticulos lucrat care adaug\u0103 profunzime \u0219i caracter suprafe\u021belor mobilierului. Nuan\u021bele bogate \u0219i neutre creeaz\u0103 un echilibru armonios \u00eentre estetica modern\u0103 \u0219i cea tradi\u021bional\u0103, \u00een timp ce marginile din PVC premium men\u021bin consisten\u021ba culorii \u00een fiecare aplica\u021bie.<\/p>\n<p>Aceast\u0103 band\u0103 versatil\u0103 din PVC exceleaz\u0103 at\u00e2t \u00een proiectele reziden\u021biale, c\u00e2t \u0219i \u00een cele comerciale de prelucrare a lemnului, oferind rezisten\u021b\u0103 superioar\u0103 la UV \u0219i protec\u021bie la impact. Compozi\u021bia din PVC pur asigur\u0103 de\u0219euri minime \u00een timpul proces\u0103rii, men\u021bin\u00e2nd \u00een acela\u0219i timp o durabilitate excep\u021bional\u0103 pentru marginile mobilierului \u00een zonele cu trafic intens. Perfect pentru dulapuri, rafturi \u0219i piese de mobilier personalizate unde precizia \u0219i longevitatea conteaz\u0103.<\/p>\n<\/div>\n","protected":false},"excerpt":{"rendered":"<p>22&#215;0,6; 22&#215;0,8; 22&#215;1; 22&#215;2; 35&#215;1*; 42&#215;0,8; 42&#215;2<\/p>\n","protected":false},"featured_media":23692,"comment_status":"closed","ping_status":"open","template":"","meta":{"_acf_changed":false},"product_brand":[],"product_cat":[1209],"product_tag":[],"class_list":{"0":"post-25997","1":"product","2":"type-product","3":"status-publish","4":"has-post-thumbnail","6":"product_cat-margini-mobilier","8":"first","9":"instock","10":"product-type-simple"},"acf":[],"_links":{"self":[{"href":"https:\/\/www.maag-polska.pl\/ro\/wp-json\/wp\/v2\/product\/25997","targetHints":{"allow":["GET"]}}],"collection":[{"href":"https:\/\/www.maag-polska.pl\/ro\/wp-json\/wp\/v2\/product"}],"about":[{"href":"https:\/\/www.maag-polska.pl\/ro\/wp-json\/wp\/v2\/types\/product"}],"replies":[{"embeddable":true,"href":"https:\/\/www.maag-polska.pl\/ro\/wp-json\/wp\/v2\/comments?post=25997"}],"wp:featuredmedia":[{"embeddable":true,"href":"https:\/\/www.maag-polska.pl\/ro\/wp-json\/wp\/v2\/media\/23692"}],"wp:attachment":[{"href":"https:\/\/www.maag-polska.pl\/ro\/wp-json\/wp\/v2\/media?parent=25997"}],"wp:term":[{"taxonomy":"product_brand","embeddable":true,"href":"https:\/\/www.maag-polska.pl\/ro\/wp-json\/wp\/v2\/product_brand?post=25997"},{"taxonomy":"product_cat","embeddable":true,"href":"https:\/\/www.maag-polska.pl\/ro\/wp-json\/wp\/v2\/product_cat?post=25997"},{"taxonomy":"product_tag","embeddable":true,"href":"https:\/\/www.maag-polska.pl\/ro\/wp-json\/wp\/v2\/product_tag?post=25997"}],"curies":[{"name":"wp","href":"https:\/\/api.w.org\/{rel}","templated":true}]}}