{"id":25995,"date":"2025-09-01T08:32:48","date_gmt":"2025-09-01T08:32:48","guid":{"rendered":"https:\/\/www.maag-polska.pl\/obrzeza-meblowe\/d4-82-sonoma-swiss-oak\/"},"modified":"2025-09-01T09:12:16","modified_gmt":"2025-09-01T09:12:16","slug":"d4-82-sonoma-swiss-oak","status":"publish","type":"product","link":"https:\/\/www.maag-polska.pl\/ro\/obrzeza-meblowe\/d4-82-sonoma-swiss-oak\/","title":{"rendered":"Margini Mobilier D4\/82 SONOMA SWISS OAK"},"content":{"rendered":"<div>\n<p>Band\u0103 de margine din PVC de calitate profesional\u0103 cu finisaj D4\/82 D\u0104B SONOMA SWISS, fabricat\u0103 cu compu\u0219i din PVC pur pentru o protec\u021bie superioar\u0103 a marginilor. Dispune de o grosime calibrat\u0103 cu precizie de 2 mm \u0219i o formul\u0103 avansat\u0103 rezistent\u0103 la UV care men\u021bine stabilitatea culorii \u00een condi\u021bii variate de iluminare. Materialul demonstreaz\u0103 o rezisten\u021b\u0103 excelent\u0103 la impact la o duritate de 45-50 Shore D, men\u021bin\u00e2nd \u00een acela\u0219i timp flexibilitatea pentru o prelucrare curat\u0103. Parametrii tehnici includ rezisten\u021ba la c\u0103ldur\u0103 p\u00e2n\u0103 la 90\u00b0C \u0219i stabilitatea dimensional\u0103 cu o toleran\u021b\u0103 de \u00b1 0,15 mm.<\/p>\n<p>Ideal pentru instala\u021biile moderne de produc\u021bie de mobilier \u0219i atelierele de prelucrare a lemnului personalizate care necesit\u0103 solu\u021bii precise de finisare a marginilor. Aceast\u0103 band\u0103 de margine exceleaz\u0103 \u00een aplica\u021biile comerciale cu trafic intens, cum ar fi mobilierul de birou, accesoriile de v\u00e2nzare cu am\u0103nuntul \u0219i dulapurile de buc\u0103t\u0103rie, unde se dore\u0219te estetica elve\u021bian\u0103 D\u0105b Sonoma. Durabilitatea materialului \u0219i u\u0219urin\u021ba de prelucrare \u00eel fac deosebit de valoros pentru liniile de produc\u021bie care utilizeaz\u0103 ma\u0219ini automate de bandare a marginilor, fiind \u00een acela\u0219i timp potrivit pentru aplicare manual\u0103 \u00een ateliere mai mici. Perfect pentru asortarea suprafe\u021belor de plac\u0103 Swiss Krono D3025 OW at\u00e2t \u00een proiecte reziden\u021biale, c\u00e2t \u0219i comerciale.<\/p>\n<\/div>\n","protected":false},"excerpt":{"rendered":"<p>22&#215;0,6; 22&#215;0,8; 22&#215;1; 22&#215;2; 28&#215;2*; 35&#215;1*; 42&#215;0,8; 42&#215;2<\/p>\n","protected":false},"featured_media":24188,"comment_status":"closed","ping_status":"open","template":"","meta":{"_acf_changed":false},"product_brand":[],"product_cat":[1209],"product_tag":[],"class_list":{"0":"post-25995","1":"product","2":"type-product","3":"status-publish","4":"has-post-thumbnail","6":"product_cat-margini-mobilier","8":"first","9":"instock","10":"product-type-simple"},"acf":[],"_links":{"self":[{"href":"https:\/\/www.maag-polska.pl\/ro\/wp-json\/wp\/v2\/product\/25995","targetHints":{"allow":["GET"]}}],"collection":[{"href":"https:\/\/www.maag-polska.pl\/ro\/wp-json\/wp\/v2\/product"}],"about":[{"href":"https:\/\/www.maag-polska.pl\/ro\/wp-json\/wp\/v2\/types\/product"}],"replies":[{"embeddable":true,"href":"https:\/\/www.maag-polska.pl\/ro\/wp-json\/wp\/v2\/comments?post=25995"}],"wp:featuredmedia":[{"embeddable":true,"href":"https:\/\/www.maag-polska.pl\/ro\/wp-json\/wp\/v2\/media\/24188"}],"wp:attachment":[{"href":"https:\/\/www.maag-polska.pl\/ro\/wp-json\/wp\/v2\/media?parent=25995"}],"wp:term":[{"taxonomy":"product_brand","embeddable":true,"href":"https:\/\/www.maag-polska.pl\/ro\/wp-json\/wp\/v2\/product_brand?post=25995"},{"taxonomy":"product_cat","embeddable":true,"href":"https:\/\/www.maag-polska.pl\/ro\/wp-json\/wp\/v2\/product_cat?post=25995"},{"taxonomy":"product_tag","embeddable":true,"href":"https:\/\/www.maag-polska.pl\/ro\/wp-json\/wp\/v2\/product_tag?post=25995"}],"curies":[{"name":"wp","href":"https:\/\/api.w.org\/{rel}","templated":true}]}}