{"id":25989,"date":"2025-09-01T08:32:29","date_gmt":"2025-09-01T08:32:29","guid":{"rendered":"https:\/\/www.maag-polska.pl\/obrzeza-meblowe\/d4-75n-artisan-oak-new\/"},"modified":"2025-09-01T09:12:08","modified_gmt":"2025-09-01T09:12:08","slug":"d4-75n-artisan-oak-new","status":"publish","type":"product","link":"https:\/\/www.maag-polska.pl\/ro\/obrzeza-meblowe\/d4-75n-artisan-oak-new\/","title":{"rendered":"Margini Mobilier D4\/75N ARTISAN OAK NEW"},"content":{"rendered":"<div>\n<p>Banda de margine D4\/75N D\u0104B ARTISAN NOWY surprinde farmecul autentic al m\u0103iestriei artizanale din stejar, prezent\u00e2nd modele subtile de cereale \u0219i un finisaj mat sofisticat. Aceast\u0103 band\u0103 de margine din PVC se potrive\u0219te perfect cu decorurile Pfleiderer R20315 NW \u0219i Woodeco PD3016, asigur\u00e2nd o integrare vizual\u0103 perfect\u0103 cu suprafe\u021bele mobilei dvs. L\u0103\u021bimea de 75 mm calibrat\u0103 cu grij\u0103 creeaz\u0103 o tranzi\u021bie elegant\u0103, p\u0103str\u00e2nd \u00een acela\u0219i timp estetica lemnului natural.<\/p>\n<p>Proiectat pentru aplica\u021bii versatile de prelucrare a lemnului, aceast\u0103 band\u0103 de margine din PVC pur ofer\u0103 o durabilitate excep\u021bional\u0103 cu rezisten\u021b\u0103 la UV \u00eencorporat\u0103 pentru a preveni decolorarea culorii. Compozi\u021bia materialului permite o prelucrare precis\u0103 cu de\u0219euri minime, f\u0103c\u00e2ndu-l ideal at\u00e2t pentru marginile curbe, c\u00e2t \u0219i pentru cele drepte ale mobilierului. Indiferent dac\u0103 este aplicat mobilierului de birou, dulapurilor reziden\u021biale sau instala\u021biilor comerciale, propriet\u0103\u021bile sale rezistente la impact \u0219i stabilitatea culorii asigur\u0103 performan\u021be de durat\u0103 \u00een diverse medii.<\/p>\n<\/div>\n","protected":false},"excerpt":{"rendered":"<p>22&#215;0,6; 22&#215;0,8; 22&#215;1; 22&#215;2; 35&#215;1*; 42&#215;0,8; 42&#215;2<\/p>\n","protected":false},"featured_media":21745,"comment_status":"closed","ping_status":"open","template":"","meta":{"_acf_changed":false},"product_brand":[],"product_cat":[1209],"product_tag":[],"class_list":{"0":"post-25989","1":"product","2":"type-product","3":"status-publish","4":"has-post-thumbnail","6":"product_cat-margini-mobilier","8":"first","9":"instock","10":"product-type-simple"},"acf":[],"_links":{"self":[{"href":"https:\/\/www.maag-polska.pl\/ro\/wp-json\/wp\/v2\/product\/25989","targetHints":{"allow":["GET"]}}],"collection":[{"href":"https:\/\/www.maag-polska.pl\/ro\/wp-json\/wp\/v2\/product"}],"about":[{"href":"https:\/\/www.maag-polska.pl\/ro\/wp-json\/wp\/v2\/types\/product"}],"replies":[{"embeddable":true,"href":"https:\/\/www.maag-polska.pl\/ro\/wp-json\/wp\/v2\/comments?post=25989"}],"wp:featuredmedia":[{"embeddable":true,"href":"https:\/\/www.maag-polska.pl\/ro\/wp-json\/wp\/v2\/media\/21745"}],"wp:attachment":[{"href":"https:\/\/www.maag-polska.pl\/ro\/wp-json\/wp\/v2\/media?parent=25989"}],"wp:term":[{"taxonomy":"product_brand","embeddable":true,"href":"https:\/\/www.maag-polska.pl\/ro\/wp-json\/wp\/v2\/product_brand?post=25989"},{"taxonomy":"product_cat","embeddable":true,"href":"https:\/\/www.maag-polska.pl\/ro\/wp-json\/wp\/v2\/product_cat?post=25989"},{"taxonomy":"product_tag","embeddable":true,"href":"https:\/\/www.maag-polska.pl\/ro\/wp-json\/wp\/v2\/product_tag?post=25989"}],"curies":[{"name":"wp","href":"https:\/\/api.w.org\/{rel}","templated":true}]}}