{"id":25987,"date":"2025-09-01T08:32:29","date_gmt":"2025-09-01T08:32:29","guid":{"rendered":"https:\/\/www.maag-polska.pl\/obrzeza-meblowe\/d4-74-american-oak-mat\/"},"modified":"2025-09-01T09:12:07","modified_gmt":"2025-09-01T09:12:07","slug":"d4-74-american-oak-mat","status":"publish","type":"product","link":"https:\/\/www.maag-polska.pl\/ro\/obrzeza-meblowe\/d4-74-american-oak-mat\/","title":{"rendered":"Margini Mobilier D4\/74 AMERICAN OAK MAT"},"content":{"rendered":"<div>\n<p>Band\u0103 de margine din PVC de calitate profesional\u0103 cu finisaj D4\/74 D\u0104B AMERYKA\u0143SKI MAT, proiectat\u0103 cu o toleran\u021b\u0103 precis\u0103 la grosime de 2 mm. Aceast\u0103 compozi\u021bie din PVC pur ofer\u0103 o rezisten\u021b\u0103 excep\u021bional\u0103 la UV, cu cote de stabilitate a culorii care dep\u0103\u0219esc 6 pe scara Blue Wool. Materialul men\u021bine stabilitatea dimensional\u0103 \u00eentre -20\u00b0C \u0219i +80\u00b0C \u0219i prezint\u0103 o structur\u0103 de suprafa\u021b\u0103 specializat\u0103 care se potrive\u0219te cu modelele Pfleiderer R20119 LN \u0219i Woodeco PD3012. Fabricarea avansat\u0103 asigur\u0103 o contrac\u021bie longitudinal\u0103 minim\u0103 (\u22640,3%) \u0219i propriet\u0103\u021bi optimizate de re\u021binere a adezivului.<\/p>\n<p>Potrivit \u00een special pentru aplica\u021biile de mobilier comercial cu trafic intens, \u00een care estetica stejarului american \u00eendepline\u0219te cerin\u021bele exigente de uzur\u0103. Acest material pentru prelucrarea lemnului exceleaz\u0103 \u00een sistemele de mobilier de birou, accesorii de v\u00e2nzare cu am\u0103nuntul \u0219i dulapuri institu\u021bionale. Finisajul mat reduce reflexia luminii, f\u0103c\u00e2ndu-l ideal pentru institu\u021biile educa\u021bionale \u0219i mediile profesionale. Compatibil\u0103 at\u00e2t cu procesele manuale, c\u00e2t \u0219i cu cele automate, aceast\u0103 band\u0103 de margine din PVC ofer\u0103 rezultate consistente \u00een opera\u021biunile de produc\u021bie la scar\u0103 larg\u0103, p\u0103str\u00e2nd \u00een acela\u0219i timp aspectul autentic al lui D\u0104B AMERYKA\u0143SKI \u00een aplica\u021biile curbe \u0219i drepte.<\/p>\n<\/div>\n","protected":false},"excerpt":{"rendered":"<p>22&#215;0,6; 22&#215;1; 22&#215;2; 28&#215;2*; 32&#215;2*; 35&#215;1*; 42&#215;2<\/p>\n","protected":false},"featured_media":24166,"comment_status":"closed","ping_status":"open","template":"","meta":{"_acf_changed":false},"product_brand":[],"product_cat":[1209],"product_tag":[],"class_list":{"0":"post-25987","1":"product","2":"type-product","3":"status-publish","4":"has-post-thumbnail","6":"product_cat-margini-mobilier","8":"first","9":"instock","10":"product-type-simple"},"acf":[],"_links":{"self":[{"href":"https:\/\/www.maag-polska.pl\/ro\/wp-json\/wp\/v2\/product\/25987","targetHints":{"allow":["GET"]}}],"collection":[{"href":"https:\/\/www.maag-polska.pl\/ro\/wp-json\/wp\/v2\/product"}],"about":[{"href":"https:\/\/www.maag-polska.pl\/ro\/wp-json\/wp\/v2\/types\/product"}],"replies":[{"embeddable":true,"href":"https:\/\/www.maag-polska.pl\/ro\/wp-json\/wp\/v2\/comments?post=25987"}],"wp:featuredmedia":[{"embeddable":true,"href":"https:\/\/www.maag-polska.pl\/ro\/wp-json\/wp\/v2\/media\/24166"}],"wp:attachment":[{"href":"https:\/\/www.maag-polska.pl\/ro\/wp-json\/wp\/v2\/media?parent=25987"}],"wp:term":[{"taxonomy":"product_brand","embeddable":true,"href":"https:\/\/www.maag-polska.pl\/ro\/wp-json\/wp\/v2\/product_brand?post=25987"},{"taxonomy":"product_cat","embeddable":true,"href":"https:\/\/www.maag-polska.pl\/ro\/wp-json\/wp\/v2\/product_cat?post=25987"},{"taxonomy":"product_tag","embeddable":true,"href":"https:\/\/www.maag-polska.pl\/ro\/wp-json\/wp\/v2\/product_tag?post=25987"}],"curies":[{"name":"wp","href":"https:\/\/api.w.org\/{rel}","templated":true}]}}