{"id":25983,"date":"2025-09-01T08:32:29","date_gmt":"2025-09-01T08:32:29","guid":{"rendered":"https:\/\/www.maag-polska.pl\/obrzeza-meblowe\/d4-70-oiled-oak\/"},"modified":"2025-09-01T09:12:04","modified_gmt":"2025-09-01T09:12:04","slug":"d4-70-oiled-oak","status":"publish","type":"product","link":"https:\/\/www.maag-polska.pl\/ro\/obrzeza-meblowe\/d4-70-oiled-oak\/","title":{"rendered":"Margini Mobilier D4\/70 OILED OAK"},"content":{"rendered":"<div>\n<p>Banda de margine Premium D4\/70 D\u0104B OLEJOWANY ofer\u0103 performan\u021be tehnice excep\u021bionale cu grosimea sa de 0,70 mm \u0219i compozi\u021bie din PVC pur. Acest material pentru prelucrarea lemnului are polimeri avansa\u021bi rezisten\u021bi la UV care \u00eempiedic\u0103 decolorarea culorii \u0219i men\u021bin aspectul autentic de stejar uleiat. Stabilitatea dimensional\u0103 a benzilor de margine asigur\u0103 o prelucrare precis\u0103 cu pierderi minime, \u00een timp ce tratamentul special al suprafe\u021bei atinge un finisaj rezistent la uzur\u0103 de 8N\/mm\u00b2. Materialul men\u021bine o potrivire constant\u0103 a culorilor cu decorurile Pfleiderer R20348 NW \u0219i Woodeco PD3037, oferind o toleran\u021b\u0103 la grosime de \u00b1 0,5 mm pentru o procesare fiabil\u0103.<\/p>\n<p>Adecvat \u00een special pentru aplica\u021biile de mobilier comercial cu trafic intens, unde durabilitatea \u00eendepline\u0219te cerin\u021bele de proiectare. Banda de margine din PVC exceleaz\u0103 \u00een sistemele de mobilier de birou, corpurile de retail \u0219i instala\u021biile de ospitalitate, unde expunerea la lumin\u0103 natural\u0103 este obi\u0219nuit\u0103. Construc\u021bia sa robust\u0103 o face ideal\u0103 pentru suprafe\u021be orizontale, cum ar fi blaturile de lucru \u0219i unit\u0103\u021bile de rafturi, \u00een timp ce func\u021bioneaz\u0103 excep\u021bional de bine pe marginile verticale ale dulapurilor. Profilul marginii mobilierului \u00ee\u0219i men\u021bine integritatea \u00een medii cu niveluri diferite de umiditate, ceea ce \u00eel face o alegere fiabil\u0103 pentru dulapurile de buc\u0103t\u0103rie \u0219i baie, unde rezisten\u021ba la umiditate este crucial\u0103.<\/p>\n<\/div>\n","protected":false},"excerpt":{"rendered":"<p>22&#215;0,6; 22&#215;1; 22&#215;2; 28&#215;2*; 32&#215;2*; 35&#215;1*; 42&#215;2<\/p>\n","protected":false},"featured_media":24154,"comment_status":"closed","ping_status":"open","template":"","meta":{"_acf_changed":false},"product_brand":[],"product_cat":[1209],"product_tag":[],"class_list":{"0":"post-25983","1":"product","2":"type-product","3":"status-publish","4":"has-post-thumbnail","6":"product_cat-margini-mobilier","8":"first","9":"instock","10":"product-type-simple"},"acf":[],"_links":{"self":[{"href":"https:\/\/www.maag-polska.pl\/ro\/wp-json\/wp\/v2\/product\/25983","targetHints":{"allow":["GET"]}}],"collection":[{"href":"https:\/\/www.maag-polska.pl\/ro\/wp-json\/wp\/v2\/product"}],"about":[{"href":"https:\/\/www.maag-polska.pl\/ro\/wp-json\/wp\/v2\/types\/product"}],"replies":[{"embeddable":true,"href":"https:\/\/www.maag-polska.pl\/ro\/wp-json\/wp\/v2\/comments?post=25983"}],"wp:featuredmedia":[{"embeddable":true,"href":"https:\/\/www.maag-polska.pl\/ro\/wp-json\/wp\/v2\/media\/24154"}],"wp:attachment":[{"href":"https:\/\/www.maag-polska.pl\/ro\/wp-json\/wp\/v2\/media?parent=25983"}],"wp:term":[{"taxonomy":"product_brand","embeddable":true,"href":"https:\/\/www.maag-polska.pl\/ro\/wp-json\/wp\/v2\/product_brand?post=25983"},{"taxonomy":"product_cat","embeddable":true,"href":"https:\/\/www.maag-polska.pl\/ro\/wp-json\/wp\/v2\/product_cat?post=25983"},{"taxonomy":"product_tag","embeddable":true,"href":"https:\/\/www.maag-polska.pl\/ro\/wp-json\/wp\/v2\/product_tag?post=25983"}],"curies":[{"name":"wp","href":"https:\/\/api.w.org\/{rel}","templated":true}]}}