{"id":25982,"date":"2025-09-01T08:32:29","date_gmt":"2025-09-01T08:32:29","guid":{"rendered":"https:\/\/www.maag-polska.pl\/obrzeza-meblowe\/d4-7-palermo-light-oak\/"},"modified":"2025-09-01T09:12:04","modified_gmt":"2025-09-01T09:12:04","slug":"d4-7-palermo-light-oak","status":"publish","type":"product","link":"https:\/\/www.maag-polska.pl\/ro\/obrzeza-meblowe\/d4-7-palermo-light-oak\/","title":{"rendered":"Margini Mobilier D4\/7 PALERMO LIGHT OAK"},"content":{"rendered":"<div>\n<p>Bordurile profesionale din PVC \u00een D4\/7 D\u0104B PALERMO JASNY ofer\u0103 o rezisten\u021b\u0103 excep\u021bional\u0103 \u00eempotriva uzurii zilnice \u0219i a factorilor de mediu. Acest material din PVC pur pentru prelucrarea lemnului \u00ee\u0219i men\u021bine integritatea structural\u0103 chiar \u0219i \u00een cazul utiliz\u0103rii intense, oferind rezisten\u021b\u0103 \u00eembun\u0103t\u0103\u021bit\u0103 la UV pentru a preveni decolorarea \u0219i decolorarea culorii. Compozi\u021bia robust\u0103 a benzilor de margine rezist\u0103 la impacturi, umiditate \u0219i varia\u021bii de temperatur\u0103, asigur\u00e2nd \u00een acela\u0219i timp stabilitatea culorii pe termen lung. Parametrii s\u0103i tehnici sunt optimiza\u021bi pentru marginile mobilierului expuse la contact frecvent \u0219i cur\u0103\u021bare.<\/p>\n<p>Experimenta\u021bi o produc\u021bie simplificat\u0103 de mobilier cu aceast\u0103 band\u0103 de margine din PVC proiectat\u0103 cu precizie, care ader\u0103 f\u0103r\u0103 probleme pe suprafe\u021bele pl\u0103cilor. Calitatea constant\u0103 a materialului permite o prelucrare rapid\u0103 cu de\u0219euri minime, f\u0103c\u00e2ndu-l ideal at\u00e2t pentru linii automate, c\u00e2t \u0219i pentru aplicare manual\u0103. Aceast\u0103 solu\u021bie de margine a mobilierului elimin\u0103 necesitatea unor pa\u0219i suplimentari de finisare, deoarece este gata de utilizare imediat\u0103 cu echipamente standard de bandare a marginilor. Uniformitatea perfect\u0103 a grosimii asigur\u0103 o lipire fiabil\u0103 \u0219i t\u0103ieturi curate pe tot parcursul procesului de instalare.<\/p>\n<\/div>\n","protected":false},"excerpt":{"rendered":"<p>22&#215;0,6; 22&#215;1; 22&#215;2; 28&#215;2*; 32&#215;2*; 35&#215;1*; 42&#215;2<\/p>\n","protected":false},"featured_media":24151,"comment_status":"closed","ping_status":"open","template":"","meta":{"_acf_changed":false},"product_brand":[],"product_cat":[1209],"product_tag":[],"class_list":{"0":"post-25982","1":"product","2":"type-product","3":"status-publish","4":"has-post-thumbnail","6":"product_cat-margini-mobilier","8":"first","9":"instock","10":"product-type-simple"},"acf":[],"_links":{"self":[{"href":"https:\/\/www.maag-polska.pl\/ro\/wp-json\/wp\/v2\/product\/25982","targetHints":{"allow":["GET"]}}],"collection":[{"href":"https:\/\/www.maag-polska.pl\/ro\/wp-json\/wp\/v2\/product"}],"about":[{"href":"https:\/\/www.maag-polska.pl\/ro\/wp-json\/wp\/v2\/types\/product"}],"replies":[{"embeddable":true,"href":"https:\/\/www.maag-polska.pl\/ro\/wp-json\/wp\/v2\/comments?post=25982"}],"wp:featuredmedia":[{"embeddable":true,"href":"https:\/\/www.maag-polska.pl\/ro\/wp-json\/wp\/v2\/media\/24151"}],"wp:attachment":[{"href":"https:\/\/www.maag-polska.pl\/ro\/wp-json\/wp\/v2\/media?parent=25982"}],"wp:term":[{"taxonomy":"product_brand","embeddable":true,"href":"https:\/\/www.maag-polska.pl\/ro\/wp-json\/wp\/v2\/product_brand?post=25982"},{"taxonomy":"product_cat","embeddable":true,"href":"https:\/\/www.maag-polska.pl\/ro\/wp-json\/wp\/v2\/product_cat?post=25982"},{"taxonomy":"product_tag","embeddable":true,"href":"https:\/\/www.maag-polska.pl\/ro\/wp-json\/wp\/v2\/product_tag?post=25982"}],"curies":[{"name":"wp","href":"https:\/\/api.w.org\/{rel}","templated":true}]}}