{"id":25981,"date":"2025-09-01T08:32:29","date_gmt":"2025-09-01T08:32:29","guid":{"rendered":"https:\/\/www.maag-polska.pl\/obrzeza-meblowe\/d4-69-lindberg-oak-pfleiderer\/"},"modified":"2025-09-01T09:12:03","modified_gmt":"2025-09-01T09:12:03","slug":"d4-69-lindberg-oak-pfleiderer","status":"publish","type":"product","link":"https:\/\/www.maag-polska.pl\/ro\/obrzeza-meblowe\/d4-69-lindberg-oak-pfleiderer\/","title":{"rendered":"Margini Mobilier D4\/69 LINDBERG OAK PFLEIDERER"},"content":{"rendered":"<div>\n<p>Capt\u00e2nd farmecul autentic al stejarului Lindberg, aceast\u0103 band\u0103 de margine din PVC prezint\u0103 un model de cereale a lemnului realizat cu meticulozitate, care oglinde\u0219te frumuse\u021bea natural\u0103 a lemnului premium. Finisajul sofisticat R20021 LN creeaz\u0103 profunzime \u0219i dimensiune, \u00een timp ce potrivirea culorilor atent calibrat\u0103 asigur\u0103 o integrare perfect\u0103 cu suprafe\u021bele Pfleiderer. Fiecare detaliu al texturii lemnului a fost redat cu precizie pentru a oferi un aspect excep\u021bional de realist.<\/p>\n<p>Proiectat pentru aplica\u021bii versatile de prelucrare a lemnului, aceast\u0103 band\u0103 de margine din PVC pur combin\u0103 rezisten\u021ba superioar\u0103 la UV cu durabilitatea excep\u021bional\u0103. Compozi\u021bia avansat\u0103 a materialului permite t\u0103ieturi curate, precise, cu pierderi minime \u00een timpul proces\u0103rii. Perfect at\u00e2t pentru marginile mobilierului reziden\u021bial, c\u00e2t \u0219i pentru cel comercial, men\u021bine stabilitatea constant\u0103 a culorii chiar \u0219i \u00een cazul utiliz\u0103rii intensive. Parametrii tehnici ai benzilor de cant asigur\u0103 aderen\u021b\u0103 fiabil\u0103 \u0219i rezisten\u021b\u0103 la impact \u00een diferite proiecte de finisare a dulapurilor \u0219i a mobilierului.<\/p>\n<\/div>\n","protected":false},"excerpt":{"rendered":"<p>22&#215;0,6; 22&#215;1; 22&#215;2; 28&#215;2*; 32&#215;2*; 35&#215;1*; 42&#215;2<\/p>\n","protected":false},"featured_media":24148,"comment_status":"closed","ping_status":"open","template":"","meta":{"_acf_changed":false},"product_brand":[],"product_cat":[1209],"product_tag":[],"class_list":{"0":"post-25981","1":"product","2":"type-product","3":"status-publish","4":"has-post-thumbnail","6":"product_cat-margini-mobilier","8":"first","9":"instock","10":"product-type-simple"},"acf":[],"_links":{"self":[{"href":"https:\/\/www.maag-polska.pl\/ro\/wp-json\/wp\/v2\/product\/25981","targetHints":{"allow":["GET"]}}],"collection":[{"href":"https:\/\/www.maag-polska.pl\/ro\/wp-json\/wp\/v2\/product"}],"about":[{"href":"https:\/\/www.maag-polska.pl\/ro\/wp-json\/wp\/v2\/types\/product"}],"replies":[{"embeddable":true,"href":"https:\/\/www.maag-polska.pl\/ro\/wp-json\/wp\/v2\/comments?post=25981"}],"wp:featuredmedia":[{"embeddable":true,"href":"https:\/\/www.maag-polska.pl\/ro\/wp-json\/wp\/v2\/media\/24148"}],"wp:attachment":[{"href":"https:\/\/www.maag-polska.pl\/ro\/wp-json\/wp\/v2\/media?parent=25981"}],"wp:term":[{"taxonomy":"product_brand","embeddable":true,"href":"https:\/\/www.maag-polska.pl\/ro\/wp-json\/wp\/v2\/product_brand?post=25981"},{"taxonomy":"product_cat","embeddable":true,"href":"https:\/\/www.maag-polska.pl\/ro\/wp-json\/wp\/v2\/product_cat?post=25981"},{"taxonomy":"product_tag","embeddable":true,"href":"https:\/\/www.maag-polska.pl\/ro\/wp-json\/wp\/v2\/product_tag?post=25981"}],"curies":[{"name":"wp","href":"https:\/\/api.w.org\/{rel}","templated":true}]}}