{"id":25980,"date":"2025-09-01T08:32:29","date_gmt":"2025-09-01T08:32:29","guid":{"rendered":"https:\/\/www.maag-polska.pl\/obrzeza-meblowe\/d4-68n-wotan-oak-new\/"},"modified":"2025-09-01T09:12:02","modified_gmt":"2025-09-01T09:12:02","slug":"d4-68n-wotan-oak-new","status":"publish","type":"product","link":"https:\/\/www.maag-polska.pl\/ro\/obrzeza-meblowe\/d4-68n-wotan-oak-new\/","title":{"rendered":"Margini Mobilier D4\/68N WOTAN OAK NEW"},"content":{"rendered":"<div>\n<p>Banda de margine PVC de \u00eenalt\u0103 performan\u021b\u0103 \u00een D4\/68N D\u0104B WOTAN NOWY ofer\u0103 parametri tehnici excep\u021bionali prin compozi\u021bia polimeric\u0103 avansat\u0103. Aceast\u0103 formul\u0103 din PVC pur realizeaz\u0103 98,7% potrivire a culorilor cu decorurile populare precum Kronospan 5402 PS \u0219i Pfleiderer R20063 LN. Rezisten\u021ba UV testat\u0103 \u00een laborator men\u021bine stabilitatea culorii timp de 5+ ani \u00een condi\u021bii normale, \u00een timp ce structura specializat\u0103 a suprafe\u021bei asigur\u0103 o aderen\u021b\u0103 optim\u0103 la temperaturi de procesare de 180-200\u00b0C. Tehnologia materialelor 3D pentru prelucrarea lemnului reproduce cu precizie modelele de cereale de stejar cu o varia\u021bie de ad\u00e2ncime de 0,15-0,20 mm.<\/p>\n<p>Procesele de produc\u021bie simplificate se traduc \u00eentr-o eficien\u021b\u0103 m\u0103surabil\u0103 a costurilor pentru produc\u0103torii de mobil\u0103. Aceast\u0103 variant\u0103 de band\u0103 de margine reduce risipa de material cu p\u00e2n\u0103 la 18% \u00een compara\u021bie cu op\u021biunile standard, \u00een timp ce caracteristicile sale de procesare optimizate reduc timpul de aplicare cu aproximativ 25%. Compatibil cu sistemele automate de bandare a marginilor de la m\u0103rcile majore, men\u021bine o calitate constant\u0103 la viteze de p\u00e2n\u0103 la 25 m\/min. Durabilitatea sporit\u0103 extinde ciclul de via\u021b\u0103 al mobilierului, f\u0103c\u00e2ndu-l deosebit de valoros pentru aplica\u021biile comerciale \u00een care \u00eenlocuirea frecvent\u0103 ar avea un impact asupra costurilor financiare.<\/p>\n<\/div>\n","protected":false},"excerpt":{"rendered":"<p>22&#215;0,6; 22&#215;0,8; 22&#215;1; 22&#215;2; 35&#215;1*; 42&#215;0,8; 42&#215;2<\/p>\n","protected":false},"featured_media":24145,"comment_status":"closed","ping_status":"open","template":"","meta":{"_acf_changed":false},"product_brand":[],"product_cat":[1209],"product_tag":[],"class_list":{"0":"post-25980","1":"product","2":"type-product","3":"status-publish","4":"has-post-thumbnail","6":"product_cat-margini-mobilier","8":"first","9":"instock","10":"product-type-simple"},"acf":[],"_links":{"self":[{"href":"https:\/\/www.maag-polska.pl\/ro\/wp-json\/wp\/v2\/product\/25980","targetHints":{"allow":["GET"]}}],"collection":[{"href":"https:\/\/www.maag-polska.pl\/ro\/wp-json\/wp\/v2\/product"}],"about":[{"href":"https:\/\/www.maag-polska.pl\/ro\/wp-json\/wp\/v2\/types\/product"}],"replies":[{"embeddable":true,"href":"https:\/\/www.maag-polska.pl\/ro\/wp-json\/wp\/v2\/comments?post=25980"}],"wp:featuredmedia":[{"embeddable":true,"href":"https:\/\/www.maag-polska.pl\/ro\/wp-json\/wp\/v2\/media\/24145"}],"wp:attachment":[{"href":"https:\/\/www.maag-polska.pl\/ro\/wp-json\/wp\/v2\/media?parent=25980"}],"wp:term":[{"taxonomy":"product_brand","embeddable":true,"href":"https:\/\/www.maag-polska.pl\/ro\/wp-json\/wp\/v2\/product_brand?post=25980"},{"taxonomy":"product_cat","embeddable":true,"href":"https:\/\/www.maag-polska.pl\/ro\/wp-json\/wp\/v2\/product_cat?post=25980"},{"taxonomy":"product_tag","embeddable":true,"href":"https:\/\/www.maag-polska.pl\/ro\/wp-json\/wp\/v2\/product_tag?post=25980"}],"curies":[{"name":"wp","href":"https:\/\/api.w.org\/{rel}","templated":true}]}}