{"id":25978,"date":"2025-09-01T08:32:29","date_gmt":"2025-09-01T08:32:29","guid":{"rendered":"https:\/\/www.maag-polska.pl\/obrzeza-meblowe\/d4-67-bordeaux-light-oak\/"},"modified":"2025-09-01T09:12:01","modified_gmt":"2025-09-01T09:12:01","slug":"d4-67-bordeaux-light-oak","status":"publish","type":"product","link":"https:\/\/www.maag-polska.pl\/ro\/obrzeza-meblowe\/d4-67-bordeaux-light-oak\/","title":{"rendered":"Margini Mobilier D4\/67 BORDEAUX LIGHT OAK"},"content":{"rendered":"<div>\n<p>Bordurile profesionale din PVC \u00een nuan\u021ba D\u0104B BORDEAUX JASNY ofer\u0103 o rezisten\u021b\u0103 excep\u021bional\u0103 \u00eempotriva uzurii zilnice \u0219i a factorilor de mediu. Acest material pentru prelucrarea lemnului \u00ee\u0219i men\u021bine aspectul impecabil datorit\u0103 protec\u021biei UV avansate, prevenind estomparea culorii chiar \u0219i la expunerea la lumin\u0103 intens\u0103. Compozi\u021bia din PVC pur asigur\u0103 o durabilitate remarcabil\u0103 cu rezisten\u021b\u0103 la impact de p\u00e2n\u0103 la 950 kJ\/m\u00b2, f\u0103c\u00e2ndu-l ideal pentru aplica\u021bii de mobilier cu trafic intens. Compatibil cu finisajele pl\u0103cilor Pfleiderer R20074 RU \u0219i Swiss Krono D3349 MX, aceast\u0103 band\u0103 de margine men\u021bine integritatea structural\u0103 la temperaturi cuprinse \u00eentre -20\u00b0C \u0219i +80\u00b0C.<\/p>\n<p>Transforma\u021bi-v\u0103 proiectele de mobilier \u00een mod eficient cu aceast\u0103 band\u0103 de margine gata de aplicat, care ader\u0103 f\u0103r\u0103 probleme la temperaturi de procesare de 190-200\u00b0C. Grosimea precis calibrat\u0103 asigur\u0103 pierderi minime \u00een timpul tunderii, \u00een timp ce tratamentul specializat al suprafe\u021bei permite lipirea rapid\u0103 f\u0103r\u0103 pre-tratare. Marginile mobilierului pot fi finisate cu 30% mai rapid comparativ cu alternativele standard, datorit\u0103 propriet\u0103\u021bilor optimizate de absorb\u021bie a adezivului. Flexibilitatea materialului previne despicarea \u00een timpul aplic\u0103rii, f\u0103c\u00e2ndu-l deosebit de potrivit pentru suprafe\u021be curbate \u0219i design complexe de mobilier.<\/p>\n<\/div>\n","protected":false},"excerpt":{"rendered":"<p>22&#215;0,6; 22&#215;1; 22&#215;2; 28&#215;2*; 32&#215;2*; 35&#215;1*; 42&#215;2<\/p>\n","protected":false},"featured_media":24139,"comment_status":"closed","ping_status":"open","template":"","meta":{"_acf_changed":false},"product_brand":[],"product_cat":[1209],"product_tag":[],"class_list":{"0":"post-25978","1":"product","2":"type-product","3":"status-publish","4":"has-post-thumbnail","6":"product_cat-margini-mobilier","8":"first","9":"instock","10":"product-type-simple"},"acf":[],"_links":{"self":[{"href":"https:\/\/www.maag-polska.pl\/ro\/wp-json\/wp\/v2\/product\/25978","targetHints":{"allow":["GET"]}}],"collection":[{"href":"https:\/\/www.maag-polska.pl\/ro\/wp-json\/wp\/v2\/product"}],"about":[{"href":"https:\/\/www.maag-polska.pl\/ro\/wp-json\/wp\/v2\/types\/product"}],"replies":[{"embeddable":true,"href":"https:\/\/www.maag-polska.pl\/ro\/wp-json\/wp\/v2\/comments?post=25978"}],"wp:featuredmedia":[{"embeddable":true,"href":"https:\/\/www.maag-polska.pl\/ro\/wp-json\/wp\/v2\/media\/24139"}],"wp:attachment":[{"href":"https:\/\/www.maag-polska.pl\/ro\/wp-json\/wp\/v2\/media?parent=25978"}],"wp:term":[{"taxonomy":"product_brand","embeddable":true,"href":"https:\/\/www.maag-polska.pl\/ro\/wp-json\/wp\/v2\/product_brand?post=25978"},{"taxonomy":"product_cat","embeddable":true,"href":"https:\/\/www.maag-polska.pl\/ro\/wp-json\/wp\/v2\/product_cat?post=25978"},{"taxonomy":"product_tag","embeddable":true,"href":"https:\/\/www.maag-polska.pl\/ro\/wp-json\/wp\/v2\/product_tag?post=25978"}],"curies":[{"name":"wp","href":"https:\/\/api.w.org\/{rel}","templated":true}]}}