{"id":25976,"date":"2025-09-01T08:32:29","date_gmt":"2025-09-01T08:32:29","guid":{"rendered":"https:\/\/www.maag-polska.pl\/obrzeza-meblowe\/d4-62-fossil-evoke-oak\/"},"modified":"2025-09-01T09:12:00","modified_gmt":"2025-09-01T09:12:00","slug":"d4-62-fossil-evoke-oak","status":"publish","type":"product","link":"https:\/\/www.maag-polska.pl\/ro\/obrzeza-meblowe\/d4-62-fossil-evoke-oak\/","title":{"rendered":"Margini Mobilier D4\/62 FOSSIL EVOKE OAK"},"content":{"rendered":"<div>\n<p>Banda de margine din PVC D4\/62 D\u0104B EVOKE KAMIENNY de \u00eenalt\u0103 performan\u021b\u0103 ofer\u0103 parametri tehnici superiori cu o toleran\u021b\u0103 la grosime de \u00b10,02 mm. Compozi\u021bia din PVC pur asigur\u0103 caracteristici precise de prelucrare, men\u021bin\u00e2nd \u00een acela\u0219i timp integritatea structural\u0103 la viteze de procesare de p\u00e2n\u0103 la 25 m\/min. \u00cembun\u0103t\u0103\u021bit\u0103 cu compu\u0219i stabilizatori UV, aceast\u0103 band\u0103 de margine men\u021bine consisten\u021ba culorii chiar \u0219i la expunerea la lumin\u0103 intens\u0103. Tratamentul de suprafa\u021b\u0103 specializat realizeaz\u0103 un nivel de luciu de 4-6 unit\u0103\u021bi, cre\u00e2nd un aspect autentic de stejar de piatr\u0103 cu ad\u00e2ncime m\u0103surabil\u0103.<\/p>\n<p>Optimiza\u021bi-v\u0103 costurile de produc\u021bie a mobilierului cu benzile de margine D4\/62 D\u0104B EVOKE KAMIENNY, concepute pentru de\u0219euri minime \u0219i randament maxim. Formularea avansat\u0103 reduce consumul de material cu p\u00e2n\u0103 la 15% \u00een compara\u021bie cu alternativele standard, \u00een timp ce stabilitatea dimensional\u0103 precis\u0103 minimizeaz\u0103 timpul de ajustare \u00een timpul aplic\u0103rii. Perfect pentru produc\u021bia de dulapuri de volum mare, acest material pentru prelucrarea lemnului men\u021bine o calitate constant\u0103 pe perioade mari de produc\u021bie, reduc\u00e2nd ratele de respingere \u0219i risipa de material. Propriet\u0103\u021bile de lipire \u00eembun\u0103t\u0103\u021bite asigur\u0103 o aderen\u021b\u0103 de durat\u0103, minimiz\u00e2nd cerin\u021bele de service post-instalare.<\/p>\n<\/div>\n","protected":false},"excerpt":{"rendered":"<p>22&#215;0,6; 22&#215;1; 22&#215;2; 28&#215;2*; 32&#215;2*; 35&#215;1*; 42&#215;2<\/p>\n","protected":false},"featured_media":24133,"comment_status":"closed","ping_status":"open","template":"","meta":{"_acf_changed":false},"product_brand":[],"product_cat":[1209],"product_tag":[],"class_list":{"0":"post-25976","1":"product","2":"type-product","3":"status-publish","4":"has-post-thumbnail","6":"product_cat-margini-mobilier","8":"first","9":"instock","10":"product-type-simple"},"acf":[],"_links":{"self":[{"href":"https:\/\/www.maag-polska.pl\/ro\/wp-json\/wp\/v2\/product\/25976","targetHints":{"allow":["GET"]}}],"collection":[{"href":"https:\/\/www.maag-polska.pl\/ro\/wp-json\/wp\/v2\/product"}],"about":[{"href":"https:\/\/www.maag-polska.pl\/ro\/wp-json\/wp\/v2\/types\/product"}],"replies":[{"embeddable":true,"href":"https:\/\/www.maag-polska.pl\/ro\/wp-json\/wp\/v2\/comments?post=25976"}],"wp:featuredmedia":[{"embeddable":true,"href":"https:\/\/www.maag-polska.pl\/ro\/wp-json\/wp\/v2\/media\/24133"}],"wp:attachment":[{"href":"https:\/\/www.maag-polska.pl\/ro\/wp-json\/wp\/v2\/media?parent=25976"}],"wp:term":[{"taxonomy":"product_brand","embeddable":true,"href":"https:\/\/www.maag-polska.pl\/ro\/wp-json\/wp\/v2\/product_brand?post=25976"},{"taxonomy":"product_cat","embeddable":true,"href":"https:\/\/www.maag-polska.pl\/ro\/wp-json\/wp\/v2\/product_cat?post=25976"},{"taxonomy":"product_tag","embeddable":true,"href":"https:\/\/www.maag-polska.pl\/ro\/wp-json\/wp\/v2\/product_tag?post=25976"}],"curies":[{"name":"wp","href":"https:\/\/api.w.org\/{rel}","templated":true}]}}