{"id":25971,"date":"2025-09-01T08:32:10","date_gmt":"2025-09-01T08:32:10","guid":{"rendered":"https:\/\/www.maag-polska.pl\/obrzeza-meblowe\/d4-58-colonial-grange-oak\/"},"modified":"2025-09-01T09:11:53","modified_gmt":"2025-09-01T09:11:53","slug":"d4-58-colonial-grange-oak","status":"publish","type":"product","link":"https:\/\/www.maag-polska.pl\/ro\/obrzeza-meblowe\/d4-58-colonial-grange-oak\/","title":{"rendered":"Margini Mobilier D4\/58 COLONIAL GRANGE OAK"},"content":{"rendered":"<div>\n<p>Bordurile profesionale din PVC cu finisaj D4\/58 D\u0104B GRANGE KOLONIALNY ofer\u0103 o stabilitate dimensional\u0103 excep\u021bional\u0103 cu o toleran\u021b\u0103 la grosime de \u00b10,10 mm. Compozi\u021bia din PVC pur asigur\u0103 o potrivire precis\u0103 a culorilor cu suprafe\u021bele Kronospan K354 PW, men\u021bin\u00e2nd \u00een acela\u0219i timp rezisten\u021ba UV de 99,8%. Acest material pentru prelucrarea lemnului are o structur\u0103 de suprafa\u021b\u0103 specializat\u0103, cu 92% rezisten\u021b\u0103 la impact \u0219i men\u021bine consisten\u021ba culorii prin 720 de ore de teste de \u00eemb\u0103tr\u00e2nire accelerat\u0103.<\/p>\n<p>Perfect potrivit pentru aplica\u021biile de mobilier comercial cu trafic intens, \u00een special \u00een medii de birouri \u00een stil colonial \u0219i setari de ospitalitate. Tonul distinctiv D\u0105b Grange creeaz\u0103 tranzi\u021bii autentice asem\u0103n\u0103toare lemnului pe marginile dulapurilor, unit\u0103\u021bilor de rafturi \u0219i sistemelor de mobilier modulare. Recomandat pentru proiectele care necesit\u0103 durabilitate extins\u0103 \u00een zonele cu lumina direct\u0103 a soarelui, cum ar fi mobilierul de birou adiacent ferestrelor \u0219i unit\u0103\u021bile de afi\u0219are cu am\u0103nuntul. Parametrii tehnici ai materialului \u00eel fac ideal pentru prelucrarea CNC \u0219i sistemele automate de bandare a marginilor.<\/p>\n<\/div>\n","protected":false},"excerpt":{"rendered":"<p>22&#215;0,6; 22&#215;1; 22&#215;2; 28&#215;2*; 32&#215;2*; 35&#215;1*; 42&#215;2<\/p>\n","protected":false},"featured_media":24118,"comment_status":"closed","ping_status":"open","template":"","meta":{"_acf_changed":false},"product_brand":[],"product_cat":[1209],"product_tag":[],"class_list":{"0":"post-25971","1":"product","2":"type-product","3":"status-publish","4":"has-post-thumbnail","6":"product_cat-margini-mobilier","8":"first","9":"instock","10":"product-type-simple"},"acf":[],"_links":{"self":[{"href":"https:\/\/www.maag-polska.pl\/ro\/wp-json\/wp\/v2\/product\/25971","targetHints":{"allow":["GET"]}}],"collection":[{"href":"https:\/\/www.maag-polska.pl\/ro\/wp-json\/wp\/v2\/product"}],"about":[{"href":"https:\/\/www.maag-polska.pl\/ro\/wp-json\/wp\/v2\/types\/product"}],"replies":[{"embeddable":true,"href":"https:\/\/www.maag-polska.pl\/ro\/wp-json\/wp\/v2\/comments?post=25971"}],"wp:featuredmedia":[{"embeddable":true,"href":"https:\/\/www.maag-polska.pl\/ro\/wp-json\/wp\/v2\/media\/24118"}],"wp:attachment":[{"href":"https:\/\/www.maag-polska.pl\/ro\/wp-json\/wp\/v2\/media?parent=25971"}],"wp:term":[{"taxonomy":"product_brand","embeddable":true,"href":"https:\/\/www.maag-polska.pl\/ro\/wp-json\/wp\/v2\/product_brand?post=25971"},{"taxonomy":"product_cat","embeddable":true,"href":"https:\/\/www.maag-polska.pl\/ro\/wp-json\/wp\/v2\/product_cat?post=25971"},{"taxonomy":"product_tag","embeddable":true,"href":"https:\/\/www.maag-polska.pl\/ro\/wp-json\/wp\/v2\/product_tag?post=25971"}],"curies":[{"name":"wp","href":"https:\/\/api.w.org\/{rel}","templated":true}]}}