{"id":25968,"date":"2025-09-01T08:32:10","date_gmt":"2025-09-01T08:32:10","guid":{"rendered":"https:\/\/www.maag-polska.pl\/obrzeza-meblowe\/d4-55-vintage-harbor-oak\/"},"modified":"2025-09-01T09:11:51","modified_gmt":"2025-09-01T09:11:51","slug":"d4-55-vintage-harbor-oak","status":"publish","type":"product","link":"https:\/\/www.maag-polska.pl\/ro\/obrzeza-meblowe\/d4-55-vintage-harbor-oak\/","title":{"rendered":"Margini Mobilier D4\/55 VINTAGE HARBOR OAK"},"content":{"rendered":"<div>\n<p>Banda de margine din PVC testat\u0103 \u00een laborator \u00een D4\/55 D\u0104B HARBOR VINTAGE ofer\u0103 o rezisten\u021b\u0103 excep\u021bional\u0103 la UV cu o compozi\u021bie de polimer specializat. Aceast\u0103 formul\u0103 de PVC pur atinge indicele de stabilitate a culorii de 8,5\/10, men\u021bin\u00e2ndu-\u0219i aspectul autentic de stejar portuar sub expunere la lumin\u0103 intens\u0103. L\u0103\u021bimea de 55 mm proiectat\u0103 cu precizie \u0219i grosimea standardizat\u0103 de 2 mm asigur\u0103 o acoperire optim\u0103, reduc\u00e2nd \u00een acela\u0219i timp risipa de material \u00een timpul aplica\u021biilor de prelucrare a lemnului.<\/p>\n<p>Eficientiza\u021bi-v\u0103 produc\u021bia de mobilier cu aceast\u0103 solu\u021bie rentabil\u0103 de bandare a marginilor care reduce timpul de procesare cu p\u00e2n\u0103 la 25%. Seria D4\/55 combin\u0103 durabilitatea cu utilizarea eficient\u0103 a materialului, permi\u021b\u00e2nd produc\u0103torilor de mobilier s\u0103 minimizeze risipa, ob\u021bin\u00e2nd \u00een acela\u0219i timp finisare premium. Propriet\u0103\u021bile sale avansate de aderen\u021b\u0103 \u0219i rezisten\u021ba la impact se traduc prin mai pu\u021bine \u00eenlocuiri \u0219i o satisfac\u021bie sporit\u0103 a clien\u021bilor, f\u0103c\u00e2ndu-l o alegere solid\u0103 din punct de vedere economic pentru proiecte de dulapuri \u0219i mobilier la scar\u0103 larg\u0103.<\/p>\n<\/div>\n","protected":false},"excerpt":{"rendered":"<p>22&#215;0,6; 22&#215;1; 22&#215;2; 28&#215;2*; 32&#215;2*; 35&#215;1*; 42&#215;2<\/p>\n","protected":false},"featured_media":24109,"comment_status":"closed","ping_status":"open","template":"","meta":{"_acf_changed":false},"product_brand":[],"product_cat":[1209],"product_tag":[],"class_list":{"0":"post-25968","1":"product","2":"type-product","3":"status-publish","4":"has-post-thumbnail","6":"product_cat-margini-mobilier","8":"first","9":"instock","10":"product-type-simple"},"acf":[],"_links":{"self":[{"href":"https:\/\/www.maag-polska.pl\/ro\/wp-json\/wp\/v2\/product\/25968","targetHints":{"allow":["GET"]}}],"collection":[{"href":"https:\/\/www.maag-polska.pl\/ro\/wp-json\/wp\/v2\/product"}],"about":[{"href":"https:\/\/www.maag-polska.pl\/ro\/wp-json\/wp\/v2\/types\/product"}],"replies":[{"embeddable":true,"href":"https:\/\/www.maag-polska.pl\/ro\/wp-json\/wp\/v2\/comments?post=25968"}],"wp:featuredmedia":[{"embeddable":true,"href":"https:\/\/www.maag-polska.pl\/ro\/wp-json\/wp\/v2\/media\/24109"}],"wp:attachment":[{"href":"https:\/\/www.maag-polska.pl\/ro\/wp-json\/wp\/v2\/media?parent=25968"}],"wp:term":[{"taxonomy":"product_brand","embeddable":true,"href":"https:\/\/www.maag-polska.pl\/ro\/wp-json\/wp\/v2\/product_brand?post=25968"},{"taxonomy":"product_cat","embeddable":true,"href":"https:\/\/www.maag-polska.pl\/ro\/wp-json\/wp\/v2\/product_cat?post=25968"},{"taxonomy":"product_tag","embeddable":true,"href":"https:\/\/www.maag-polska.pl\/ro\/wp-json\/wp\/v2\/product_tag?post=25968"}],"curies":[{"name":"wp","href":"https:\/\/api.w.org\/{rel}","templated":true}]}}