{"id":25966,"date":"2025-09-01T08:32:10","date_gmt":"2025-09-01T08:32:10","guid":{"rendered":"https:\/\/www.maag-polska.pl\/obrzeza-meblowe\/d4-53-honey-castello-oak\/"},"modified":"2025-09-01T09:11:49","modified_gmt":"2025-09-01T09:11:49","slug":"d4-53-honey-castello-oak","status":"publish","type":"product","link":"https:\/\/www.maag-polska.pl\/ro\/obrzeza-meblowe\/d4-53-honey-castello-oak\/","title":{"rendered":"Margini Mobilier D4\/53 HONEY CASTELLO OAK"},"content":{"rendered":"<div>\n<p>Bordurile profesionale din PVC \u00een D4\/53 D\u0104B CASTELLO MIODOWY ofer\u0103 o rezisten\u021b\u0103 excep\u021bional\u0103 \u00eempotriva uzurii zilnice \u0219i a factorilor de mediu. Acest material din PVC pur pentru prelucrarea lemnului \u00ee\u0219i men\u021bine aspectul de stejar cu miere de-a lungul anilor de utilizare, sus\u021binut de rezisten\u021ba superioar\u0103 la UV, care previne decolorarea culorii. Compozi\u021bia robust\u0103 a benzilor de margine rezist\u0103 la impacturi, umiditate \u0219i varia\u021bii de temperatur\u0103, asigur\u00e2nd \u00een acela\u0219i timp aderen\u021b\u0103 de durat\u0103 la marginile mobilierului.<\/p>\n<p>Eficientiza\u021bi-v\u0103 produc\u021bia de mobilier cu aceast\u0103 band\u0103 de margine proiectat\u0103 cu precizie care ader\u0103 rapid \u0219i curat pe suprafe\u021bele de plac\u0103. Grosimea optimizat\u0103 asigur\u0103 o prelucrare lin\u0103 cu pierderi minime, \u00een timp ce structura consistent\u0103 a materialului permite t\u0103ieturi curate \u0219i \u00eembin\u0103ri precise la col\u021b. Perfect\u0103 at\u00e2t pentru ma\u0219inile automate de bandare a marginilor, c\u00e2t \u0219i pentru aplicarea manual\u0103, aceast\u0103 band\u0103 de margine din PVC reduce timpul de instalare, men\u021bin\u00e2nd \u00een acela\u0219i timp rezultate de calitate profesional\u0103.<\/p>\n<\/div>\n","protected":false},"excerpt":{"rendered":"<p>22&#215;0,6; 22&#215;0,8; 22&#215;1; 22&#215;2; 28&#215;2*; 32&#215;2*; 35&#215;1*; 42&#215;0,8; 42&#215;2<\/p>\n","protected":false},"featured_media":24103,"comment_status":"closed","ping_status":"open","template":"","meta":{"_acf_changed":false},"product_brand":[],"product_cat":[1209],"product_tag":[],"class_list":{"0":"post-25966","1":"product","2":"type-product","3":"status-publish","4":"has-post-thumbnail","6":"product_cat-margini-mobilier","8":"first","9":"instock","10":"product-type-simple"},"acf":[],"_links":{"self":[{"href":"https:\/\/www.maag-polska.pl\/ro\/wp-json\/wp\/v2\/product\/25966","targetHints":{"allow":["GET"]}}],"collection":[{"href":"https:\/\/www.maag-polska.pl\/ro\/wp-json\/wp\/v2\/product"}],"about":[{"href":"https:\/\/www.maag-polska.pl\/ro\/wp-json\/wp\/v2\/types\/product"}],"replies":[{"embeddable":true,"href":"https:\/\/www.maag-polska.pl\/ro\/wp-json\/wp\/v2\/comments?post=25966"}],"wp:featuredmedia":[{"embeddable":true,"href":"https:\/\/www.maag-polska.pl\/ro\/wp-json\/wp\/v2\/media\/24103"}],"wp:attachment":[{"href":"https:\/\/www.maag-polska.pl\/ro\/wp-json\/wp\/v2\/media?parent=25966"}],"wp:term":[{"taxonomy":"product_brand","embeddable":true,"href":"https:\/\/www.maag-polska.pl\/ro\/wp-json\/wp\/v2\/product_brand?post=25966"},{"taxonomy":"product_cat","embeddable":true,"href":"https:\/\/www.maag-polska.pl\/ro\/wp-json\/wp\/v2\/product_cat?post=25966"},{"taxonomy":"product_tag","embeddable":true,"href":"https:\/\/www.maag-polska.pl\/ro\/wp-json\/wp\/v2\/product_tag?post=25966"}],"curies":[{"name":"wp","href":"https:\/\/api.w.org\/{rel}","templated":true}]}}