{"id":25963,"date":"2025-09-01T08:32:10","date_gmt":"2025-09-01T08:32:10","guid":{"rendered":"https:\/\/www.maag-polska.pl\/obrzeza-meblowe\/d4-49-burbon-oak\/"},"modified":"2025-09-01T09:11:47","modified_gmt":"2025-09-01T09:11:47","slug":"d4-49-burbon-oak","status":"publish","type":"product","link":"https:\/\/www.maag-polska.pl\/ro\/obrzeza-meblowe\/d4-49-burbon-oak\/","title":{"rendered":"Margini Mobilier D4\/49 BURBON OAK"},"content":{"rendered":"<div>\n<p>Banda de margine din PVC premium \u00een nuan\u021ba D4\/49 D\u0104B BURBON ofer\u0103 parametri tehnici excep\u021bionali cu o toleran\u021b\u0103 la grosime de \u00b10,10 mm. Compozi\u021bia din PVC pur asigur\u0103 rezisten\u021b\u0103 superioar\u0103 la UV \u0219i stabilitate a culorii, men\u021bin\u00e2nd aspectul autentic de stejar Bourbon chiar \u0219i \u00een condi\u021bii de expunere intensiv\u0103 la lumin\u0103. Acest material pentru prelucrarea lemnului are o structur\u0103 de suprafa\u021b\u0103 proiectat\u0103 cu precizie, cu 98% re\u021binere a luciului \u0219i rezisten\u021b\u0103 la impact de 15 kJ\/m\u00b2. Banda de margine men\u021bine stabilitatea dimensional\u0103 la temperaturi de p\u00e2n\u0103 la 80\u00b0C, \u00een timp ce procesul de fabrica\u021bie specializat are ca rezultat pierderi minime de material \u00een timpul aplic\u0103rii.<\/p>\n<p>Perfect potrivit pentru produc\u021bia de mobilier de ultim\u0103 genera\u021bie, unde suprafe\u021bele Kronospan K082 PW necesit\u0103 solu\u021bii de margine potrivite. Aceast\u0103 band\u0103 de margine din PVC exceleaz\u0103 \u00een mobilierul de birou comercial, \u00een special \u00een zonele cu lumin\u0103 natural\u0103 abundent\u0103. Durabilitatea \u0219i specifica\u021biile tehnice \u00eel fac ideal pentru produc\u021bia de dulapuri de buc\u0103t\u0103rie, unit\u0103\u021bi de afi\u0219are de v\u00e2nzare cu am\u0103nuntul \u0219i proiecte de mor\u0103ri arhitecturale. Lucr\u0103torii profesioni\u0219ti ai lemnului apreciaz\u0103 caracteristicile sale u\u0219oare de prelucrare at\u00e2t \u00een aplica\u021bii drepte, c\u00e2t \u0219i curbate, \u00een timp ce produc\u0103torii de mobil\u0103 beneficiaz\u0103 de calitatea sa constant\u0103 \u00een sistemele automate de bandare a marginilor.<\/p>\n<\/div>\n","protected":false},"excerpt":{"rendered":"<p>22&#215;0,6; 22&#215;0,8; 22&#215;1; 22&#215;2; 28&#215;2*; 32&#215;2*; 35&#215;1*;42&#215;2<\/p>\n","protected":false},"featured_media":24094,"comment_status":"closed","ping_status":"open","template":"","meta":{"_acf_changed":false},"product_brand":[],"product_cat":[1209],"product_tag":[],"class_list":{"0":"post-25963","1":"product","2":"type-product","3":"status-publish","4":"has-post-thumbnail","6":"product_cat-margini-mobilier","8":"first","9":"instock","10":"product-type-simple"},"acf":[],"_links":{"self":[{"href":"https:\/\/www.maag-polska.pl\/ro\/wp-json\/wp\/v2\/product\/25963","targetHints":{"allow":["GET"]}}],"collection":[{"href":"https:\/\/www.maag-polska.pl\/ro\/wp-json\/wp\/v2\/product"}],"about":[{"href":"https:\/\/www.maag-polska.pl\/ro\/wp-json\/wp\/v2\/types\/product"}],"replies":[{"embeddable":true,"href":"https:\/\/www.maag-polska.pl\/ro\/wp-json\/wp\/v2\/comments?post=25963"}],"wp:featuredmedia":[{"embeddable":true,"href":"https:\/\/www.maag-polska.pl\/ro\/wp-json\/wp\/v2\/media\/24094"}],"wp:attachment":[{"href":"https:\/\/www.maag-polska.pl\/ro\/wp-json\/wp\/v2\/media?parent=25963"}],"wp:term":[{"taxonomy":"product_brand","embeddable":true,"href":"https:\/\/www.maag-polska.pl\/ro\/wp-json\/wp\/v2\/product_brand?post=25963"},{"taxonomy":"product_cat","embeddable":true,"href":"https:\/\/www.maag-polska.pl\/ro\/wp-json\/wp\/v2\/product_cat?post=25963"},{"taxonomy":"product_tag","embeddable":true,"href":"https:\/\/www.maag-polska.pl\/ro\/wp-json\/wp\/v2\/product_tag?post=25963"}],"curies":[{"name":"wp","href":"https:\/\/api.w.org\/{rel}","templated":true}]}}