{"id":25962,"date":"2025-09-01T08:32:10","date_gmt":"2025-09-01T08:32:10","guid":{"rendered":"https:\/\/www.maag-polska.pl\/obrzeza-meblowe\/d4-48-lindberg-oak\/"},"modified":"2025-09-01T09:11:46","modified_gmt":"2025-09-01T09:11:46","slug":"d4-48-lindberg-oak","status":"publish","type":"product","link":"https:\/\/www.maag-polska.pl\/ro\/obrzeza-meblowe\/d4-48-lindberg-oak\/","title":{"rendered":"Margini Mobilier D4\/48 LINDBERG OAK"},"content":{"rendered":"<div>\n<p>Bordurile profesionale din PVC cu finisaj D4\/48 D\u0104B LINDBERG ofer\u0103 o rezisten\u021b\u0103 excep\u021bional\u0103 \u00eempotriva uzurii zilnice \u0219i a factorilor de mediu. Acest material pentru prelucrarea lemnului \u00ee\u0219i men\u021bine integritatea structural\u0103 chiar \u0219i \u00een cazul utiliz\u0103rii intensive, av\u00e2nd un strat special rezistent la UV care previne decolorarea \u0219i decolorarea culorii. Compozi\u021bia din PVC pur asigur\u0103 durabilitate de durat\u0103 cu rezisten\u021b\u0103 ridicat\u0103 la impact, f\u0103c\u00e2ndu-l ideal pentru aplica\u021bii de mobilier cu trafic intens. Se potrive\u0219te perfect cu decorurile Pfleiderer R20021 LN \u0219i Woodeco PD3018, aceast\u0103 band\u0103 de margine \u00ee\u0219i p\u0103streaz\u0103 aspectul autentic asem\u0103n\u0103tor lemnului, oferind \u00een acela\u0219i timp protec\u021bie superioar\u0103 \u00eempotriva umezelii \u0219i expunerii la substan\u021be chimice.<\/p>\n<p>Experimenta\u021bi o produc\u021bie simplificat\u0103 de mobilier cu aceast\u0103 solu\u021bie de band\u0103 de margine proiectat\u0103 cu precizie. Propriet\u0103\u021bile optimizate de aderen\u021b\u0103 permit aplicarea rapid\u0103 \u0219i eficient\u0103, reduc\u00e2nd timpul de instalare, asigur\u00e2nd \u00een acela\u0219i timp o aderen\u021b\u0103 sigur\u0103. Grosimea constant\u0103 \u0219i flexibilitatea materialului elimin\u0103 necesitatea unor ajust\u0103ri ample \u00een timpul proces\u0103rii, rezult\u00e2nd o pierdere minim\u0103 \u0219i o eficien\u021b\u0103 \u00eembun\u0103t\u0103\u021bit\u0103 a costurilor. Perfect\u0103 at\u00e2t pentru metodele de aplicare automat\u0103, c\u00e2t \u0219i pentru cele manuale, aceast\u0103 band\u0103 de margine a mobilierului men\u021bine stabilitatea dimensional\u0103 pe tot parcursul procesului de instalare, permi\u021b\u00e2nd me\u0219terilor s\u0103 ob\u021bin\u0103 rezultate profesionale cu mai pu\u021bin efort. Propriet\u0103\u021bile de t\u0103iere curat\u0103 ale materialului asigur\u0103 margini netede, precise, f\u0103r\u0103 a fi nevoie de lucr\u0103ri ample de finisare.<\/p>\n<\/div>\n","protected":false},"excerpt":{"rendered":"<p>22&#215;0,6; 22&#215;0,8; 22&#215;1; 22&#215;2; 28&#215;2*; 32&#215;2*; 35&#215;1*; 42&#215;0,8; 42&#215;2<\/p>\n","protected":false},"featured_media":24091,"comment_status":"closed","ping_status":"open","template":"","meta":{"_acf_changed":false},"product_brand":[],"product_cat":[1209],"product_tag":[],"class_list":{"0":"post-25962","1":"product","2":"type-product","3":"status-publish","4":"has-post-thumbnail","6":"product_cat-margini-mobilier","8":"first","9":"instock","10":"product-type-simple"},"acf":[],"_links":{"self":[{"href":"https:\/\/www.maag-polska.pl\/ro\/wp-json\/wp\/v2\/product\/25962","targetHints":{"allow":["GET"]}}],"collection":[{"href":"https:\/\/www.maag-polska.pl\/ro\/wp-json\/wp\/v2\/product"}],"about":[{"href":"https:\/\/www.maag-polska.pl\/ro\/wp-json\/wp\/v2\/types\/product"}],"replies":[{"embeddable":true,"href":"https:\/\/www.maag-polska.pl\/ro\/wp-json\/wp\/v2\/comments?post=25962"}],"wp:featuredmedia":[{"embeddable":true,"href":"https:\/\/www.maag-polska.pl\/ro\/wp-json\/wp\/v2\/media\/24091"}],"wp:attachment":[{"href":"https:\/\/www.maag-polska.pl\/ro\/wp-json\/wp\/v2\/media?parent=25962"}],"wp:term":[{"taxonomy":"product_brand","embeddable":true,"href":"https:\/\/www.maag-polska.pl\/ro\/wp-json\/wp\/v2\/product_brand?post=25962"},{"taxonomy":"product_cat","embeddable":true,"href":"https:\/\/www.maag-polska.pl\/ro\/wp-json\/wp\/v2\/product_cat?post=25962"},{"taxonomy":"product_tag","embeddable":true,"href":"https:\/\/www.maag-polska.pl\/ro\/wp-json\/wp\/v2\/product_tag?post=25962"}],"curies":[{"name":"wp","href":"https:\/\/api.w.org\/{rel}","templated":true}]}}