{"id":25959,"date":"2025-09-01T08:32:10","date_gmt":"2025-09-01T08:32:10","guid":{"rendered":"https:\/\/www.maag-polska.pl\/obrzeza-meblowe\/d4-44-milk-oak-krono\/"},"modified":"2025-09-01T09:11:44","modified_gmt":"2025-09-01T09:11:44","slug":"d4-44-milk-oak-krono","status":"publish","type":"product","link":"https:\/\/www.maag-polska.pl\/ro\/obrzeza-meblowe\/d4-44-milk-oak-krono\/","title":{"rendered":"Margini Mobilier D4\/44 MILK OAK KRONO"},"content":{"rendered":"<div>\n<p>Banda de margine profesional\u0103 din PVC \u00een nuan\u021ba D4\/44 D\u0104B MLECZNY KRONO ofer\u0103 o stabilitate dimensional\u0103 excep\u021bional\u0103 cu o toleran\u021b\u0103 la grosime de \u00b10,1 mm. Aceast\u0103 compozi\u021bie din PVC pur asigur\u0103 o potrivire precis\u0103 a culorilor \u0219i men\u021bine integritatea structural\u0103 \u00een diferite condi\u021bii. Materialul are o rezisten\u021b\u0103 UV \u00eembun\u0103t\u0103\u021bit\u0103, cu o stabilitate a culorii de 6+ pe scara de l\u00e2n\u0103 albastr\u0103, prevenind \u00eeng\u0103lbenirea sau decolorarea. Parametrii tehnici includ temperatura optim\u0103 de procesare de 180-200\u00b0C \u0219i rezisten\u021ba de aderen\u021b\u0103 care dep\u0103\u0219e\u0219te 3,5 N\/mm\u00b2.<\/p>\n<p>Proiectat special pentru produc\u021bia de mobilier de ultim\u0103 genera\u021bie \u0219i aplica\u021biile comerciale de prelucrare a lemnului, unde estetica consistent\u0103 a stejarului de lapte este esen\u021bial\u0103. Aceast\u0103 band\u0103 de margine exceleaz\u0103 \u00een produc\u021bia de dulapuri de buc\u0103t\u0103rie, asamblarea mobilierului de birou \u0219i fabricarea de vitrine de v\u00e2nzare cu am\u0103nuntul. Durabilitatea materialului \u00eel face deosebit de potrivit pentru mediile comerciale cu trafic intens, \u00een timp ce capabilit\u0103\u021bile sale precise de potrivire a culorilor asigur\u0103 o integrare perfect\u0103 cu panourile D\u0104B MLECZNY KRONO. Ideal at\u00e2t pentru aplica\u021bii \u00een linie dreapt\u0103, c\u00e2t \u0219i pentru aplica\u021bii curbate \u00een designul de mobilier modern.<\/p>\n<\/div>\n","protected":false},"excerpt":{"rendered":"<p>22&#215;0,6; 22&#215;1; 22&#215;2; 28&#215;1*; 28&#215;2*; 32&#215;2*; 35&#215;1*; 42&#215;2<\/p>\n","protected":false},"featured_media":24082,"comment_status":"closed","ping_status":"open","template":"","meta":{"_acf_changed":false},"product_brand":[],"product_cat":[1209],"product_tag":[],"class_list":{"0":"post-25959","1":"product","2":"type-product","3":"status-publish","4":"has-post-thumbnail","6":"product_cat-margini-mobilier","8":"first","9":"instock","10":"product-type-simple"},"acf":[],"_links":{"self":[{"href":"https:\/\/www.maag-polska.pl\/ro\/wp-json\/wp\/v2\/product\/25959","targetHints":{"allow":["GET"]}}],"collection":[{"href":"https:\/\/www.maag-polska.pl\/ro\/wp-json\/wp\/v2\/product"}],"about":[{"href":"https:\/\/www.maag-polska.pl\/ro\/wp-json\/wp\/v2\/types\/product"}],"replies":[{"embeddable":true,"href":"https:\/\/www.maag-polska.pl\/ro\/wp-json\/wp\/v2\/comments?post=25959"}],"wp:featuredmedia":[{"embeddable":true,"href":"https:\/\/www.maag-polska.pl\/ro\/wp-json\/wp\/v2\/media\/24082"}],"wp:attachment":[{"href":"https:\/\/www.maag-polska.pl\/ro\/wp-json\/wp\/v2\/media?parent=25959"}],"wp:term":[{"taxonomy":"product_brand","embeddable":true,"href":"https:\/\/www.maag-polska.pl\/ro\/wp-json\/wp\/v2\/product_brand?post=25959"},{"taxonomy":"product_cat","embeddable":true,"href":"https:\/\/www.maag-polska.pl\/ro\/wp-json\/wp\/v2\/product_cat?post=25959"},{"taxonomy":"product_tag","embeddable":true,"href":"https:\/\/www.maag-polska.pl\/ro\/wp-json\/wp\/v2\/product_tag?post=25959"}],"curies":[{"name":"wp","href":"https:\/\/api.w.org\/{rel}","templated":true}]}}