{"id":25954,"date":"2025-09-01T08:32:10","date_gmt":"2025-09-01T08:32:10","guid":{"rendered":"https:\/\/www.maag-polska.pl\/obrzeza-meblowe\/d4-4-rustical-light-oak\/"},"modified":"2025-09-01T09:11:42","modified_gmt":"2025-09-01T09:11:42","slug":"d4-4-rustical-light-oak","status":"publish","type":"product","link":"https:\/\/www.maag-polska.pl\/ro\/obrzeza-meblowe\/d4-4-rustical-light-oak\/","title":{"rendered":"Margini Mobilier D4\/4 RUSTICAL LIGHT OAK"},"content":{"rendered":"<div>\n<p>Bordurile profesionale din PVC \u00een D4\/4 D\u0104B RUSTICAL JASNY ofer\u0103 o rezisten\u021b\u0103 excep\u021bional\u0103 \u00eempotriva uzurii zilnice. Acest material din PVC pur pentru prelucrarea lemnului \u00ee\u0219i men\u021bine integritatea structural\u0103 chiar \u0219i \u00een cazul utiliz\u0103rii intense, oferind rezisten\u021b\u0103 \u00eembun\u0103t\u0103\u021bit\u0103 la UV pentru a preveni decolorarea sau \u00eeng\u0103lbenirea culorii. Compozi\u021bia robust\u0103 a benzilor de margine rezist\u0103 la impacturi, umiditate \u0219i varia\u021bii de temperatur\u0103, p\u0103str\u00e2nd \u00een acela\u0219i timp aspectul s\u0103u autentic asem\u0103n\u0103tor lemnului.<\/p>\n<p>Transform\u0103-\u021bi proiectele de mobilier cu aceast\u0103 band\u0103 de margine proiectat\u0103 cu precizie care ader\u0103 perfect la marginile pl\u0103cii. Grosimea optimizat\u0103 asigur\u0103 o prelucrare rapid\u0103 \u0219i t\u0103ieturi curate, reduc\u00e2nd semnificativ timpul de instalare. Fiecare rol\u0103 de material de margine a mobilierului ofer\u0103 o calitate constant\u0103 pe tot parcursul, reduc\u00e2nd la minimum risipa \u00een timpul aplic\u0103rii. Stratul autoadeziv se activeaz\u0103 eficient la temperaturi standard de procesare, permi\u021b\u00e2nd finisarea neted\u0103, f\u0103r\u0103 bule a marginilor dulapurilor \u0219i a unit\u0103\u021bilor de rafturi.<\/p>\n<\/div>\n","protected":false},"excerpt":{"rendered":"<p>22&#215;0,6; 22&#215;1; 22&#215;2; 28&#215;2*; 32&#215;2*; 35&#215;1*; 42&#215;2<\/p>\n","protected":false},"featured_media":24067,"comment_status":"closed","ping_status":"open","template":"","meta":{"_acf_changed":false},"product_brand":[],"product_cat":[1209],"product_tag":[],"class_list":{"0":"post-25954","1":"product","2":"type-product","3":"status-publish","4":"has-post-thumbnail","6":"product_cat-margini-mobilier","8":"first","9":"instock","10":"product-type-simple"},"acf":[],"_links":{"self":[{"href":"https:\/\/www.maag-polska.pl\/ro\/wp-json\/wp\/v2\/product\/25954","targetHints":{"allow":["GET"]}}],"collection":[{"href":"https:\/\/www.maag-polska.pl\/ro\/wp-json\/wp\/v2\/product"}],"about":[{"href":"https:\/\/www.maag-polska.pl\/ro\/wp-json\/wp\/v2\/types\/product"}],"replies":[{"embeddable":true,"href":"https:\/\/www.maag-polska.pl\/ro\/wp-json\/wp\/v2\/comments?post=25954"}],"wp:featuredmedia":[{"embeddable":true,"href":"https:\/\/www.maag-polska.pl\/ro\/wp-json\/wp\/v2\/media\/24067"}],"wp:attachment":[{"href":"https:\/\/www.maag-polska.pl\/ro\/wp-json\/wp\/v2\/media?parent=25954"}],"wp:term":[{"taxonomy":"product_brand","embeddable":true,"href":"https:\/\/www.maag-polska.pl\/ro\/wp-json\/wp\/v2\/product_brand?post=25954"},{"taxonomy":"product_cat","embeddable":true,"href":"https:\/\/www.maag-polska.pl\/ro\/wp-json\/wp\/v2\/product_cat?post=25954"},{"taxonomy":"product_tag","embeddable":true,"href":"https:\/\/www.maag-polska.pl\/ro\/wp-json\/wp\/v2\/product_tag?post=25954"}],"curies":[{"name":"wp","href":"https:\/\/api.w.org\/{rel}","templated":true}]}}