{"id":25951,"date":"2025-09-01T08:31:51","date_gmt":"2025-09-01T08:31:51","guid":{"rendered":"https:\/\/www.maag-polska.pl\/obrzeza-meblowe\/d4-38-amber-urban-oak\/"},"modified":"2025-09-01T09:11:36","modified_gmt":"2025-09-01T09:11:36","slug":"d4-38-amber-urban-oak","status":"publish","type":"product","link":"https:\/\/www.maag-polska.pl\/ro\/obrzeza-meblowe\/d4-38-amber-urban-oak\/","title":{"rendered":"Margini Mobilier D4\/38 AMBER URBAN OAK"},"content":{"rendered":"<div>\n<p>Band\u0103 de margine din PVC Premium Urban Amber Oak cu grosime de 2 mm, cu o formul\u0103 avansat\u0103 rezistent\u0103 la UV. Fabricat din compu\u0219i puri din PVC, aceast\u0103 band\u0103 de margine ofer\u0103 o stabilitate excep\u021bional\u0103 a culorii \u0219i o potrivire precis\u0103 a culorilor cu panourile decorative D4\/38. Parametrii tehnici includ temperatura optim\u0103 de aderen\u021b\u0103 de 190-200\u00b0C, rezisten\u021b\u0103 superioar\u0103 la impact de >15 N\/mm\u00b2 \u0219i rata de contrac\u021bie controlat\u0103 sub 0,2%. Structura materialului asigur\u0103 t\u0103ieturi curate cu pierderi minime \u00een timpul proces\u0103rii.<\/p>\n<p>Proiectat special pentru aplica\u021bii de mobilier comercial cu trafic intens, unde durabilitatea se \u00eent\u00e2lne\u0219te cu designul. Perfect pentru mobilier de birou \u00een stil urban, accesorii de retail \u0219i instala\u021bii moderne de ospitalitate. Acest material pentru prelucrarea lemnului exceleaz\u0103 \u00een aplica\u021bii orizontale \u0219i verticale, de la mesele de conferin\u021b\u0103 p\u00e2n\u0103 la fronturile dulapurilor. Tonul de stejar chihlimbar creeaz\u0103 tranzi\u021bii f\u0103r\u0103 sudur\u0103 pe marginile mobilierului, men\u021bin\u00e2nd \u00een acela\u0219i timp aspectul \u00een condi\u021bii de utilizare intensiv\u0103 \u0219i cur\u0103\u021bare frecvent\u0103. Ideal pentru proiectele care necesit\u0103 finisare precis\u0103 a marginilor cu sisteme automate de bandare a marginilor.<\/p>\n<\/div>\n","protected":false},"excerpt":{"rendered":"<p>22&#215;0,6; 22&#215;0,8; 22&#215;1; 22&#215;2; 28&#215;0,6*; 28&#215;2*; 32&#215;2*; 35&#215;1*; 42&#215;0,8; 42&#215;2<\/p>\n","protected":false},"featured_media":24058,"comment_status":"closed","ping_status":"open","template":"","meta":{"_acf_changed":false},"product_brand":[],"product_cat":[1209],"product_tag":[],"class_list":{"0":"post-25951","1":"product","2":"type-product","3":"status-publish","4":"has-post-thumbnail","6":"product_cat-margini-mobilier","8":"first","9":"instock","10":"product-type-simple"},"acf":[],"_links":{"self":[{"href":"https:\/\/www.maag-polska.pl\/ro\/wp-json\/wp\/v2\/product\/25951","targetHints":{"allow":["GET"]}}],"collection":[{"href":"https:\/\/www.maag-polska.pl\/ro\/wp-json\/wp\/v2\/product"}],"about":[{"href":"https:\/\/www.maag-polska.pl\/ro\/wp-json\/wp\/v2\/types\/product"}],"replies":[{"embeddable":true,"href":"https:\/\/www.maag-polska.pl\/ro\/wp-json\/wp\/v2\/comments?post=25951"}],"wp:featuredmedia":[{"embeddable":true,"href":"https:\/\/www.maag-polska.pl\/ro\/wp-json\/wp\/v2\/media\/24058"}],"wp:attachment":[{"href":"https:\/\/www.maag-polska.pl\/ro\/wp-json\/wp\/v2\/media?parent=25951"}],"wp:term":[{"taxonomy":"product_brand","embeddable":true,"href":"https:\/\/www.maag-polska.pl\/ro\/wp-json\/wp\/v2\/product_brand?post=25951"},{"taxonomy":"product_cat","embeddable":true,"href":"https:\/\/www.maag-polska.pl\/ro\/wp-json\/wp\/v2\/product_cat?post=25951"},{"taxonomy":"product_tag","embeddable":true,"href":"https:\/\/www.maag-polska.pl\/ro\/wp-json\/wp\/v2\/product_tag?post=25951"}],"curies":[{"name":"wp","href":"https:\/\/api.w.org\/{rel}","templated":true}]}}