{"id":25950,"date":"2025-09-01T08:31:51","date_gmt":"2025-09-01T08:31:51","guid":{"rendered":"https:\/\/www.maag-polska.pl\/obrzeza-meblowe\/d4-35-natural-arlington-oak\/"},"modified":"2025-09-01T09:11:35","modified_gmt":"2025-09-01T09:11:35","slug":"d4-35-natural-arlington-oak","status":"publish","type":"product","link":"https:\/\/www.maag-polska.pl\/ro\/obrzeza-meblowe\/d4-35-natural-arlington-oak\/","title":{"rendered":"Margini Mobilier D4\/35 NATURAL ARLINGTON OAK"},"content":{"rendered":"<div>\n<p>Bordurile profesionale din PVC \u00een D4\/35 D\u0104B ARLINGTON NATURALNY ofer\u0103 o rezisten\u021b\u0103 excep\u021bional\u0103 \u00eempotriva uzurii zilnice. Aceast\u0103 compozi\u021bie din PVC pur \u00ee\u0219i men\u021bine integritatea structural\u0103 chiar \u0219i \u00een cazul utiliz\u0103rii intensive, oferind protec\u021bie UV \u00eembun\u0103t\u0103\u021bit\u0103 care previne decolorarea \u0219i decolorarea. Formularea avansat\u0103 a materialului asigur\u0103 durabilitate de durat\u0103 cu o rezisten\u021b\u0103 la impact testat\u0103 de p\u00e2n\u0103 la 150 kg\/cm\u00b2, f\u0103c\u00e2ndu-l ideal pentru aplica\u021bii de mobilier comercial \u0219i reziden\u021bial cu trafic intens. Spre deosebire de materialele standard pentru prelucrarea lemnului, aceast\u0103 band\u0103 de margine \u00ee\u0219i men\u021bine aspectul impecabil prin ani de expunere la lumina soarelui \u0219i la factorii de mediu.<\/p>\n<p>Experimenta\u021bi finisarea f\u0103r\u0103 sudur\u0103 a marginilor mobilierului cu benzile noastre de cant D4\/35 D\u0104B ARLINGTON NATURALNY proiectate cu precizie. Propriet\u0103\u021bile optimizate de aderen\u021b\u0103 permit aplicarea rapid\u0103 la temperaturi cuprinse \u00eentre 190-210\u00b0C, reduc\u00e2nd timpul de instalare cu p\u00e2n\u0103 la 30%. Aceast\u0103 band\u0103 de margine din PVC prezint\u0103 o textur\u0103 de suprafa\u021b\u0103 special dezvoltat\u0103, care elimin\u0103 necesitatea unor etape suplimentare de finisare. Materialul taie curat, cu risip\u0103 minim\u0103, iar sistemul s\u0103u consistent de potrivire a culorilor asigur\u0103 alinierea perfect\u0103 cu decorurile populare precum Kronospan K086 PW \u0219i Egger H3303 ST10, simplific\u00e2nd procesul de prelucrare a lemnului de la \u00eenceput p\u00e2n\u0103 la sf\u00e2r\u0219it.<\/p>\n<\/div>\n","protected":false},"excerpt":{"rendered":"<p>22&#215;0,6; 22&#215;0,8; 22&#215;1; 22&#215;2; 35&#215;1*; 42&#215;0,8; 42&#215;2<\/p>\n","protected":false},"featured_media":24055,"comment_status":"closed","ping_status":"open","template":"","meta":{"_acf_changed":false},"product_brand":[],"product_cat":[1209],"product_tag":[],"class_list":{"0":"post-25950","1":"product","2":"type-product","3":"status-publish","4":"has-post-thumbnail","6":"product_cat-margini-mobilier","8":"first","9":"instock","10":"product-type-simple"},"acf":[],"_links":{"self":[{"href":"https:\/\/www.maag-polska.pl\/ro\/wp-json\/wp\/v2\/product\/25950","targetHints":{"allow":["GET"]}}],"collection":[{"href":"https:\/\/www.maag-polska.pl\/ro\/wp-json\/wp\/v2\/product"}],"about":[{"href":"https:\/\/www.maag-polska.pl\/ro\/wp-json\/wp\/v2\/types\/product"}],"replies":[{"embeddable":true,"href":"https:\/\/www.maag-polska.pl\/ro\/wp-json\/wp\/v2\/comments?post=25950"}],"wp:featuredmedia":[{"embeddable":true,"href":"https:\/\/www.maag-polska.pl\/ro\/wp-json\/wp\/v2\/media\/24055"}],"wp:attachment":[{"href":"https:\/\/www.maag-polska.pl\/ro\/wp-json\/wp\/v2\/media?parent=25950"}],"wp:term":[{"taxonomy":"product_brand","embeddable":true,"href":"https:\/\/www.maag-polska.pl\/ro\/wp-json\/wp\/v2\/product_brand?post=25950"},{"taxonomy":"product_cat","embeddable":true,"href":"https:\/\/www.maag-polska.pl\/ro\/wp-json\/wp\/v2\/product_cat?post=25950"},{"taxonomy":"product_tag","embeddable":true,"href":"https:\/\/www.maag-polska.pl\/ro\/wp-json\/wp\/v2\/product_tag?post=25950"}],"curies":[{"name":"wp","href":"https:\/\/api.w.org\/{rel}","templated":true}]}}