{"id":25941,"date":"2025-09-01T08:31:51","date_gmt":"2025-09-01T08:31:51","guid":{"rendered":"https:\/\/www.maag-polska.pl\/obrzeza-meblowe\/d4-28-white-craft-oak\/"},"modified":"2025-09-01T09:11:30","modified_gmt":"2025-09-01T09:11:30","slug":"d4-28-white-craft-oak","status":"publish","type":"product","link":"https:\/\/www.maag-polska.pl\/ro\/obrzeza-meblowe\/d4-28-white-craft-oak\/","title":{"rendered":"Margini Mobilier D4\/28 WHITE CRAFT OAK"},"content":{"rendered":"<div>\n<p>Fabricat pentru a capta esen\u021ba stejarului alb, aceast\u0103 band\u0103 de margine D4\/28 D\u0104B CRAFT BIA\u0141Y prezint\u0103 un finisaj mat sofisticat care se \u00eembin\u0103 perfect cu designul modern de mobilier. Banda de margine din PVC atent proiectat\u0103 prezint\u0103 un model de granula\u021bie delicat care oglinde\u0219te texturile naturale ale lemnului, men\u021bin\u00e2nd \u00een acela\u0219i timp tonuri de alb curat, care lumineaz\u0103 orice pies\u0103 de mobilier. Stabilitatea culorii sale asigur\u0103 ca aspectul curat s\u0103 r\u0103m\u00e2n\u0103 neschimbat chiar \u0219i dup\u0103 expunerea prelungit\u0103 la iluminarea interioar\u0103.<\/p>\n<p>Acest material versatil pentru prelucrarea lemnului se adapteaz\u0103 perfect at\u00e2t aplica\u021biilor de mobilier reziden\u021bial, c\u00e2t \u0219i comercial. Compozi\u021bia din PVC pur ofer\u0103 o durabilitate excep\u021bional\u0103 cu rezisten\u021b\u0103 UV \u00eencorporat\u0103, f\u0103c\u00e2ndu-l ideal pentru piesele expuse la lumin\u0103 natural\u0103. Cu o l\u0103\u021bime de 28 mm, aceast\u0103 margine a mobilierului ofer\u0103 o acoperire generoas\u0103, asigur\u00e2nd \u00een acela\u0219i timp de\u0219euri minime \u00een timpul aplic\u0103rii. Grosimea optim\u0103 a materialului permite o prelucrare u\u0219oar\u0103 cu echipamente standard de band\u0103 de margine, permi\u021b\u00e2nd t\u0103ieturi curate \u0219i finisare neted\u0103 a dulapurilor, rafturi \u0219i piese de mobilier personalizate.<\/p>\n<\/div>\n","protected":false},"excerpt":{"rendered":"<p>22&#215;0,6; 22&#215;1; 22&#215;2; 32&#215;2*; 35&#215;1*; 42&#215;0,8; 42&#215;2<\/p>\n","protected":false},"featured_media":24030,"comment_status":"closed","ping_status":"open","template":"","meta":{"_acf_changed":false},"product_brand":[],"product_cat":[1209],"product_tag":[],"class_list":{"0":"post-25941","1":"product","2":"type-product","3":"status-publish","4":"has-post-thumbnail","6":"product_cat-margini-mobilier","8":"first","9":"instock","10":"product-type-simple"},"acf":[],"_links":{"self":[{"href":"https:\/\/www.maag-polska.pl\/ro\/wp-json\/wp\/v2\/product\/25941","targetHints":{"allow":["GET"]}}],"collection":[{"href":"https:\/\/www.maag-polska.pl\/ro\/wp-json\/wp\/v2\/product"}],"about":[{"href":"https:\/\/www.maag-polska.pl\/ro\/wp-json\/wp\/v2\/types\/product"}],"replies":[{"embeddable":true,"href":"https:\/\/www.maag-polska.pl\/ro\/wp-json\/wp\/v2\/comments?post=25941"}],"wp:featuredmedia":[{"embeddable":true,"href":"https:\/\/www.maag-polska.pl\/ro\/wp-json\/wp\/v2\/media\/24030"}],"wp:attachment":[{"href":"https:\/\/www.maag-polska.pl\/ro\/wp-json\/wp\/v2\/media?parent=25941"}],"wp:term":[{"taxonomy":"product_brand","embeddable":true,"href":"https:\/\/www.maag-polska.pl\/ro\/wp-json\/wp\/v2\/product_brand?post=25941"},{"taxonomy":"product_cat","embeddable":true,"href":"https:\/\/www.maag-polska.pl\/ro\/wp-json\/wp\/v2\/product_cat?post=25941"},{"taxonomy":"product_tag","embeddable":true,"href":"https:\/\/www.maag-polska.pl\/ro\/wp-json\/wp\/v2\/product_tag?post=25941"}],"curies":[{"name":"wp","href":"https:\/\/api.w.org\/{rel}","templated":true}]}}