{"id":25939,"date":"2025-09-01T08:31:51","date_gmt":"2025-09-01T08:31:51","guid":{"rendered":"https:\/\/www.maag-polska.pl\/obrzeza-meblowe\/d4-26-bordeaux-oak\/"},"modified":"2025-09-01T09:11:29","modified_gmt":"2025-09-01T09:11:29","slug":"d4-26-bordeaux-oak","status":"publish","type":"product","link":"https:\/\/www.maag-polska.pl\/ro\/obrzeza-meblowe\/d4-26-bordeaux-oak\/","title":{"rendered":"Margini Mobilier D4\/26 BORDEAUX OAK"},"content":{"rendered":"<div>\n<p>Banda de margine din PVC Premium D4\/26 D\u0104B BORDEAUX ofer\u0103 performan\u021be tehnice excep\u021bionale cu grosimea sa de 2,6 mm \u0219i compozi\u021bie din PVC pur. Aceast\u0103 band\u0103 de margine rezistent\u0103 la UV men\u021bine stabilitatea culorii \u00een condi\u021bii variate de iluminare, prevenind \u00eeng\u0103lbenirea sau decolorarea. Densitatea atent calibrat\u0103 a materialului asigur\u0103 parametri optimi de prelucrare, \u00een timp ce structura sa uniform\u0103 permite t\u0103ieturi curate cu risip\u0103 minim\u0103. Prezint\u0103 o textur\u0103 de suprafa\u021b\u0103 proiectat\u0103 cu precizie care se potrive\u0219te cu modelele de stejar Bordeaux cu o toleran\u021b\u0103 de \u00b10,10 mm, sus\u021binut\u0103 de standarde riguroase de control al calit\u0103\u021bii.<\/p>\n<p>Dezvoltat special pentru produc\u021bia de mobilier de ultim\u0103 genera\u021bie, unde estetica stejarului Bordeaux este esen\u021bial\u0103. Acest material pentru prelucrarea lemnului exceleaz\u0103 \u00een produc\u021bia de dulapuri comerciale, accesorii de v\u00e2nzare cu am\u0103nuntul \u0219i aplica\u021bii de mobilier reziden\u021bial premium. Propriet\u0103\u021bile de rezisten\u021b\u0103 la impact ale benzii de margine o fac ideal\u0103 pentru mediile comerciale cu trafic intens, cum ar fi hoteluri \u0219i birouri. Perfect pentru suprafe\u021be verticale \u0219i orizontale care necesit\u0103 finisare f\u0103r\u0103 sudur\u0103 a marginilor, \u00een special \u00een proiectele de prelucrare a lemnului personalizate \u0219i arhitecturale \u00een care durabilitatea \u00eendepline\u0219te cerin\u021bele sofisticate de design.<\/p>\n<\/div>\n","protected":false},"excerpt":{"rendered":"<p>22&#215;0,6; 22&#215;1; 22&#215;2; 28&#215;2*; 32&#215;2*; 35&#215;1*; 42&#215;2<\/p>\n","protected":false},"featured_media":24024,"comment_status":"closed","ping_status":"open","template":"","meta":{"_acf_changed":false},"product_brand":[],"product_cat":[1209],"product_tag":[],"class_list":{"0":"post-25939","1":"product","2":"type-product","3":"status-publish","4":"has-post-thumbnail","6":"product_cat-margini-mobilier","8":"first","9":"instock","10":"product-type-simple"},"acf":[],"_links":{"self":[{"href":"https:\/\/www.maag-polska.pl\/ro\/wp-json\/wp\/v2\/product\/25939","targetHints":{"allow":["GET"]}}],"collection":[{"href":"https:\/\/www.maag-polska.pl\/ro\/wp-json\/wp\/v2\/product"}],"about":[{"href":"https:\/\/www.maag-polska.pl\/ro\/wp-json\/wp\/v2\/types\/product"}],"replies":[{"embeddable":true,"href":"https:\/\/www.maag-polska.pl\/ro\/wp-json\/wp\/v2\/comments?post=25939"}],"wp:featuredmedia":[{"embeddable":true,"href":"https:\/\/www.maag-polska.pl\/ro\/wp-json\/wp\/v2\/media\/24024"}],"wp:attachment":[{"href":"https:\/\/www.maag-polska.pl\/ro\/wp-json\/wp\/v2\/media?parent=25939"}],"wp:term":[{"taxonomy":"product_brand","embeddable":true,"href":"https:\/\/www.maag-polska.pl\/ro\/wp-json\/wp\/v2\/product_brand?post=25939"},{"taxonomy":"product_cat","embeddable":true,"href":"https:\/\/www.maag-polska.pl\/ro\/wp-json\/wp\/v2\/product_cat?post=25939"},{"taxonomy":"product_tag","embeddable":true,"href":"https:\/\/www.maag-polska.pl\/ro\/wp-json\/wp\/v2\/product_tag?post=25939"}],"curies":[{"name":"wp","href":"https:\/\/api.w.org\/{rel}","templated":true}]}}