{"id":25938,"date":"2025-09-01T08:31:51","date_gmt":"2025-09-01T08:31:51","guid":{"rendered":"https:\/\/www.maag-polska.pl\/obrzeza-meblowe\/d4-22-canyon-oak\/"},"modified":"2025-09-01T09:11:28","modified_gmt":"2025-09-01T09:11:28","slug":"d4-22-canyon-oak","status":"publish","type":"product","link":"https:\/\/www.maag-polska.pl\/ro\/obrzeza-meblowe\/d4-22-canyon-oak\/","title":{"rendered":"Margini Mobilier D4\/22 CANYON OAK"},"content":{"rendered":"<div>\n<p>Banda de margine din PVC de calitate profesional\u0103 conceput\u0103 pentru a rezista la uzura zilnic\u0103 intens\u0103. Aceast\u0103 band\u0103 de margine D4\/22 D\u0104B CANYON prezint\u0103 rezisten\u021b\u0103 \u00eembun\u0103t\u0103\u021bit\u0103 la UV \u0219i \u00ee\u0219i men\u021bine finisajul inspirat de stejar chiar \u0219i \u00een condi\u021bii dure. Compozi\u021bia din PVC pur ofer\u0103 o rezisten\u021b\u0103 superioar\u0103 la impact, prevenind \u00een acela\u0219i timp delaminarea \u0219i ciobirea marginilor. Testat pentru stabilitatea culorii \u00een diferite medii, acest material pentru prelucrarea lemnului \u00ee\u0219i men\u021bine aspectul autentic de-a lungul anilor de utilizare.<\/p>\n<p>Solu\u021bie de montare rapid\u0103 pentru marginea mobilierului care v\u0103 simplific\u0103 procesul de produc\u021bie. Grosimea calibrat\u0103 cu precizie asigur\u0103 aplicarea lin\u0103 cu ma\u0219inile standard de bandare a marginilor, minimiz\u00e2nd ajust\u0103rile de configurare. Aceast\u0103 band\u0103 de margine din PVC ader\u0103 ferm la primul contact, reduc\u00e2nd prelucrarea \u0219i risipa. Structura consistent\u0103 a materialului permite t\u0103ieturi curate, f\u0103r\u0103 a\u0219chii, permi\u021b\u00e2ndu-v\u0103 s\u0103 finaliza\u021bi sarcinile de finisare a marginilor cu o eficien\u021b\u0103 remarcabil\u0103.<\/p>\n<\/div>\n","protected":false},"excerpt":{"rendered":"<p>22&#215;0,6; 22&#215;1; 22&#215;2; 32&#215;2*; 35&#215;1*; 42&#215;2<\/p>\n","protected":false},"featured_media":24021,"comment_status":"closed","ping_status":"open","template":"","meta":{"_acf_changed":false},"product_brand":[],"product_cat":[1209],"product_tag":[],"class_list":{"0":"post-25938","1":"product","2":"type-product","3":"status-publish","4":"has-post-thumbnail","6":"product_cat-margini-mobilier","8":"first","9":"instock","10":"product-type-simple"},"acf":[],"_links":{"self":[{"href":"https:\/\/www.maag-polska.pl\/ro\/wp-json\/wp\/v2\/product\/25938","targetHints":{"allow":["GET"]}}],"collection":[{"href":"https:\/\/www.maag-polska.pl\/ro\/wp-json\/wp\/v2\/product"}],"about":[{"href":"https:\/\/www.maag-polska.pl\/ro\/wp-json\/wp\/v2\/types\/product"}],"replies":[{"embeddable":true,"href":"https:\/\/www.maag-polska.pl\/ro\/wp-json\/wp\/v2\/comments?post=25938"}],"wp:featuredmedia":[{"embeddable":true,"href":"https:\/\/www.maag-polska.pl\/ro\/wp-json\/wp\/v2\/media\/24021"}],"wp:attachment":[{"href":"https:\/\/www.maag-polska.pl\/ro\/wp-json\/wp\/v2\/media?parent=25938"}],"wp:term":[{"taxonomy":"product_brand","embeddable":true,"href":"https:\/\/www.maag-polska.pl\/ro\/wp-json\/wp\/v2\/product_brand?post=25938"},{"taxonomy":"product_cat","embeddable":true,"href":"https:\/\/www.maag-polska.pl\/ro\/wp-json\/wp\/v2\/product_cat?post=25938"},{"taxonomy":"product_tag","embeddable":true,"href":"https:\/\/www.maag-polska.pl\/ro\/wp-json\/wp\/v2\/product_tag?post=25938"}],"curies":[{"name":"wp","href":"https:\/\/api.w.org\/{rel}","templated":true}]}}