{"id":25937,"date":"2025-09-01T08:31:51","date_gmt":"2025-09-01T08:31:51","guid":{"rendered":"https:\/\/www.maag-polska.pl\/obrzeza-meblowe\/d4-21-nagano-oak\/"},"modified":"2025-09-01T09:11:28","modified_gmt":"2025-09-01T09:11:28","slug":"d4-21-nagano-oak","status":"publish","type":"product","link":"https:\/\/www.maag-polska.pl\/ro\/obrzeza-meblowe\/d4-21-nagano-oak\/","title":{"rendered":"Margini Mobilier D4\/21 NAGANO OAK"},"content":{"rendered":"<div>\n<p>Capt\u00e2nd c\u0103ldura autentic\u0103 a stejarului Nagano, aceast\u0103 band\u0103 de margine din PVC prezint\u0103 un model de granula\u021bie a lemnului realizat cu meticulozitate, care aduce profunzime \u0219i caracter marginilor mobilierului. Finisajul D4\/21 prezint\u0103 varia\u021bii subtile de ton \u0219i textur\u0103, cre\u00e2nd o tranzi\u021bie perfect\u0103 \u00eentre suprafe\u021bele \u0219i marginile pl\u0103cii. Compozi\u021bia sa din PVC pur asigur\u0103 o stabilitate excep\u021bional\u0103 a culorii, men\u021bin\u00e2nd aspectul natural de stejar chiar \u0219i \u00een cazul expunerii prelungite la lumina soarelui.<\/p>\n<p>Aceast\u0103 band\u0103 de margine versatil\u0103 exceleaz\u0103 at\u00e2t \u00een proiectele reziden\u021biale, c\u00e2t \u0219i \u00een cele comerciale de prelucrare a lemnului, oferind rezisten\u021b\u0103 superioar\u0103 la UV \u0219i protec\u021bie la impact. Perfect pentru a crea margini durabile de mobilier \u00een buc\u0103t\u0103rii, birouri \u0219i spa\u021bii de v\u00e2nzare cu am\u0103nuntul, materialul proceseaz\u0103 curat, cu de\u0219euri minime. Formula special\u0103 din PVC asigur\u0103 o aderen\u021b\u0103 puternic\u0103, r\u0103m\u00e2n\u00e2nd \u00een acela\u0219i timp suficient de flexibil\u0103 pentru aplica\u021bii curbate, f\u0103c\u00e2ndu-l o alegere ideal\u0103 pentru produc\u021bia de mobilier modern, unde at\u00e2t estetica, c\u00e2t \u0219i longevitatea conteaz\u0103.<\/p>\n<\/div>\n","protected":false},"excerpt":{"rendered":"<p>22&#215;0,6; 22&#215;1; 22&#215;2; 28&#215;2*; 32&#215;2*; 35&#215;1*; 42&#215;2<\/p>\n","protected":false},"featured_media":24018,"comment_status":"closed","ping_status":"open","template":"","meta":{"_acf_changed":false},"product_brand":[],"product_cat":[1209],"product_tag":[],"class_list":{"0":"post-25937","1":"product","2":"type-product","3":"status-publish","4":"has-post-thumbnail","6":"product_cat-margini-mobilier","8":"first","9":"instock","10":"product-type-simple"},"acf":[],"_links":{"self":[{"href":"https:\/\/www.maag-polska.pl\/ro\/wp-json\/wp\/v2\/product\/25937","targetHints":{"allow":["GET"]}}],"collection":[{"href":"https:\/\/www.maag-polska.pl\/ro\/wp-json\/wp\/v2\/product"}],"about":[{"href":"https:\/\/www.maag-polska.pl\/ro\/wp-json\/wp\/v2\/types\/product"}],"replies":[{"embeddable":true,"href":"https:\/\/www.maag-polska.pl\/ro\/wp-json\/wp\/v2\/comments?post=25937"}],"wp:featuredmedia":[{"embeddable":true,"href":"https:\/\/www.maag-polska.pl\/ro\/wp-json\/wp\/v2\/media\/24018"}],"wp:attachment":[{"href":"https:\/\/www.maag-polska.pl\/ro\/wp-json\/wp\/v2\/media?parent=25937"}],"wp:term":[{"taxonomy":"product_brand","embeddable":true,"href":"https:\/\/www.maag-polska.pl\/ro\/wp-json\/wp\/v2\/product_brand?post=25937"},{"taxonomy":"product_cat","embeddable":true,"href":"https:\/\/www.maag-polska.pl\/ro\/wp-json\/wp\/v2\/product_cat?post=25937"},{"taxonomy":"product_tag","embeddable":true,"href":"https:\/\/www.maag-polska.pl\/ro\/wp-json\/wp\/v2\/product_tag?post=25937"}],"curies":[{"name":"wp","href":"https:\/\/api.w.org\/{rel}","templated":true}]}}