{"id":25935,"date":"2025-09-01T08:31:51","date_gmt":"2025-09-01T08:31:51","guid":{"rendered":"https:\/\/www.maag-polska.pl\/obrzeza-meblowe\/d4-2-rustical-oak\/"},"modified":"2025-09-01T09:11:27","modified_gmt":"2025-09-01T09:11:27","slug":"d4-2-rustical-oak","status":"publish","type":"product","link":"https:\/\/www.maag-polska.pl\/ro\/obrzeza-meblowe\/d4-2-rustical-oak\/","title":{"rendered":"Margini Mobilier D4\/2 RUSTICAL OAK"},"content":{"rendered":"<div>\n<p>Borduri din PVC de calitate profesional\u0103 cu finisaj D4\/2 D\u0104B RUSTICAL, fabricate cu compu\u0219i din PVC pur pentru o protec\u021bie superioar\u0103 a marginilor. Prezint\u0103 un profil precis de 2 mm grosime, cu rezisten\u021b\u0103 \u00eembun\u0103t\u0103\u021bit\u0103 la UV \u0219i stabilitate a culorii. Materialul demonstreaz\u0103 o rezisten\u021b\u0103 excelent\u0103 la impact de p\u00e2n\u0103 la 150 N\/mm\u00b2 \u0219i men\u021bine stabilitatea dimensional\u0103 \u00eentre -20\u00b0C \u0219i +80\u00b0C. Tratamentul avansat al suprafe\u021bei asigur\u0103 o precizie de potrivire a culorilor de 98% cu decorurile populare ale pl\u0103cilor.<\/p>\n<p>Proiectat special pentru aplica\u021bii de mobilier comercial cu trafic intens, inclusiv sta\u021bii de lucru de birou \u0219i unit\u0103\u021bi de afi\u0219are de v\u00e2nzare cu am\u0103nuntul. Materialele de prelucrare a lemnului exceleaz\u0103 \u00een fabricarea dulapurilor, \u00een special pentru marginile expuse \u00een instala\u021biile de buc\u0103t\u0103rie \u0219i baie. Durabilitatea benzilor de margine o face ideal\u0103 pentru facilit\u0103\u021bile educa\u021bionale \u0219i mobilierul de ospitalitate, unde cur\u0103\u021barea frecvent\u0103 \u0219i utilizarea intens\u0103 necesit\u0103 o protec\u021bie superioar\u0103 a marginilor. Perfect pentru procesele automate de bandare a marginilor cu aderenta optima la 190-210\u00b0C.<\/p>\n<\/div>\n","protected":false},"excerpt":{"rendered":"<p>22&#215;0,6; 22&#215;1; 22&#215;2; 32&#215;2*; 35&#215;1*; 42&#215;2<\/p>\n","protected":false},"featured_media":24012,"comment_status":"closed","ping_status":"open","template":"","meta":{"_acf_changed":false},"product_brand":[],"product_cat":[1209],"product_tag":[],"class_list":{"0":"post-25935","1":"product","2":"type-product","3":"status-publish","4":"has-post-thumbnail","6":"product_cat-margini-mobilier","8":"first","9":"instock","10":"product-type-simple"},"acf":[],"_links":{"self":[{"href":"https:\/\/www.maag-polska.pl\/ro\/wp-json\/wp\/v2\/product\/25935","targetHints":{"allow":["GET"]}}],"collection":[{"href":"https:\/\/www.maag-polska.pl\/ro\/wp-json\/wp\/v2\/product"}],"about":[{"href":"https:\/\/www.maag-polska.pl\/ro\/wp-json\/wp\/v2\/types\/product"}],"replies":[{"embeddable":true,"href":"https:\/\/www.maag-polska.pl\/ro\/wp-json\/wp\/v2\/comments?post=25935"}],"wp:featuredmedia":[{"embeddable":true,"href":"https:\/\/www.maag-polska.pl\/ro\/wp-json\/wp\/v2\/media\/24012"}],"wp:attachment":[{"href":"https:\/\/www.maag-polska.pl\/ro\/wp-json\/wp\/v2\/media?parent=25935"}],"wp:term":[{"taxonomy":"product_brand","embeddable":true,"href":"https:\/\/www.maag-polska.pl\/ro\/wp-json\/wp\/v2\/product_brand?post=25935"},{"taxonomy":"product_cat","embeddable":true,"href":"https:\/\/www.maag-polska.pl\/ro\/wp-json\/wp\/v2\/product_cat?post=25935"},{"taxonomy":"product_tag","embeddable":true,"href":"https:\/\/www.maag-polska.pl\/ro\/wp-json\/wp\/v2\/product_tag?post=25935"}],"curies":[{"name":"wp","href":"https:\/\/api.w.org\/{rel}","templated":true}]}}