{"id":25934,"date":"2025-09-01T08:31:51","date_gmt":"2025-09-01T08:31:51","guid":{"rendered":"https:\/\/www.maag-polska.pl\/obrzeza-meblowe\/d4-18-ristretto-baroque-oak\/"},"modified":"2025-09-01T09:11:26","modified_gmt":"2025-09-01T09:11:26","slug":"d4-18-ristretto-baroque-oak","status":"publish","type":"product","link":"https:\/\/www.maag-polska.pl\/ro\/obrzeza-meblowe\/d4-18-ristretto-baroque-oak\/","title":{"rendered":"Margini Mobilier D4\/18 RISTRETTO BAROQUE OAK"},"content":{"rendered":"<div>\n<p>Bordurile profesionale din PVC \u00een D4\/18 D\u0104B BAROKOWY RISTRETTO ofer\u0103 o rezisten\u021b\u0103 excep\u021bional\u0103 \u00eempotriva uzurii zilnice. Aceast\u0103 margine a mobilierului se potrive\u0219te perfect cu suprafe\u021bele Kronospan K537 RW, oferind \u00een acela\u0219i timp o protec\u021bie UV superioar\u0103, care previne decolorarea culorii chiar \u0219i la expunerea la lumin\u0103 intens\u0103. Compozi\u021bia din PVC pur asigur\u0103 o durabilitate remarcabil\u0103 \u00eempotriva impactului, zg\u00e2rieturilor \u0219i substan\u021belor chimice de uz casnic, f\u0103c\u00e2ndu-l ideal pentru aplica\u021bii de mobilier cu trafic intens.<\/p>\n<p>Materialele pentru prelucrarea lemnului ar trebui s\u0103 v\u0103 eficientizeze fluxul de lucru, iar aceast\u0103 band\u0103 de margine ofer\u0103 exact asta. Suprafa\u021ba proiectat\u0103 cu precizie necesit\u0103 o preg\u0103tire minim\u0103, ader\u0103 rapid \u0219i taie curat, practic f\u0103r\u0103 risip\u0103. Grosimea optimizat\u0103 asigur\u0103 o prelucrare lin\u0103, p\u0103str\u00e2nd \u00een acela\u0219i timp aspectul autentic D\u0105b Barokowy Ristretto. Perfect at\u00e2t pentru sistemele manuale, c\u00e2t \u0219i pentru sistemele automate de bandare a marginilor, reduce timpul de instalare f\u0103r\u0103 a compromite finisajul profesional.<\/p>\n<\/div>\n","protected":false},"excerpt":{"rendered":"<p>22&#215;0,6; 22&#215;0,8; 22&#215;2; 35&#215;1*; 42&#215;0,8; 42&#215;2<\/p>\n","protected":false},"featured_media":24009,"comment_status":"closed","ping_status":"open","template":"","meta":{"_acf_changed":false},"product_brand":[],"product_cat":[1209],"product_tag":[],"class_list":{"0":"post-25934","1":"product","2":"type-product","3":"status-publish","4":"has-post-thumbnail","6":"product_cat-margini-mobilier","8":"first","9":"instock","10":"product-type-simple"},"acf":[],"_links":{"self":[{"href":"https:\/\/www.maag-polska.pl\/ro\/wp-json\/wp\/v2\/product\/25934","targetHints":{"allow":["GET"]}}],"collection":[{"href":"https:\/\/www.maag-polska.pl\/ro\/wp-json\/wp\/v2\/product"}],"about":[{"href":"https:\/\/www.maag-polska.pl\/ro\/wp-json\/wp\/v2\/types\/product"}],"replies":[{"embeddable":true,"href":"https:\/\/www.maag-polska.pl\/ro\/wp-json\/wp\/v2\/comments?post=25934"}],"wp:featuredmedia":[{"embeddable":true,"href":"https:\/\/www.maag-polska.pl\/ro\/wp-json\/wp\/v2\/media\/24009"}],"wp:attachment":[{"href":"https:\/\/www.maag-polska.pl\/ro\/wp-json\/wp\/v2\/media?parent=25934"}],"wp:term":[{"taxonomy":"product_brand","embeddable":true,"href":"https:\/\/www.maag-polska.pl\/ro\/wp-json\/wp\/v2\/product_brand?post=25934"},{"taxonomy":"product_cat","embeddable":true,"href":"https:\/\/www.maag-polska.pl\/ro\/wp-json\/wp\/v2\/product_cat?post=25934"},{"taxonomy":"product_tag","embeddable":true,"href":"https:\/\/www.maag-polska.pl\/ro\/wp-json\/wp\/v2\/product_tag?post=25934"}],"curies":[{"name":"wp","href":"https:\/\/api.w.org\/{rel}","templated":true}]}}