{"id":25933,"date":"2025-09-01T08:31:51","date_gmt":"2025-09-01T08:31:51","guid":{"rendered":"https:\/\/www.maag-polska.pl\/obrzeza-meblowe\/d4-17-sanremo-rustical-oak\/"},"modified":"2025-09-01T09:11:25","modified_gmt":"2025-09-01T09:11:25","slug":"d4-17-sanremo-rustical-oak","status":"publish","type":"product","link":"https:\/\/www.maag-polska.pl\/ro\/obrzeza-meblowe\/d4-17-sanremo-rustical-oak\/","title":{"rendered":"Margini Mobilier D4\/17 SANREMO RUSTICAL OAK"},"content":{"rendered":"<div>\n<p>Capt\u00e2nd farmecul autentic al stejarului rustic, benzile de cant din PVC D4\/17 D\u0104B SANREMO RUSTIKAL prezint\u0103 un model de cereale a lemnului realizat cu meticulozitate, care oglinde\u0219te c\u0103ldura \u0219i caracterul lemnului natural. Suprafa\u021ba bogat\u0103 \u0219i texturat\u0103 prezint\u0103 varia\u021bii subtile \u0219i o palet\u0103 de culori atent echilibrat\u0103, care aduce profunzime \u0219i sofisticare marginilor mobilierului. Finisajul premium al acestei benzi de cant \u00ee\u0219i men\u021bine atractivitatea estetic\u0103 prin tehnologia rezistent\u0103 la UV, asigur\u00e2nd o stabilitate de durat\u0103 a culorii chiar \u0219i \u00een zonele expuse la soare.<\/p>\n<p>Fabricat din PVC pur, acest material versatil pentru prelucrarea lemnului se adapteaz\u0103 perfect la diverse proiecte de mobilier, de la dulapuri de buc\u0103t\u0103rie la instala\u021bii de birou. Grosimea optimizat\u0103 a benzilor de margine asigur\u0103 o prelucrare curat\u0103, cu de\u0219euri minime, \u00een timp ce compozi\u021bia sa rezistent\u0103 la impact rezist\u0103 la uzura zilnic\u0103. Perfect pentru dulapii profesioni\u0219ti \u0219i produc\u0103tori de mobil\u0103, se leag\u0103 eficient cu adezivii standard \u0219i poate fi t\u0103iat cu precizie at\u00e2t pentru aplica\u021bii drepte, c\u00e2t \u0219i curbate. Parametrii tehnici ai materialului suport\u0103 at\u00e2t procesele manuale, c\u00e2t \u0219i automate de bandare a marginilor, f\u0103c\u00e2ndu-l o alegere eficient\u0103 pentru orice scar\u0103 de produc\u021bie.<\/p>\n<\/div>\n","protected":false},"excerpt":{"rendered":"<p>22&#215;0,6; 22&#215;1; 22&#215;2; 32&#215;2*; 35&#215;1*; 42&#215;2; 44&#215;1*<\/p>\n","protected":false},"featured_media":24006,"comment_status":"closed","ping_status":"open","template":"","meta":{"_acf_changed":false},"product_brand":[],"product_cat":[1209],"product_tag":[],"class_list":{"0":"post-25933","1":"product","2":"type-product","3":"status-publish","4":"has-post-thumbnail","6":"product_cat-margini-mobilier","8":"first","9":"instock","10":"product-type-simple"},"acf":[],"_links":{"self":[{"href":"https:\/\/www.maag-polska.pl\/ro\/wp-json\/wp\/v2\/product\/25933","targetHints":{"allow":["GET"]}}],"collection":[{"href":"https:\/\/www.maag-polska.pl\/ro\/wp-json\/wp\/v2\/product"}],"about":[{"href":"https:\/\/www.maag-polska.pl\/ro\/wp-json\/wp\/v2\/types\/product"}],"replies":[{"embeddable":true,"href":"https:\/\/www.maag-polska.pl\/ro\/wp-json\/wp\/v2\/comments?post=25933"}],"wp:featuredmedia":[{"embeddable":true,"href":"https:\/\/www.maag-polska.pl\/ro\/wp-json\/wp\/v2\/media\/24006"}],"wp:attachment":[{"href":"https:\/\/www.maag-polska.pl\/ro\/wp-json\/wp\/v2\/media?parent=25933"}],"wp:term":[{"taxonomy":"product_brand","embeddable":true,"href":"https:\/\/www.maag-polska.pl\/ro\/wp-json\/wp\/v2\/product_brand?post=25933"},{"taxonomy":"product_cat","embeddable":true,"href":"https:\/\/www.maag-polska.pl\/ro\/wp-json\/wp\/v2\/product_cat?post=25933"},{"taxonomy":"product_tag","embeddable":true,"href":"https:\/\/www.maag-polska.pl\/ro\/wp-json\/wp\/v2\/product_tag?post=25933"}],"curies":[{"name":"wp","href":"https:\/\/api.w.org\/{rel}","templated":true}]}}