{"id":25930,"date":"2025-09-01T08:31:32","date_gmt":"2025-09-01T08:31:32","guid":{"rendered":"https:\/\/www.maag-polska.pl\/obrzeza-meblowe\/d4-14-golden-oak\/"},"modified":"2025-09-01T09:11:20","modified_gmt":"2025-09-01T09:11:20","slug":"d4-14-golden-oak","status":"publish","type":"product","link":"https:\/\/www.maag-polska.pl\/ro\/obrzeza-meblowe\/d4-14-golden-oak\/","title":{"rendered":"Margini Mobilier D4\/14 GOLDEN OAK"},"content":{"rendered":"<div>\n<p>Bordurile profesionale din PVC din D4\/14 D\u0104B Z\u0141OCONY ofer\u0103 o rezisten\u021b\u0103 excep\u021bional\u0103 \u00eempotriva uzurii zilnice \u0219i a factorilor de mediu. Acest material din PVC pur pentru prelucrarea lemnului \u00ee\u0219i men\u021bine integritatea structural\u0103 \u0219i aspectul de stejar auriu chiar \u0219i \u00een condi\u021bii intense de utilizare. Rezisten\u021ba UV testat\u0103 \u00een laborator previne decolorarea culorii, \u00een timp ce compozi\u021bia specializat\u0103 asigur\u0103 protec\u021bie de durat\u0103 \u00eempotriva impacturilor, umidit\u0103\u021bii \u0219i varia\u021biilor de temperatur\u0103. Grosimea robust\u0103 de 2 mm a benzii de margine ofer\u0103 o protec\u021bie superioar\u0103 a marginilor componentelor de mobilier.<\/p>\n<p>Transform\u0103-\u021bi proiectele de mobilier cu aceast\u0103 band\u0103 de margine de stejar auriu cu aplicare rapid\u0103, care reduce semnificativ timpul de instalare. Suprafa\u021ba proiectat\u0103 cu precizie necesit\u0103 o preg\u0103tire minim\u0103 \u0219i ader\u0103 uniform, elimin\u00e2nd problemele comune de procesare. Perfect\u0103 at\u00e2t pentru sistemele de aplicare manuale, c\u00e2t \u0219i pentru cele automate, aceast\u0103 band\u0103 de margine din PVC creeaz\u0103 finisaje curate, profesionale, cu de\u0219euri remarcabil de pu\u021bine. Flexibilitatea constant\u0103 a materialului \u00eel face ideal at\u00e2t pentru margini drepte, c\u00e2t \u0219i pentru suprafe\u021be curbate, simplific\u00e2nd fluxul de lucru pentru prelucrarea lemnului.<\/p>\n<\/div>\n","protected":false},"excerpt":{"rendered":"<p>22&#215;1<\/p>\n","protected":false},"featured_media":23621,"comment_status":"closed","ping_status":"open","template":"","meta":{"_acf_changed":false},"product_brand":[],"product_cat":[1209],"product_tag":[],"class_list":{"0":"post-25930","1":"product","2":"type-product","3":"status-publish","4":"has-post-thumbnail","6":"product_cat-margini-mobilier","8":"first","9":"instock","10":"product-type-simple"},"acf":[],"_links":{"self":[{"href":"https:\/\/www.maag-polska.pl\/ro\/wp-json\/wp\/v2\/product\/25930","targetHints":{"allow":["GET"]}}],"collection":[{"href":"https:\/\/www.maag-polska.pl\/ro\/wp-json\/wp\/v2\/product"}],"about":[{"href":"https:\/\/www.maag-polska.pl\/ro\/wp-json\/wp\/v2\/types\/product"}],"replies":[{"embeddable":true,"href":"https:\/\/www.maag-polska.pl\/ro\/wp-json\/wp\/v2\/comments?post=25930"}],"wp:featuredmedia":[{"embeddable":true,"href":"https:\/\/www.maag-polska.pl\/ro\/wp-json\/wp\/v2\/media\/23621"}],"wp:attachment":[{"href":"https:\/\/www.maag-polska.pl\/ro\/wp-json\/wp\/v2\/media?parent=25930"}],"wp:term":[{"taxonomy":"product_brand","embeddable":true,"href":"https:\/\/www.maag-polska.pl\/ro\/wp-json\/wp\/v2\/product_brand?post=25930"},{"taxonomy":"product_cat","embeddable":true,"href":"https:\/\/www.maag-polska.pl\/ro\/wp-json\/wp\/v2\/product_cat?post=25930"},{"taxonomy":"product_tag","embeddable":true,"href":"https:\/\/www.maag-polska.pl\/ro\/wp-json\/wp\/v2\/product_tag?post=25930"}],"curies":[{"name":"wp","href":"https:\/\/api.w.org\/{rel}","templated":true}]}}