{"id":25927,"date":"2025-09-01T08:31:32","date_gmt":"2025-09-01T08:31:32","guid":{"rendered":"https:\/\/www.maag-polska.pl\/obrzeza-meblowe\/d4-11-sonoma-oak\/"},"modified":"2025-09-01T09:11:18","modified_gmt":"2025-09-01T09:11:18","slug":"d4-11-sonoma-oak","status":"publish","type":"product","link":"https:\/\/www.maag-polska.pl\/ro\/obrzeza-meblowe\/d4-11-sonoma-oak\/","title":{"rendered":"Margini Mobilier D4\/11 SONOMA OAK"},"content":{"rendered":"<div>\n<p>Band\u0103 de margine din PVC de calitate profesional\u0103 \u00een nuan\u021ba D4\/11 D\u0104B SONOMA, fabricat\u0103 cu compu\u0219i din PVC pur pentru o protec\u021bie superioar\u0103 a marginilor. Dispune de o grosime de 2 mm cu toleran\u021b\u0103 de +\/- 0,02 mm, asigur\u00e2nd o potrivire precis\u0103 \u0219i risip\u0103 minim\u0103 de material \u00een timpul aplic\u0103rii. \u00cembun\u0103t\u0103\u021bit cu aditivi stabilizatori UV care men\u021bin consisten\u021ba culorii, prevenind \u00eeng\u0103lbenirea sau decolorarea la expunere prelungit\u0103. Structura suprafe\u021bei atinge o duritate de 38-42 Shore D, oferind o rezisten\u021b\u0103 excelent\u0103 la impact, men\u021bin\u00e2nd \u00een acela\u0219i timp flexibilitatea pentru aplica\u021biile curbate.<\/p>\n<p>Proiectat special pentru materialele moderne de prelucrare a lemnului \u0219i liniile de produc\u021bie de mobilier \u00een care finisajele din stejar Sonoma sunt predominante. Ideal pentru marginile dulapurilor de buc\u0103t\u0103rie, mobilierului de birou \u0219i unit\u0103\u021bilor de afi\u0219are de v\u00e2nzare cu am\u0103nuntul care necesit\u0103 o estetic\u0103 consistent\u0103 a lemnului. Propriet\u0103\u021bile tehnice ale materialului \u00eel fac deosebit de potrivit pentru mediile comerciale cu trafic intens, unde durabilitatea marginilor este crucial\u0103. Perfect at\u00e2t pentru aplica\u021bii de band\u0103 de margine \u00een linie dreapt\u0103, c\u00e2t \u0219i pentru contur, oferind produc\u0103torilor de mobil\u0103 viteze optime de procesare de 12-18 m\/min.<\/p>\n<\/div>\n","protected":false},"excerpt":{"rendered":"<p>16,1*; 19&#215;0,6*; 22&#215;0,6; 22&#215;0,8; 22&#215;1; 22&#215;2; 28&#215;1*; 28&#215;2*; 32&#215;2*; 35&#215;1*; 42&#215;08; 42&#215;2<\/p>\n","protected":false},"featured_media":23990,"comment_status":"closed","ping_status":"open","template":"","meta":{"_acf_changed":false},"product_brand":[],"product_cat":[1209],"product_tag":[],"class_list":{"0":"post-25927","1":"product","2":"type-product","3":"status-publish","4":"has-post-thumbnail","6":"product_cat-margini-mobilier","8":"first","9":"instock","10":"product-type-simple"},"acf":[],"_links":{"self":[{"href":"https:\/\/www.maag-polska.pl\/ro\/wp-json\/wp\/v2\/product\/25927","targetHints":{"allow":["GET"]}}],"collection":[{"href":"https:\/\/www.maag-polska.pl\/ro\/wp-json\/wp\/v2\/product"}],"about":[{"href":"https:\/\/www.maag-polska.pl\/ro\/wp-json\/wp\/v2\/types\/product"}],"replies":[{"embeddable":true,"href":"https:\/\/www.maag-polska.pl\/ro\/wp-json\/wp\/v2\/comments?post=25927"}],"wp:featuredmedia":[{"embeddable":true,"href":"https:\/\/www.maag-polska.pl\/ro\/wp-json\/wp\/v2\/media\/23990"}],"wp:attachment":[{"href":"https:\/\/www.maag-polska.pl\/ro\/wp-json\/wp\/v2\/media?parent=25927"}],"wp:term":[{"taxonomy":"product_brand","embeddable":true,"href":"https:\/\/www.maag-polska.pl\/ro\/wp-json\/wp\/v2\/product_brand?post=25927"},{"taxonomy":"product_cat","embeddable":true,"href":"https:\/\/www.maag-polska.pl\/ro\/wp-json\/wp\/v2\/product_cat?post=25927"},{"taxonomy":"product_tag","embeddable":true,"href":"https:\/\/www.maag-polska.pl\/ro\/wp-json\/wp\/v2\/product_tag?post=25927"}],"curies":[{"name":"wp","href":"https:\/\/api.w.org\/{rel}","templated":true}]}}